{"id":1421,"date":"2020-05-12T03:43:04","date_gmt":"2020-05-12T01:43:04","guid":{"rendered":"https:\/\/skywavenstudios.com\/ueber\/"},"modified":"2026-04-12T10:31:42","modified_gmt":"2026-04-12T08:31:42","slug":"ueber","status":"publish","type":"page","link":"https:\/\/www.skywavenstudios.com\/de\/ueber\/","title":{"rendered":"\u00dcber"},"content":{"rendered":"\n<div class=\"inherit-container-width wp-block-group alignfull is-layout-constrained wp-block-group-is-layout-constrained\"><div class=\"wp-block-group__inner-container\">\n<div class=\"wp-block-columns is-layout-flex wp-container-core-columns-is-layout-28f84493 wp-block-columns-is-layout-flex\">\n<div class=\"wp-block-column is-layout-flow wp-block-column-is-layout-flow\">\n<figure class=\"wp-block-image size-large is-style-default\"><img decoding=\"async\" width=\"768\" height=\"1024\" src=\"https:\/\/www.skywavenstudios.com\/wp-content\/uploads\/2021\/10\/portrait_sebastien-768x1024.jpg\" alt=\"Sebastian Kech-Portr&#xE4;t\" class=\"wp-image-1992\" srcset=\"https:\/\/www.skywavenstudios.com\/wp-content\/uploads\/2021\/10\/portrait_sebastien-768x1024.jpg 768w, https:\/\/www.skywavenstudios.com\/wp-content\/uploads\/2021\/10\/portrait_sebastien-300x400.jpg 300w, https:\/\/www.skywavenstudios.com\/wp-content\/uploads\/2021\/10\/portrait_sebastien-600x800.jpg 600w, https:\/\/www.skywavenstudios.com\/wp-content\/uploads\/2021\/10\/portrait_sebastien-225x300.jpg 225w, https:\/\/www.skywavenstudios.com\/wp-content\/uploads\/2021\/10\/portrait_sebastien.jpg 900w\" sizes=\"(max-width: 768px) 100vw, 768px\" \/><\/figure>\n\n\n\n<h2 class=\"wp-block-heading\">Internationale Auszeichnungen<\/h2>\n\n\n\n<ul class=\"wp-block-list\">\n<li><strong>2025 \u2013 Fine Art Photography Awards<\/strong>\n<ul class=\"wp-block-list\">\n<li>Nominiert in der Kategorie Landschaft \u2013 Professional \u2013 f\u00fcr den Beitrag <em><a href=\"https:\/\/fineartphotoawards.com\/winners-gallery\/fapa-2025-2026\/professional\/landscape\/hm\/23815\" rel=\"nofollow noopener\" target=\"_blank\">\u201eGr\u00fcnt\u00f6ne\u201c<\/a><\/em><\/li>\n\n\n\n<li>Nominiert in der Kategorie Landschaft \u2013 Professional \u2013 f\u00fcr den Beitrag <em><a href=\"https:\/\/fineartphotoawards.com\/winners-gallery\/fapa-2025-2026\/professional\/landscape\/hm\/23817\" rel=\"nofollow noopener\" target=\"_blank\">\u201eDer durchbohrte Felsen\u201c<\/a><\/em><\/li>\n\n\n\n<li>Nominiert in der Kategorie Natur \u2013 Professional \u2013 f\u00fcr den Beitrag <em><a href=\"https:\/\/fineartphotoawards.com\/winners-gallery\/fapa-2025-2026\/professional\/nature\/hm\/23878\" rel=\"nofollow noopener\" target=\"_blank\">\u201eFeensommer\u201c<\/a><\/em><\/li>\n<\/ul>\n<\/li>\n\n\n\n<li><strong>2025 \u2013 Annual Photography Awards<\/strong>\n<ul class=\"wp-block-list\">\n<li>Lobende Erw\u00e4hnung in Natur\/Landschaften \u2013 Professional \u2013 f\u00fcr den Beitrag <em><a href=\"https:\/\/annualphotoawards.com\/winners\/annual-photography-awards-2025\/award\/nature\/landscapes\/honorable-mention\/4111\" rel=\"nofollow noopener\" target=\"_blank\">\u201eFeensommer\u201c<\/a><\/em><\/li>\n\n\n\n<li>Lobende Erw\u00e4hnung in Natur\/Landschaften \u2013 Professional \u2013 f\u00fcr den Beitrag <em><a href=\"https:\/\/annualphotoawards.com\/winners\/annual-photography-awards-2025\/award\/nature\/landscapes\/honorable-mention\/4134\" rel=\"nofollow noopener\" target=\"_blank\">\u201eDer durchbohrte Felsen\u201c<\/a><\/em><\/li>\n\n\n\n<li>Lobende Erw\u00e4hnung in Natur\/B\u00e4ume &amp; Blumen \u2013 Professional \u2013 f\u00fcr den Beitrag <em><a href=\"https:\/\/annualphotoawards.com\/winners\/annual-photography-awards-2025\/award\/nature\/trees-flowers\/honorable-mention\/4191\" rel=\"nofollow noopener\" target=\"_blank\">\u201eAufgehellter Wald\u201c<\/a><\/em><\/li>\n<\/ul>\n<\/li>\n\n\n\n<li><strong>2025 &#8211; Chromatic Awards<\/strong>\n<ul class=\"wp-block-list\">\n<li>Lobende Erw\u00e4hnung in der Kategorie Landschaften &#8211; Professionelle Kategorie &#8211; f\u00fcr den Beitrag <em><a href=\"https:\/\/chromaticawards.com\/winners-gallery\/chromatic-awards-2025\/professional\/landscapes\/hm\/7579\" rel=\"nofollow noopener\" target=\"_blank\">\u201eSandwalk\u201c<\/a><\/em><\/li>\n\n\n\n<li>Lobende Erw\u00e4hnung in der Kategorie Natur &#8211; Professionelle Kategorie &#8211; f\u00fcr den Beitrag <em><a href=\"https:\/\/chromaticawards.com\/winners-gallery\/chromatic-awards-2025\/professional\/nature\/hm\/7626\" rel=\"nofollow noopener\" target=\"_blank\">\u201eFairy summer\u201c<\/a><\/em><\/li>\n<\/ul>\n<\/li>\n\n\n\n<li><strong>2025 &#8211; Prix de la Photographie Paris (PX3)<\/strong>\n<ul class=\"wp-block-list\">\n<li>Lobende Erw\u00e4hnung in der Kategorie Natur\/Tierwelt \u2013 Professionell f\u00fcr den Beitrag <em><a href=\"https:\/\/px3.fr\/winners\/hm\/2025\/1-122217-25\" rel=\"nofollow noopener\" target=\"_blank\">\u201eAm Stamm klammernd\u201c<\/a><\/em><\/li>\n\n\n\n<li>Lobende Erw\u00e4hnung in der Kategorie Natur\/Jahreszeiten \u2013 Professionell f\u00fcr den Beitrag <em><a href=\"https:\/\/px3.fr\/winners\/hm\/2025\/1-122216-25\/\" rel=\"nofollow noopener\" target=\"_blank\">\u201eFr\u00fchlingsflammen\u201c<\/a><\/em><\/li>\n\n\n\n<li>Lobende Erw\u00e4hnung in der Kategorie Natur\/Sonnenaufgang\/Sonnenuntergang \u2013 Professionell f\u00fcr den Beitrag <em><a href=\"https:\/\/px3.fr\/winners\/hm\/2025\/1-122214-25\/\" rel=\"nofollow noopener\" target=\"_blank\">\u201eKiefernformen\u201c<\/a><\/em><\/li>\n<\/ul>\n<\/li>\n\n\n\n<li><strong>2025 &#8211; Minimalistische Fotografie Auszeichnungen<\/strong>\n<ul class=\"wp-block-list\">\n<li>Ehrenvolle Erw\u00e4hnung in der Kategorie Fine Art &#8211; Profesionnal f\u00fcr den Beitrag <em><a href=\"https:\/\/minimalistphotographyawards.com\/2025\/08\/22\/cross-the-sky\/\" rel=\"nofollow noopener\" target=\"_blank\">&#8222;\u00dcberqueren Sie den Himmel&#8220;<\/a><\/em><\/li>\n<\/ul>\n<\/li>\n\n\n\n<li><strong>2025 &#8211; Europ\u00e4ischer Preis f\u00fcr Fotografie (EPA)<\/strong>\n<ul class=\"wp-block-list\">\n<li><strong>Gold Gewinner 2025<\/strong> in der Kategorie Frankreich Fotografie &#8211; Landschaft &#8211; Professionell &#8211; f\u00fcr den Beitrag <em><a href=\"https:\/\/europeanphotoawards.com\/winner-info.php?id=4985\" rel=\"nofollow noopener\" target=\"_blank\">&#8222;Sandwalk&#8220;<\/a><\/em><\/li>\n\n\n\n<li>Lobende Erw\u00e4hnung in der Kategorie Fine Art &#8211; Landscape &#8211; Professional f\u00fcr den Beitrag <em><a href=\"https:\/\/europeanphotoawards.com\/winner-info.php?id=4987\" rel=\"nofollow noopener\" target=\"_blank\">&#8222;Gesegnete Felder&#8220;<\/a><\/em><\/li>\n\n\n\n<li>Ehrenvolle Erw\u00e4hnung in der Kategorie Fine Art &#8211; Golden Hour &#8211; Professional f\u00fcr den Beitrag <em><a href=\"https:\/\/europeanphotoawards.com\/winner-info.php?id=4986\" rel=\"nofollow noopener\" target=\"_blank\">&#8222;Kieferformen&#8220;<\/a><\/em><\/li>\n<\/ul>\n<\/li>\n\n\n\n<li><strong>2025 &#8211; Internationale Preise f\u00fcr Fotografie (IPA)<\/strong>\n<ul class=\"wp-block-list\">\n<li>Ehrenvolle Erw\u00e4hnung in der Kategorie Natur-Jahreszeiten &#8211; Professionell &#8211; f\u00fcr den Beitrag <em><a href=\"https:\/\/photoawards.com\/winner\/zoom.php?eid=8-1722605981-25\" rel=\"nofollow noopener\" target=\"_blank\">&#8222;Fr\u00fchlingsflammen&#8220;<\/a><\/em><\/li>\n\n\n\n<li>Offizielle Auswahl in der Kategorie Natur-Landschaft &#8211; Professionell &#8211; f\u00fcr den Beitrag <em><a href=\"https:\/\/www.photoawards.com\/winner\/zoom.php?eid=8-1722605985-25\" rel=\"nofollow noopener\" target=\"_blank\">&#8222;Kiefernformen&#8220;<\/a><\/em><\/li>\n\n\n\n<li>Offizielle Auswahl in der Kategorie Natur-Sonnenaufgang \/ Sonnenuntergang &#8211; Professional &#8211; f\u00fcr den Beitrag <em><a href=\"https:\/\/www.photoawards.com\/winner\/zoom.php?eid=8-1722605982-25\" rel=\"nofollow noopener\" target=\"_blank\">&#8222;Sandwalk&#8220;<\/a><\/em><\/li>\n<\/ul>\n<\/li>\n\n\n\n<li><strong>2025 &#8211; reFocus Auszeichnungen<\/strong>\n<ul class=\"wp-block-list\">\n<li>Nominiert im Wettbewerb Farbfotografie &#8211; Minimalismus &#8211; Kategorie Professional &#8211; f\u00fcr den Beitrag <em><a href=\"https:\/\/refocus-awards.com\/contests\/winners\/color?entry_level=PROFESSIONAL&amp;q=kech&amp;entry=spring-flames\" rel=\"nofollow noopener\" target=\"_blank\">&#8222;Fr\u00fchlingsflammen&#8220;<\/a><\/em><\/li>\n<\/ul>\n<\/li>\n\n\n\n<li><strong>2024 &#8211; Auszeichnungen f\u00fcr Kunstfotografie (FAPA)<\/strong>\n<ul class=\"wp-block-list\">\n<li>Nominiert in der Kategorie Natur &#8211; Professionell &#8211; f\u00fcr den Eintrag <em><a href=\"https:\/\/fineartphotoawards.com\/winners-gallery\/fapa-2024-2025\/professional\/nature\/hm\/22160\" rel=\"nofollow noopener\" target=\"_blank\">&#8222;Stangala Baldachin&#8220;<\/a><\/em><\/li>\n\n\n\n<li>Nominiert in der Kategorie Reisen &#8211; Professionell &#8211; f\u00fcr den Eintrag <em><a href=\"https:\/\/fineartphotoawards.com\/winners-gallery\/fapa-2024-2025\/professional\/travel\/hm\/22492\" data-type=\"link\" data-id=\"https:\/\/fineartphotoawards.com\/winners-gallery\/fapa-2024-2025\/professional\/travel\/hm\/22492\" rel=\"nofollow noopener\" target=\"_blank\">&#8222;Sonnenuntergang am Strand von Marshall&#8220;<\/a><\/em><\/li>\n\n\n\n<li>Nominiert in der Kategorie Landschaft &#8211; Professionell &#8211; f\u00fcr den Eintrag <em><a href=\"https:\/\/fineartphotoawards.com\/winners-gallery\/fapa-2024-2025\/professional\/landscape\/hm\/22117\" rel=\"nofollow noopener\" target=\"_blank\">&#8222;Felsen-Sonnenuhr&#8220;<\/a><\/em><\/li>\n<\/ul>\n<\/li>\n\n\n\n<li><strong>2024 &#8211; Monochrome Auszeichnungen<\/strong>\n<ul class=\"wp-block-list\">\n<li>Lobende Erw\u00e4hnung in der Kategorie Street &#8211; Professional &#8211; f\u00fcr den Beitrag <em><a href=\"https:\/\/monoawards.com\/winners-gallery\/monochrome-awards-2024\/professional\/street\/hm\/20783\" rel=\"nofollow noopener\" target=\"_blank\">&#8222;Allegorie der Covid-Prozession&#8220;<\/a><\/em><\/li>\n\n\n\n<li>Lobende Erw\u00e4hnung in der Kategorie Wildlife &#8211; Professional &#8211; f\u00fcr den Beitrag <em><a href=\"https:\/\/monoawards.com\/winners-gallery\/monochrome-awards-2024\/professional\/wildlife\/hm\/20875\" rel=\"nofollow noopener\" target=\"_blank\">&#8222;Darth-Hirsch&#8220;<\/a><\/em><\/li>\n<\/ul>\n<\/li>\n\n\n\n<li><strong>2024 &#8211; Chromatic Awards<\/strong>\n<ul class=\"wp-block-list\">\n<li>Lobende Erw\u00e4hnung in der Kategorie Natur &#8211; Professionell &#8211; f\u00fcr den Beitrag <em><a href=\"https:\/\/chromaticawards.com\/winners-gallery\/chromatic-awards-2024\/professional\/nature\/hm\/6887\" rel=\"nofollow noopener\" target=\"_blank\">&#8222;Felsen-Sonnenuhr&#8220;<\/a><\/em><\/li>\n\n\n\n<li>Lobende Erw\u00e4hnung in der Kategorie Natur &#8211; Professionell &#8211; f\u00fcr den Beitrag <em><a href=\"https:\/\/chromaticawards.com\/winners-gallery\/chromatic-awards-2024\/professional\/nature\/hm\/6889\" rel=\"nofollow noopener\" target=\"_blank\">&#8222;Nebliger Tag in Stangala&#8220;<\/a><\/em><\/li>\n\n\n\n<li>Lobende Erw\u00e4hnung in der Kategorie Landschaften &#8211; Profi &#8211; f\u00fcr den Beitrag <em><a href=\"https:\/\/chromaticawards.com\/winners-gallery\/chromatic-awards-2024\/professional\/landscapes\/hm\/6869\" rel=\"nofollow noopener\" target=\"_blank\">&#8222;Wei\u00dfe Wellen&#8220;<\/a><\/em><\/li>\n\n\n\n<li>Lobende Erw\u00e4hnung in der Kategorie Fine Art &#8211; Professional &#8211; f\u00fcr den Beitrag <em><a href=\"https:\/\/chromaticawards.com\/winners-gallery\/chromatic-awards-2024\/professional\/fine-art\/hm\/6838\" rel=\"nofollow noopener\" target=\"_blank\">&#8222;Stangala Baldachin&#8220;<\/a><\/em><\/li>\n<\/ul>\n<\/li>\n\n\n\n<li><strong>2024 &#8211; reFocus Awards<\/strong>\n<ul class=\"wp-block-list\">\n<li>Nominiert im Wettbewerb f\u00fcr Schwarz-Wei\u00df-Fotografie &#8211; Landschaften &#8211; Kategorie Professional &#8211; f\u00fcr den Beitrag <em><a href=\"https:\/\/refocus-awards.com\/entry\/clouds-ocean\" rel=\"nofollow noopener\" target=\"_blank\">&#8222;Clouds ocean&#8220;<\/a><\/em><\/li>\n<\/ul>\n<\/li>\n\n\n\n<li><strong>2024 &#8211; Prix de la Photographie Paris (PX3)<\/strong>\n<ul class=\"wp-block-list\">\n<li>Lobende Erw\u00e4hnung in der Kategorie Natur\/Sonnenuntergang\/Sonnenaufgang &#8211; Professionell &#8211; f\u00fcr den Beitrag <em><a href=\"https:\/\/px3.fr\/winners\/hm\/2024\/1-118438-24\/\" rel=\"nofollow noopener\" target=\"_blank\">&#8222;Felsen-Sonnenuhr&#8220;<\/a><\/em><\/li>\n<\/ul>\n<\/li>\n\n\n\n<li><strong>2024 &#8211; Neutral Density Photography Awards (ND Awards)<\/strong>\n<ul class=\"wp-block-list\">\n<li>Lobende Erw\u00e4hnung in der Kategorie Natur &#8211; Landschaften &#8211; Professionell &#8211; f\u00fcr den Beitrag <em><a href=\"https:\/\/ndawards.net\/winners-gallery\/nd-awards-2024\/professional\/landscapes\/hm\/21116\/\" rel=\"nofollow noopener\" target=\"_blank\">&#8222;Stangala Baldachin&#8220;<\/a><\/em><\/li>\n\n\n\n<li>Lobende Erw\u00e4hnung in der Kategorie Natur &#8211; Landschaften &#8211; Professionell &#8211; f\u00fcr den Beitrag <em><a href=\"https:\/\/ndawards.net\/winners-gallery\/nd-awards-2024\/professional\/landscapes\/hm\/21111\/\" rel=\"nofollow noopener\" target=\"_blank\">&#8222;Nebliger Tag in Stangala&#8220;<\/a><\/em><\/li>\n\n\n\n<li>Lobende Erw\u00e4hnung in der Kategorie Architektur &#8211; Br\u00fccken &#8211; Professionelle Kategorie &#8211; f\u00fcr den Beitrag <em><a href=\"https:\/\/ndawards.net\/winners-gallery\/nd-awards-2024\/professional\/bridges\/hm\/20760\/\" rel=\"nofollow noopener\" target=\"_blank\">&#8222;Golden Gate Wellen&#8220;<\/a><\/em><\/li>\n<\/ul>\n<\/li>\n\n\n\n<li><strong>2024 &#8211; European Photography Awards (EPA)<\/strong>\n<ul class=\"wp-block-list\">\n<li>Lobende Erw\u00e4hnung in der Kategorie Landschaftsfotografie &#8211; Frankreich &#8211; Professionell f\u00fcr den Beitrag <em><a href=\"https:\/\/europeanphotoawards.com\/winner-info.php?id=3583\" rel=\"nofollow noopener\" target=\"_blank\">&#8222;Felsen-Sonnenuhr&#8220;<\/a><\/em><\/li>\n<\/ul>\n<\/li>\n\n\n\n<li><strong>2023 &#8211; Auszeichnungen f\u00fcr Kunstfotografie (FAPA<\/strong>)\n<ul class=\"wp-block-list\">\n<li>Nominiert in der Kategorie Landscape professional f\u00fcr den Beitrag <em><a href=\"https:\/\/fineartphotoawards.com\/winners-gallery\/fapa-2023-2024\/professional\/landscape\/hm\/20474\" rel=\"nofollow noopener\" target=\"_blank\">&#8222;Wald des Zauberers&#8220;<\/a><\/em><\/li>\n\n\n\n<li>Nominiert in der Kategorie Landscape professional f\u00fcr den Beitrag <em><a href=\"https:\/\/fineartphotoawards.com\/winners-gallery\/fapa-2023-2024\/professional\/landscape\/hm\/20449\" rel=\"nofollow noopener\" target=\"_blank\">&#8222;Farne im Chaos&#8220;<\/a><\/em><\/li>\n<\/ul>\n<\/li>\n\n\n\n<li><strong>2023 &#8211; Chromatic Awards<\/strong>\n<ul class=\"wp-block-list\">\n<li>Lobende Erw\u00e4hnung in der Kategorie Landschaften &#8211; Professionell &#8211; f\u00fcr den Beitrag <em><a href=\"https:\/\/chromaticawards.com\/winners-gallery\/chromatic-awards-2023\/professional\/landscapes\/hm\/5805\" rel=\"nofollow noopener\" target=\"_blank\">&#8222;Bogen aus Gr\u00fcn&#8220;<\/a><\/em><\/li>\n\n\n\n<li>Lobende Erw\u00e4hnung in der Kategorie Natur &#8211; Professionell &#8211; f\u00fcr den Beitrag <em><a href=\"https:\/\/chromaticawards.com\/winners-gallery\/chromatic-awards-2023\/professional\/nature\/hm\/5829\" rel=\"nofollow noopener\" target=\"_blank\">&#8222;Farne im Chaos&#8220;<\/a><\/em><\/li>\n<\/ul>\n<\/li>\n<\/ul>\n\n\n\n<p><\/p>\n<\/div>\n\n\n\n<div class=\"wp-block-column is-layout-flow wp-block-column-is-layout-flow\" style=\"flex-basis:2%\"><\/div>\n\n\n\n<div class=\"wp-block-column is-vertically-aligned-center is-layout-flow wp-block-column-is-layout-flow\">\n<h2 class=\"wp-block-heading\">\u00dcber mich<\/h2>\n\n\n\n<p>Ob es darum geht, Ihr Interieur zu dekorieren, sich mit sch\u00f6nen Bildern auf Ihrer Website zu profilieren oder ein sch\u00f6nes Geschenk anzubieten, ich berate Sie gerne und liefere Ihnen <strong>ein einzigartiges und ma\u00dfgeschneidertes Objekt<\/strong>.<\/p>\n\n\n\n<p>Die auf meiner Website angebotenen <strong>Fine-Art-Fotografien<\/strong>, die alle von mir fotografiert und bearbeitet wurden, werden in Zusammenarbeit mit einem <strong>Labor<\/strong> gedruckt <strong>, das auf den Druck von Fine-Art-Fotografien spezialisiert ist<\/strong>. In allen Phasen, von der Aufnahme bis zur Auslieferung, wird mit gr\u00f6\u00dfter Sorgfalt vorgegangen, um Ihnen die beste Bildqualit\u00e4t zu bieten. Sie sind nummeriert und signiert und in einer <strong>limitierten Auflage<\/strong> von 20 Exemplaren weltweit erh\u00e4ltlich.<\/p>\n\n\n\n<p>Auf Anfrage ist auch die <strong>\u00dcbertragung von Urheberrechten <\/strong>f\u00fcr bestimmte Fotos zur Illustration von B\u00fcchern, Zeitschriften, Websites oder f\u00fcr Ausstellungen m\u00f6glich&#8230;<\/p>\n\n\n\n<p>Solange ich denken kann, bin ich neugierig auf die Welt um mich herum und lerne st\u00e4ndig dazu. Meine wissenschaftliche Ausbildung als Geophysikerin und mein langj\u00e4hriges Interesse an Kunst, Literatur und Poesie inspirieren mich, die Welt mit der Kamera zu beobachten. Meine Herausforderung bei Covid Lockdown war es, ein Profi zu werden, und nach einigen Studien und Pr\u00fcfungen war es f\u00fcr mich ein gro\u00dfer pers\u00f6nlicher Erfolg, im Sommer 2021 meinen Abschluss mit Auszeichnung zu machen. Seitdem habe ich mehrere Preise bei renommierten internationalen Wettbewerben f\u00fcr professionelle Fotografie in den Kategorien Landschaften, Natur, Schwarz-Wei\u00df und Architektur gewonnen.<\/p>\n\n\n\n<p>Mein wissenschaftlicher Hintergrund hat mir ein tiefes Verst\u00e4ndnis f\u00fcr die nat\u00fcrlichen Kr\u00e4fte vermittelt, die unsere Erde formen, und er bereichert meine Herangehensweise an die Fotografie, die es mir erm\u00f6glicht, die Magie zu enth\u00fcllen, die hinter jeder Landschaft, jedem Felsen und jeder Wolke verborgen ist.<\/p>\n\n\n\n<p>Inspiriert von den Meistern der Malerei, die die Kunst des Helldunkels beherrschten, versuche ich, Bilder zu schaffen, die das Wesen von Licht und Schatten einfangen und Landschaften zum Leben erwecken, die direkt aus einem Traum zu stammen scheinen. Jede Aufnahme ist eine Leinwand, und jeder Moment ist eine Gelegenheit, die subtilen Details unseres Planeten zu erkunden und gleichzeitig eine einzigartige Geschichte zu erz\u00e4hlen.<\/p>\n\n\n\n<p>Mit meinen Fotos m\u00f6chte ich Sie auf diese visuellen Reisen mitnehmen und Sie die Emotionen jedes Ortes sp\u00fcren lassen, den ich einfange. Ich hoffe, dass meine Bilder Ihre eigene Neugierde wecken und Sie dazu inspirieren, unseren kostbaren Planeten zu erforschen, zu sch\u00fctzen und zu pflegen.<\/p>\n\n\n\n<p>Wenn das Wort Fotografie w\u00f6rtlich &#8222;mit dem Licht schreiben&#8220; bedeutet, dann ist diese T\u00e4tigkeit f\u00fcr mich ein perfekter Kompromiss, irgendwo zwischen Kunst und Wissenschaft. Denn letztendlich beruht die Fotografie auf den optischen Eigenschaften des Lichts und seiner ber\u00fchmten Dualit\u00e4t &#8222;Welle&#8220; und &#8222;Teilchen&#8220;, die von der Quantenmechanik beschrieben wird und f\u00fcr kreative Zwecke verwendet wird.<\/p>\n\n\n\n<p>Ziemlich metaphysische Gedanken, finden Sie nicht auch?<\/p>\n\n\n\n<h3 class=\"wp-block-heading\" id=\"sebastien-kech\">Sebastien Kech<\/h3>\n\n\n\n<p><em>Autorin Fotografin<\/em><br\/>Gr\u00fcnderin der Skywaven Studios<\/p>\n<\/div>\n<\/div>\n<\/div><\/div>\n\n<div class=\"inherit-container-width wp-block-group alignfull has-background is-layout-constrained wp-block-group-is-layout-constrained\" style=\"background-color:#e6f4f6\"><div class=\"wp-block-group__inner-container\">\n<div class=\"wp-block-columns has-background is-layout-flex wp-container-core-columns-is-layout-28f84493 wp-block-columns-is-layout-flex\" style=\"background-color:#e6f4f6\">\n<div class=\"wp-block-column is-layout-flow wp-block-column-is-layout-flow\">\n<h2 class=\"wp-block-heading\" id=\"prints\">Drucke<\/h2>\n\n\n\n<p>Besuchen Sie mein Portfolio online, w\u00e4hlen Sie Ihre Fotografie. Z\u00f6gern Sie nicht, sich mit mir in Verbindung zu setzen, ich kann Ihnen Ratschl\u00e4ge f\u00fcr das beste Format und Medium geben (Druckart, Papiersorte, Rahmentyp&#8230;)<\/p>\n<\/div>\n\n\n\n<div class=\"wp-block-column is-layout-flow wp-block-column-is-layout-flow\">\n<h2 class=\"wp-block-heading\" id=\"photography-services\">Dienstleistungen<\/h2>\n\n\n\n<ul class=\"wp-block-list\">\n<li>Fotodrucke der feinen Kunst<\/li>\n\n\n\n<li>Copyright-Zuweisungen<\/li>\n<\/ul>\n<\/div>\n\n\n\n<div class=\"wp-block-column is-layout-flow wp-block-column-is-layout-flow\">\n<h2 class=\"wp-block-heading\" id=\"my-values\">Werte<\/h2>\n\n\n\n<ul class=\"wp-block-list\">\n<li>Bleiben Sie neugierig und aufgeschlossen<\/li>\n\n\n\n<li>Lerne jeden Tag<\/li>\n\n\n\n<li>Beobachte die Welt<\/li>\n<\/ul>\n<\/div>\n<\/div>\n<\/div><\/div>\n\n<p><\/p>\n","protected":false},"excerpt":{"rendered":"<p>Internationale Auszeichnungen \u00dcber mich Ob es darum geht, Ihr Interieur zu dekorieren, sich mit sch\u00f6nen Bildern auf Ihrer Website zu profilieren oder ein sch\u00f6nes Geschenk anzubieten, ich berate Sie gerne und liefere Ihnen ein einzigartiges und ma\u00dfgeschneidertes Objekt. Die auf meiner Website angebotenen Fine-Art-Fotografien, die alle von mir fotografiert und bearbeitet wurden, werden in Zusammenarbeit [&hellip;]<\/p>\n","protected":false},"author":1,"featured_media":0,"parent":0,"menu_order":0,"comment_status":"closed","ping_status":"closed","template":"","meta":{"_uag_custom_page_level_css":"","site-sidebar-layout":"no-sidebar","site-content-layout":"plain-container","ast-site-content-layout":"normal-width-container","site-content-style":"unboxed","site-sidebar-style":"unboxed","ast-global-header-display":"","ast-banner-title-visibility":"","ast-main-header-display":"","ast-hfb-above-header-display":"","ast-hfb-below-header-display":"","ast-hfb-mobile-header-display":"","site-post-title":"disabled","ast-breadcrumbs-content":"","ast-featured-img":"disabled","footer-sml-layout":"","ast-disable-related-posts":"","theme-transparent-header-meta":"disabled","adv-header-id-meta":"","stick-header-meta":"default","header-above-stick-meta":"","header-main-stick-meta":"","header-below-stick-meta":"","astra-migrate-meta-layouts":"default","ast-page-background-enabled":"default","ast-page-background-meta":{"desktop":{"background-color":"","background-image":"","background-repeat":"repeat","background-position":"center center","background-size":"auto","background-attachment":"scroll","background-type":"","background-media":"","overlay-type":"","overlay-color":"","overlay-opacity":"","overlay-gradient":""},"tablet":{"background-color":"","background-image":"","background-repeat":"repeat","background-position":"center center","background-size":"auto","background-attachment":"scroll","background-type":"","background-media":"","overlay-type":"","overlay-color":"","overlay-opacity":"","overlay-gradient":""},"mobile":{"background-color":"","background-image":"","background-repeat":"repeat","background-position":"center center","background-size":"auto","background-attachment":"scroll","background-type":"","background-media":"","overlay-type":"","overlay-color":"","overlay-opacity":"","overlay-gradient":""}},"ast-content-background-meta":{"desktop":{"background-color":"var(--ast-global-color-5)","background-image":"","background-repeat":"repeat","background-position":"center center","background-size":"auto","background-attachment":"scroll","background-type":"","background-media":"","overlay-type":"","overlay-color":"","overlay-opacity":"","overlay-gradient":""},"tablet":{"background-color":"var(--ast-global-color-5)","background-image":"","background-repeat":"repeat","background-position":"center center","background-size":"auto","background-attachment":"scroll","background-type":"","background-media":"","overlay-type":"","overlay-color":"","overlay-opacity":"","overlay-gradient":""},"mobile":{"background-color":"var(--ast-global-color-5)","background-image":"","background-repeat":"repeat","background-position":"center center","background-size":"auto","background-attachment":"scroll","background-type":"","background-media":"","overlay-type":"","overlay-color":"","overlay-opacity":"","overlay-gradient":""}},"footnotes":""},"class_list":["post-1421","page","type-page","status-publish","hentry"],"uagb_featured_image_src":{"full":false,"thumbnail":false,"medium":false,"medium_large":false,"large":false,"1536x1536":false,"2048x2048":false,"woocommerce_thumbnail":false,"woocommerce_single":false,"woocommerce_gallery_thumbnail":false},"uagb_author_info":{"display_name":"Sebastien Kech","author_link":"https:\/\/www.skywavenstudios.com\/de\/author\/skywavenstudiosgmail-com\/"},"uagb_comment_info":0,"uagb_excerpt":"Internationale Auszeichnungen \u00dcber mich Ob es darum geht, Ihr Interieur zu dekorieren, sich mit sch\u00f6nen Bildern auf Ihrer Website zu profilieren oder ein sch\u00f6nes Geschenk anzubieten, ich berate Sie gerne und liefere Ihnen ein einzigartiges und ma\u00dfgeschneidertes Objekt. Die auf meiner Website angebotenen Fine-Art-Fotografien, die alle von mir fotografiert und bearbeitet wurden, werden in Zusammenarbeit&hellip;","jetpack_sharing_enabled":true,"_links":{"self":[{"href":"https:\/\/www.skywavenstudios.com\/de\/wp-json\/wp\/v2\/pages\/1421","targetHints":{"allow":["GET"]}}],"collection":[{"href":"https:\/\/www.skywavenstudios.com\/de\/wp-json\/wp\/v2\/pages"}],"about":[{"href":"https:\/\/www.skywavenstudios.com\/de\/wp-json\/wp\/v2\/types\/page"}],"author":[{"embeddable":true,"href":"https:\/\/www.skywavenstudios.com\/de\/wp-json\/wp\/v2\/users\/1"}],"replies":[{"embeddable":true,"href":"https:\/\/www.skywavenstudios.com\/de\/wp-json\/wp\/v2\/comments?post=1421"}],"version-history":[{"count":16,"href":"https:\/\/www.skywavenstudios.com\/de\/wp-json\/wp\/v2\/pages\/1421\/revisions"}],"predecessor-version":[{"id":68649,"href":"https:\/\/www.skywavenstudios.com\/de\/wp-json\/wp\/v2\/pages\/1421\/revisions\/68649"}],"wp:attachment":[{"href":"https:\/\/www.skywavenstudios.com\/de\/wp-json\/wp\/v2\/media?parent=1421"}],"curies":[{"name":"wp","href":"https:\/\/api.w.org\/{rel}","templated":true}]}}