{"id":1481,"date":"2020-05-12T03:43:04","date_gmt":"2020-05-12T01:43:04","guid":{"rendered":"https:\/\/skywavenstudios.com\/dienstleistungen\/"},"modified":"2025-01-12T13:06:07","modified_gmt":"2025-01-12T12:06:07","slug":"themen","status":"publish","type":"page","link":"https:\/\/www.skywavenstudios.com\/de\/themen\/","title":{"rendered":"Themen"},"content":{"rendered":"\n<div class=\"inherit-container-width wp-block-group alignfull has-white-background-color has-background is-layout-constrained wp-block-group-is-layout-constrained\"><div class=\"wp-block-group__inner-container\">\n<div class=\"wp-block-media-text alignwide has-media-on-the-right is-stacked-on-mobile\"><div class=\"wp-block-media-text__content\">\n<h2 class=\"wp-block-heading\">Landschaft<\/h2>\n\n\n\n<p>Finden Sie die beste Zeit und den besten Blickwinkel, um das gew\u00fcnschte Foto aufzunehmen. Normalerweise arbeite ich in Farbe f\u00fcr die Landschaftsfotografie. Um jedoch bestimmte Szenen optimal zur Geltung zu bringen, verwende ich Schwarz-Wei\u00df.<\/p>\n\n\n\n<div class=\"wp-block-buttons is-layout-flex wp-block-buttons-is-layout-flex\">\n<div class=\"wp-block-button\"><a class=\"wp-block-button__link wp-element-button\" href=\"https:\/\/www.skywavenstudios.com\/envira\/landscape\/\" rel=\"#\">Galerie<\/a><\/div>\n<\/div>\n<\/div><figure class=\"wp-block-media-text__media\"><img decoding=\"async\" width=\"1024\" height=\"683\" src=\"https:\/\/www.skywavenstudios.com\/wp-content\/uploads\/2021\/12\/landscape_lac_noir-1-1024x683.jpg\" alt=\"Landschaftsfotografie\" class=\"wp-image-2635 size-full\" srcset=\"https:\/\/www.skywavenstudios.com\/wp-content\/uploads\/2021\/12\/landscape_lac_noir-1-1024x683.jpg 1024w, https:\/\/www.skywavenstudios.com\/wp-content\/uploads\/2021\/12\/landscape_lac_noir-1-300x200.jpg 300w, https:\/\/www.skywavenstudios.com\/wp-content\/uploads\/2021\/12\/landscape_lac_noir-1-600x400.jpg 600w, https:\/\/www.skywavenstudios.com\/wp-content\/uploads\/2021\/12\/landscape_lac_noir-1-768x512.jpg 768w, https:\/\/www.skywavenstudios.com\/wp-content\/uploads\/2021\/12\/landscape_lac_noir-1-1536x1024.jpg 1536w, https:\/\/www.skywavenstudios.com\/wp-content\/uploads\/2021\/12\/landscape_lac_noir-1-1320x880.jpg 1320w, https:\/\/www.skywavenstudios.com\/wp-content\/uploads\/2021\/12\/landscape_lac_noir-1.jpg 1800w\" sizes=\"(max-width: 1024px) 100vw, 1024px\" \/><\/figure><\/div>\n<\/div><\/div>\n\n<div class=\"inherit-container-width wp-block-group alignfull has-white-background-color has-background is-layout-constrained wp-block-group-is-layout-constrained\"><div class=\"wp-block-group__inner-container\">\n<div class=\"wp-block-media-text alignwide is-stacked-on-mobile\"><figure class=\"wp-block-media-text__media\"><img decoding=\"async\" width=\"1024\" height=\"683\" src=\"https:\/\/www.skywavenstudios.com\/wp-content\/uploads\/2021\/10\/street_life_genesis-1-1024x683.jpg\" alt=\"Paar geht die Br\u00fccke hinunter\" class=\"wp-image-1978 size-full\" srcset=\"https:\/\/www.skywavenstudios.com\/wp-content\/uploads\/2021\/10\/street_life_genesis-1-1024x683.jpg 1024w, https:\/\/www.skywavenstudios.com\/wp-content\/uploads\/2021\/10\/street_life_genesis-1-300x200.jpg 300w, https:\/\/www.skywavenstudios.com\/wp-content\/uploads\/2021\/10\/street_life_genesis-1-600x400.jpg 600w, https:\/\/www.skywavenstudios.com\/wp-content\/uploads\/2021\/10\/street_life_genesis-1-768x512.jpg 768w, https:\/\/www.skywavenstudios.com\/wp-content\/uploads\/2021\/10\/street_life_genesis-1.jpg 1200w\" sizes=\"(max-width: 1024px) 100vw, 1024px\" \/><\/figure><div class=\"wp-block-media-text__content\">\n<h2 class=\"wp-block-heading\">Stra\u00dfenleben<\/h2>\n\n\n\n<p>Warten Sie den richtigen Moment ab, um die perfekte Balance in der Komposition zu finden und das beste Licht und die beste Perspektive zu finden. Ich arbeite haupts\u00e4chlich in Schwarzwei\u00df f\u00fcr die Streetfotografie.<\/p>\n\n\n\n<div class=\"wp-block-buttons is-layout-flex wp-block-buttons-is-layout-flex\">\n<div class=\"wp-block-button\"><a class=\"wp-block-button__link wp-element-button\" href=\"https:\/\/www.skywavenstudios.com\/envira\/street-life\/\" rel=\"#\">Galerie<\/a><\/div>\n<\/div>\n<\/div><\/div>\n<\/div><\/div>\n\n<div class=\"inherit-container-width wp-block-group alignfull has-white-background-color has-background is-layout-constrained wp-block-group-is-layout-constrained\"><div class=\"wp-block-group__inner-container\">\n<div class=\"wp-block-media-text alignwide has-media-on-the-right is-stacked-on-mobile\"><div class=\"wp-block-media-text__content\">\n<h2 class=\"wp-block-heading\">Wildes Leben<\/h2>\n\n\n\n<p>Geduld, Geduld und Ruhe! Nach Hunderten von Versuchen hat man es pl\u00f6tzlich: das fotografische Kleinod eines wilden Tieres.<\/p>\n\n\n\n<div class=\"wp-block-buttons is-layout-flex wp-block-buttons-is-layout-flex\">\n<div class=\"wp-block-button\"><a class=\"wp-block-button__link wp-element-button\" href=\" &#10;https:\/\/www.skywavenstudios.com\/envira\/wildlife\/\" rel=\"#\">Galerie<\/a><\/div>\n<\/div>\n<\/div><figure class=\"wp-block-media-text__media\"><img decoding=\"async\" width=\"1024\" height=\"683\" src=\"https:\/\/www.skywavenstudios.com\/wp-content\/uploads\/2021\/12\/wildlife_photo-1024x683.jpg\" alt=\"\" class=\"wp-image-2626 size-full\" srcset=\"https:\/\/www.skywavenstudios.com\/wp-content\/uploads\/2021\/12\/wildlife_photo-1024x683.jpg 1024w, https:\/\/www.skywavenstudios.com\/wp-content\/uploads\/2021\/12\/wildlife_photo-300x200.jpg 300w, https:\/\/www.skywavenstudios.com\/wp-content\/uploads\/2021\/12\/wildlife_photo-600x400.jpg 600w, https:\/\/www.skywavenstudios.com\/wp-content\/uploads\/2021\/12\/wildlife_photo-768x512.jpg 768w, https:\/\/www.skywavenstudios.com\/wp-content\/uploads\/2021\/12\/wildlife_photo-1536x1024.jpg 1536w, https:\/\/www.skywavenstudios.com\/wp-content\/uploads\/2021\/12\/wildlife_photo-1320x880.jpg 1320w, https:\/\/www.skywavenstudios.com\/wp-content\/uploads\/2021\/12\/wildlife_photo.jpg 1800w\" sizes=\"(max-width: 1024px) 100vw, 1024px\" \/><\/figure><\/div>\n<\/div><\/div>\n\n<div class=\"inherit-container-width wp-block-group alignfull has-white-background-color has-background is-layout-constrained wp-block-group-is-layout-constrained\"><div class=\"wp-block-group__inner-container\">\n<div class=\"wp-block-media-text alignwide is-stacked-on-mobile\"><figure class=\"wp-block-media-text__media\"><img decoding=\"async\" width=\"1024\" height=\"683\" src=\"https:\/\/www.skywavenstudios.com\/wp-content\/uploads\/2021\/10\/architecture_ladefense_cityscape-1024x683.jpg\" alt=\"Architektur und Stadtbild\" class=\"wp-image-1958 size-full\" srcset=\"https:\/\/www.skywavenstudios.com\/wp-content\/uploads\/2021\/10\/architecture_ladefense_cityscape-1024x683.jpg 1024w, https:\/\/www.skywavenstudios.com\/wp-content\/uploads\/2021\/10\/architecture_ladefense_cityscape-300x200.jpg 300w, https:\/\/www.skywavenstudios.com\/wp-content\/uploads\/2021\/10\/architecture_ladefense_cityscape-600x400.jpg 600w, https:\/\/www.skywavenstudios.com\/wp-content\/uploads\/2021\/10\/architecture_ladefense_cityscape-768x512.jpg 768w, https:\/\/www.skywavenstudios.com\/wp-content\/uploads\/2021\/10\/architecture_ladefense_cityscape.jpg 1200w\" sizes=\"(max-width: 1024px) 100vw, 1024px\" \/><\/figure><div class=\"wp-block-media-text__content\">\n<h2 class=\"wp-block-heading\">Die Architektur<\/h2>\n\n\n\n<p>Architektur ist die beste Gelegenheit, um mit Linien, Symetrie, Formen und Licht zu arbeiten.<\/p>\n\n\n\n<div class=\"wp-block-buttons is-layout-flex wp-block-buttons-is-layout-flex\">\n<div class=\"wp-block-button\"><a class=\"wp-block-button__link wp-element-button\" href=\" &#10;https:\/\/www.skywavenstudios.com\/envira\/architecture\/\" rel=\"#\">Galerie<\/a><\/div>\n<\/div>\n<\/div><\/div>\n<\/div><\/div>\n\n<div class=\"inherit-container-width wp-block-group alignfull has-background is-layout-constrained wp-block-group-is-layout-constrained\" style=\"background-color:#e6f4f6\"><div class=\"wp-block-group__inner-container\">\n<h2 class=\"wp-block-heading has-text-align-center has-background\" style=\"background-color:#e6f4f6\">H\u00e4ufig gestellte Fragen<\/h2>\n\n\n\n<div class=\"wp-block-columns has-background is-layout-flex wp-container-core-columns-is-layout-28f84493 wp-block-columns-is-layout-flex\" style=\"background-color:#e6f4f6\">\n<div class=\"wp-block-column is-layout-flow wp-block-column-is-layout-flow\">\n<h4 class=\"wp-block-heading has-text-align-left\">Fotografieren Sie auch andere Dinge?<\/h4>\n\n\n\n<p class=\"has-text-align-left\">Ja, sicher. Es k\u00f6nnen gesellschaftliche oder pers\u00f6nliche Ereignisse, Denkm\u00e4ler, Gegenst\u00e4nde&#8230; <\/p>\n\n\n\n<h4 class=\"wp-block-heading has-text-align-left\">Bearbeiten Sie Ihre Fotos?<\/h4>\n\n\n\n<p class=\"has-text-align-left\">Ich fotografiere im RAW-Format und bearbeite meine Fotos, um die Szene zu vergr\u00f6\u00dfern. Aber es gibt immer eine Grenze. Meine Regel ist, das Foto durch subtile \u00c4nderungen zu verbessern und nicht in die Falle der \u00dcberbearbeitung zu tappen.<\/p>\n\n\n\n<h4 class=\"wp-block-heading has-text-align-left\">Haben Sie eine Ausr\u00fcstung f\u00fcr ein Fotostudio?<\/h4>\n\n\n\n<p class=\"has-text-align-left\">Ich habe Blitzlichter und Lichtmodifikatoren f\u00fcr die Studiofotografie.<\/p>\n<\/div>\n\n\n\n<div class=\"wp-block-column is-layout-flow wp-block-column-is-layout-flow\">\n<h4 class=\"wp-block-heading has-text-align-left\">Haben Sie irgendwelche Wettbewerbe gewonnen?<\/h4>\n\n\n\n<p class=\"has-text-align-left\">Gelegentlich habe ich einige meiner Fotos bei professionellen Fotowettbewerben eingereicht und bin bereits bei mehreren internationalen Wettbewerben ausgezeichnet worden.<\/p>\n\n\n\n<h4 class=\"wp-block-heading has-text-align-left\">Wer inspiriert Sie als Fotograf?<\/h4>\n\n\n\n<p class=\"has-text-align-left\">Ich interessiere mich sehr f\u00fcr Gem\u00e4lde und habe von ihnen viel \u00fcber Kompositionsregeln gelernt. Besonders Hell-Dunkel-Maler (Caravaggio, Rembrandt, Vermeer, Georges de La Tour&#8230;). Sie sind eine gro\u00dfe Inspirationsquelle f\u00fcr mich. Ich mag auch den Realismus einiger Maler wie Millet, Courbet oder Repine.<\/p>\n\n\n\n<p class=\"has-text-align-left\">Nat\u00fcrlich gibt es viele Fotografen, die ich bewundere, wie Willy Ronis, Fan Ho, Sebastiao Salgado, Hermann Landshoff, Elliot Erwitt, Cartier-Bresson und sein &#8222;entscheidender Moment&#8220;, Ansel Adams, Brassa\u00ef&#8230;<\/p>\n<\/div>\n<\/div>\n<\/div><\/div>\n\n<p><\/p>\n","protected":false},"excerpt":{"rendered":"<p>Landschaft Finden Sie die beste Zeit und den besten Blickwinkel, um das gew\u00fcnschte Foto aufzunehmen. Normalerweise arbeite ich in Farbe f\u00fcr die Landschaftsfotografie. Um jedoch bestimmte Szenen optimal zur Geltung zu bringen, verwende ich Schwarz-Wei\u00df. Stra\u00dfenleben Warten Sie den richtigen Moment ab, um die perfekte Balance in der Komposition zu finden und das beste Licht [&hellip;]<\/p>\n","protected":false},"author":1,"featured_media":0,"parent":0,"menu_order":0,"comment_status":"closed","ping_status":"closed","template":"","meta":{"_uag_custom_page_level_css":"","site-sidebar-layout":"no-sidebar","site-content-layout":"plain-container","ast-site-content-layout":"normal-width-container","site-content-style":"unboxed","site-sidebar-style":"unboxed","ast-global-header-display":"","ast-banner-title-visibility":"","ast-main-header-display":"","ast-hfb-above-header-display":"","ast-hfb-below-header-display":"","ast-hfb-mobile-header-display":"","site-post-title":"disabled","ast-breadcrumbs-content":"","ast-featured-img":"disabled","footer-sml-layout":"","ast-disable-related-posts":"","theme-transparent-header-meta":"default","adv-header-id-meta":"","stick-header-meta":"default","header-above-stick-meta":"","header-main-stick-meta":"","header-below-stick-meta":"","astra-migrate-meta-layouts":"default","ast-page-background-enabled":"default","ast-page-background-meta":{"desktop":{"background-color":"","background-image":"","background-repeat":"repeat","background-position":"center center","background-size":"auto","background-attachment":"scroll","background-type":"","background-media":"","overlay-type":"","overlay-color":"","overlay-opacity":"","overlay-gradient":""},"tablet":{"background-color":"","background-image":"","background-repeat":"repeat","background-position":"center center","background-size":"auto","background-attachment":"scroll","background-type":"","background-media":"","overlay-type":"","overlay-color":"","overlay-opacity":"","overlay-gradient":""},"mobile":{"background-color":"","background-image":"","background-repeat":"repeat","background-position":"center center","background-size":"auto","background-attachment":"scroll","background-type":"","background-media":"","overlay-type":"","overlay-color":"","overlay-opacity":"","overlay-gradient":""}},"ast-content-background-meta":{"desktop":{"background-color":"var(--ast-global-color-5)","background-image":"","background-repeat":"repeat","background-position":"center center","background-size":"auto","background-attachment":"scroll","background-type":"","background-media":"","overlay-type":"","overlay-color":"","overlay-opacity":"","overlay-gradient":""},"tablet":{"background-color":"var(--ast-global-color-5)","background-image":"","background-repeat":"repeat","background-position":"center center","background-size":"auto","background-attachment":"scroll","background-type":"","background-media":"","overlay-type":"","overlay-color":"","overlay-opacity":"","overlay-gradient":""},"mobile":{"background-color":"var(--ast-global-color-5)","background-image":"","background-repeat":"repeat","background-position":"center center","background-size":"auto","background-attachment":"scroll","background-type":"","background-media":"","overlay-type":"","overlay-color":"","overlay-opacity":"","overlay-gradient":""}},"footnotes":""},"class_list":["post-1481","page","type-page","status-publish","hentry"],"uagb_featured_image_src":{"full":false,"thumbnail":false,"medium":false,"medium_large":false,"large":false,"1536x1536":false,"2048x2048":false,"woocommerce_thumbnail":false,"woocommerce_single":false,"woocommerce_gallery_thumbnail":false},"uagb_author_info":{"display_name":"Sebastien Kech","author_link":"https:\/\/www.skywavenstudios.com\/de\/author\/skywavenstudiosgmail-com\/"},"uagb_comment_info":0,"uagb_excerpt":"Landschaft Finden Sie die beste Zeit und den besten Blickwinkel, um das gew\u00fcnschte Foto aufzunehmen. Normalerweise arbeite ich in Farbe f\u00fcr die Landschaftsfotografie. Um jedoch bestimmte Szenen optimal zur Geltung zu bringen, verwende ich Schwarz-Wei\u00df. Stra\u00dfenleben Warten Sie den richtigen Moment ab, um die perfekte Balance in der Komposition zu finden und das beste Licht&hellip;","jetpack_sharing_enabled":true,"_links":{"self":[{"href":"https:\/\/www.skywavenstudios.com\/de\/wp-json\/wp\/v2\/pages\/1481","targetHints":{"allow":["GET"]}}],"collection":[{"href":"https:\/\/www.skywavenstudios.com\/de\/wp-json\/wp\/v2\/pages"}],"about":[{"href":"https:\/\/www.skywavenstudios.com\/de\/wp-json\/wp\/v2\/types\/page"}],"author":[{"embeddable":true,"href":"https:\/\/www.skywavenstudios.com\/de\/wp-json\/wp\/v2\/users\/1"}],"replies":[{"embeddable":true,"href":"https:\/\/www.skywavenstudios.com\/de\/wp-json\/wp\/v2\/comments?post=1481"}],"version-history":[{"count":6,"href":"https:\/\/www.skywavenstudios.com\/de\/wp-json\/wp\/v2\/pages\/1481\/revisions"}],"predecessor-version":[{"id":65645,"href":"https:\/\/www.skywavenstudios.com\/de\/wp-json\/wp\/v2\/pages\/1481\/revisions\/65645"}],"wp:attachment":[{"href":"https:\/\/www.skywavenstudios.com\/de\/wp-json\/wp\/v2\/media?parent=1481"}],"curies":[{"name":"wp","href":"https:\/\/api.w.org\/{rel}","templated":true}]}}