{"id":64274,"date":"2024-12-24T15:02:29","date_gmt":"2024-12-24T14:02:29","guid":{"rendered":"https:\/\/www.skywavenstudios.com\/?post_type=product&#038;p=64274"},"modified":"2024-12-31T14:24:48","modified_gmt":"2024-12-31T13:24:48","slug":"ferns-in-the-chaos","status":"publish","type":"product","link":"https:\/\/www.skywavenstudios.com\/de\/produkt\/ferns-in-the-chaos\/","title":{"rendered":"Farne im Chaos"},"content":{"rendered":"<p>Dieses Foto wurde im Jahr 2023 vom internationalen Fotowettbewerb <strong><a href=\"https:\/\/chromaticawards.com\/winners-gallery\/chromatic-awards-2023\/professional\/nature\/hm\/5829\" rel=\"nofollow noopener\" target=\"_blank\">Chromatic Auszeichnungen<\/a><\/strong> mit einer <strong>lobenden Erw\u00e4hnung<\/strong> in der <strong>Sektion Professional, Kategorie Natur<\/strong>.<\/p>\n<p>Au\u00dferdem wurde es 2023 f\u00fcr den internationalen Fotowettbewerb nominiert <strong><a href=\"https:\/\/fineartphotoawards.com\/winners-gallery\/fapa-2023-2024\/professional\/landscape\/hm\/20449\" rel=\"nofollow noopener\" target=\"_blank\">Fine Art Photography Auszeichnungen<\/a><\/strong> in der <strong>Sektion Professional, Kategorie Landschaft<\/strong>.<\/p>\n<p>Fr\u00fchnebel im Fr\u00fchling im Wald von Huelgoat in der Bretagne, Frankreich. Ich habe dieses Foto im Mai 2023 aufgenommen.<br \/>\nUm diesen Wald ranken sich viele keltische Legenden. Es hei\u00dft, dass ein w\u00fctender Riese Steine in dieses Tal geworfen hat. Einige davon k\u00f6nnen Sie hier sehen.<br \/>\nIch hoffe, dass Sie durch diese Fotos auch ein wenig diese mystische Atmosph\u00e4re sp\u00fcren k\u00f6nnen, von der ich umgeben war.<br \/>\nBekommen Sie Lust, Merlin, den Zauberer, an der Biegung eines Felsens zu treffen?<\/p>\n","protected":false},"excerpt":{"rendered":"<p>Dieses Foto wurde im Jahr 2023 vom internationalen Fotowettbewerb Chromatic Auszeichnungen mit einer lobenden Erw\u00e4hnung in der Sektion Professional, Kategorie Natur. Au\u00dferdem wurde es 2023 f\u00fcr den internationalen Fotowettbewerb nominiert Fine Art Photography Auszeichnungen in der Sektion Professional, Kategorie Landschaft. Fr\u00fchnebel im Fr\u00fchling im Wald von Huelgoat in der Bretagne, Frankreich. Ich habe dieses Foto [&hellip;]<\/p>\n","protected":false},"featured_media":63614,"template":"","meta":{"_uag_custom_page_level_css":"","site-sidebar-layout":"default","site-content-layout":"default","ast-site-content-layout":"default","site-content-style":"default","site-sidebar-style":"default","ast-global-header-display":"","ast-banner-title-visibility":"","ast-main-header-display":"","ast-hfb-above-header-display":"","ast-hfb-below-header-display":"","ast-hfb-mobile-header-display":"","site-post-title":"","ast-breadcrumbs-content":"","ast-featured-img":"","footer-sml-layout":"","ast-disable-related-posts":"","theme-transparent-header-meta":"default","adv-header-id-meta":"","stick-header-meta":"default","header-above-stick-meta":"","header-main-stick-meta":"","header-below-stick-meta":"","astra-migrate-meta-layouts":"set","ast-page-background-enabled":"default","ast-page-background-meta":{"desktop":{"background-color":"","background-image":"","background-repeat":"repeat","background-position":"center center","background-size":"auto","background-attachment":"scroll","background-type":"","background-media":"","overlay-type":"","overlay-color":"","overlay-opacity":"","overlay-gradient":""},"tablet":{"background-color":"","background-image":"","background-repeat":"repeat","background-position":"center center","background-size":"auto","background-attachment":"scroll","background-type":"","background-media":"","overlay-type":"","overlay-color":"","overlay-opacity":"","overlay-gradient":""},"mobile":{"background-color":"","background-image":"","background-repeat":"repeat","background-position":"center center","background-size":"auto","background-attachment":"scroll","background-type":"","background-media":"","overlay-type":"","overlay-color":"","overlay-opacity":"","overlay-gradient":""}},"ast-content-background-meta":{"desktop":{"background-color":"var(--ast-global-color-5)","background-image":"","background-repeat":"repeat","background-position":"center center","background-size":"auto","background-attachment":"scroll","background-type":"","background-media":"","overlay-type":"","overlay-color":"","overlay-opacity":"","overlay-gradient":""},"tablet":{"background-color":"var(--ast-global-color-5)","background-image":"","background-repeat":"repeat","background-position":"center center","background-size":"auto","background-attachment":"scroll","background-type":"","background-media":"","overlay-type":"","overlay-color":"","overlay-opacity":"","overlay-gradient":""},"mobile":{"background-color":"var(--ast-global-color-5)","background-image":"","background-repeat":"repeat","background-position":"center center","background-size":"auto","background-attachment":"scroll","background-type":"","background-media":"","overlay-type":"","overlay-color":"","overlay-opacity":"","overlay-gradient":""}}},"product_brand":[],"product_cat":[484,513],"product_tag":[477,529],"class_list":{"0":"post-64274","1":"product","2":"type-product","3":"status-publish","4":"has-post-thumbnail","6":"product_cat-photo","7":"product_cat-photo-32-ratio","8":"product_tag-photo","9":"product_tag-landscape","10":"pa_aspect-ratio-411","11":"pa_size-extra-large","12":"pa_size-large","13":"pa_size-small","14":"pa_size-medium","15":"desktop-align-center","16":"tablet-align-center","17":"mobile-align-center","18":"ast-product-gallery-layout-horizontal-slider","19":"ast-product-gallery-with-no-image","20":"ast-product-tabs-layout-horizontal","22":"first","23":"instock","24":"taxable","25":"shipping-taxable","26":"purchasable","27":"product-type-composite"},"composite_virtual":false,"composite_layout":"paged","composite_add_to_cart_form_location":"default","composite_editable_in_cart":false,"composite_sold_individually_context":"product","composite_shop_price_calc":"min_max","composite_components":[{"id":"1643225493","title":"Drucken","description":"<p>Ausdruck des ausgew\u00e4hlten Fotos<\/p>\n","query_type":"category_ids","query_ids":[501],"default_option_id":9631,"thumbnail_id":"","thumbnail_src":"","quantity_min":1,"quantity_max":20,"priced_individually":true,"shipped_individually":false,"optional":false,"discount":"","options_style":"dropdowns","pagination_style":"classic","display_prices":"absolute","show_sorting_options":false,"show_filtering_options":false,"attribute_filter_ids":[],"select_action":"view","product_title_visible":true,"product_descr_visible":true,"product_price_visible":true,"product_thumb_visible":true,"subtotal_visible_product":true,"subtotal_visible_cart":true,"subtotal_visible_orders":true},{"id":"1643225494","title":"Rahmen","description":"<p>Rahmen, um das Foto hervorzuheben<\/p>\n","query_type":"product_ids","query_ids":[4360,7643,8402],"default_option_id":"","thumbnail_id":"","thumbnail_src":"","quantity_min":1,"quantity_max":"","priced_individually":true,"shipped_individually":false,"optional":true,"discount":"","options_style":"radios","pagination_style":"classic","display_prices":"absolute","show_sorting_options":false,"show_filtering_options":false,"attribute_filter_ids":[],"select_action":"view","product_title_visible":true,"product_descr_visible":true,"product_price_visible":true,"product_thumb_visible":true,"subtotal_visible_product":true,"subtotal_visible_cart":true,"subtotal_visible_orders":true}],"composite_scenarios":[{"id":"1643225752","name":"Frame visibility - 32 - S - Acrylic","description":"Enable\/disable the visibility of the frames selection","configuration":[{"component_id":"1643225493","options_modifier":"in","component_options":[9807]}],"actions":[{"action_id":"compat_group","is_active":false},{"action_id":"conditional_components","is_active":false,"hidden_components":[]},{"action_id":"conditional_options","is_active":true,"hidden_options":[{"component_id":"1643225494","component_options":[-1,8356,8606],"options_modifier":"not-in"}]}],"enabled":true},{"id":"1643227238","name":"Frame visibility - 32 - M - Acrylic","description":"Enable\/disable the visibility of the frames selection","configuration":[{"component_id":"1643225493","options_modifier":"in","component_options":[9804]}],"actions":[{"action_id":"compat_group","is_active":false},{"action_id":"conditional_components","is_active":false,"hidden_components":[]},{"action_id":"conditional_options","is_active":true,"hidden_options":[{"component_id":"1643225494","component_options":[-1,8355,8660],"options_modifier":"not-in"}]}],"enabled":true},{"id":"1643227239","name":"Frame visibility - 32 - L - Acrylic","description":"","configuration":[{"component_id":"1643225493","options_modifier":"in","component_options":[9801]}],"actions":[{"action_id":"compat_group","is_active":false},{"action_id":"conditional_components","is_active":false,"hidden_components":[]},{"action_id":"conditional_options","is_active":true,"hidden_options":[{"component_id":"1643225494","component_options":[-1,8354,8602],"options_modifier":"not-in"}]}],"enabled":true},{"id":"1643227240","name":"Frame visibility - 32 - XL - Acrylic","description":"","configuration":[{"component_id":"1643225493","options_modifier":"in","component_options":[9798]}],"actions":[{"action_id":"compat_group","is_active":false},{"action_id":"conditional_components","is_active":false,"hidden_components":[]},{"action_id":"conditional_options","is_active":true,"hidden_options":[{"component_id":"1643225494","component_options":[-1,8353,8658],"options_modifier":"not-in"}]}],"enabled":true},{"id":"1643368233","name":"Frame visibility - 32 - S - Aluminium dibond","description":"","configuration":[{"component_id":"1643225493","options_modifier":"in","component_options":[9808]}],"actions":[{"action_id":"compat_group","is_active":false},{"action_id":"conditional_components","is_active":false,"hidden_components":[]},{"action_id":"conditional_options","is_active":true,"hidden_options":[{"component_id":"1643225494","component_options":[-1,8356,8606],"options_modifier":"not-in"}]}],"enabled":true},{"id":"1643368234","name":"Frame visibility - 32 - M - Aluminium dibond","description":"","configuration":[{"component_id":"1643225493","options_modifier":"in","component_options":[9805]}],"actions":[{"action_id":"compat_group","is_active":false},{"action_id":"conditional_components","is_active":false,"hidden_components":[]},{"action_id":"conditional_options","is_active":true,"hidden_options":[{"component_id":"1643225494","component_options":[-1,8355,8660],"options_modifier":"not-in"}]}],"enabled":true},{"id":"1643368235","name":"Frame visibility - 32 - L - Aluminium dibond","description":"","configuration":[{"component_id":"1643225493","options_modifier":"in","component_options":[9802]}],"actions":[{"action_id":"compat_group","is_active":false},{"action_id":"conditional_components","is_active":false,"hidden_components":[]},{"action_id":"conditional_options","is_active":true,"hidden_options":[{"component_id":"1643225494","component_options":[-1,8354,8602],"options_modifier":"not-in"}]}],"enabled":true},{"id":"1643368236","name":"Frame visibility - 32 - XL - Aluminium dibond","description":"","configuration":[{"component_id":"1643225493","options_modifier":"in","component_options":[9799]}],"actions":[{"action_id":"compat_group","is_active":false},{"action_id":"conditional_components","is_active":false,"hidden_components":[]},{"action_id":"conditional_options","is_active":true,"hidden_options":[{"component_id":"1643225494","component_options":[-1,8353,8658],"options_modifier":"not-in"}]}],"enabled":true},{"id":"1643368237","name":"Frame visibility - 32 - S - Paper","description":"","configuration":[{"component_id":"1643225493","options_modifier":"in","component_options":[9809]}],"actions":[{"action_id":"compat_group","is_active":false},{"action_id":"conditional_components","is_active":false,"hidden_components":[]},{"action_id":"conditional_options","is_active":true,"hidden_options":[{"component_id":"1643225494","component_options":[-1,8025],"options_modifier":"not-in"}]}],"enabled":true},{"id":"1643368238","name":"Frame visibility - 32 - M - Paper","description":"","configuration":[{"component_id":"1643225493","options_modifier":"in","component_options":[9806]}],"actions":[{"action_id":"compat_group","is_active":false},{"action_id":"conditional_components","is_active":false,"hidden_components":[]},{"action_id":"conditional_options","is_active":true,"hidden_options":[{"component_id":"1643225494","component_options":[-1,8254],"options_modifier":"not-in"}]}],"enabled":true},{"id":"1643368239","name":"Frame visibility - 32 - L - Paper","description":"","configuration":[{"component_id":"1643225493","options_modifier":"in","component_options":[9803]}],"actions":[{"action_id":"compat_group","is_active":false},{"action_id":"conditional_components","is_active":false,"hidden_components":[]},{"action_id":"conditional_options","is_active":true,"hidden_options":[{"component_id":"1643225494","component_options":[-1,7750],"options_modifier":"not-in"}]}],"enabled":true},{"id":"1644004379","name":"Frame visibility - 32 - XL - Paper","description":"","configuration":[{"component_id":"1643225493","options_modifier":"in","component_options":[9800]}],"actions":[{"action_id":"compat_group","is_active":false},{"action_id":"conditional_components","is_active":true,"hidden_components":["1643225494"]},{"action_id":"conditional_options","is_active":false,"hidden_options":[]}],"enabled":true},{"id":"1643232078","name":"HIDE - No selection","description":"","configuration":[{"component_id":"1643225493","options_modifier":"in","component_options":[-1]}],"actions":[{"action_id":"compat_group","is_active":false},{"action_id":"conditional_components","is_active":true,"hidden_components":["1643225494"]},{"action_id":"conditional_options","is_active":false,"hidden_options":[]}],"enabled":true}],"uagb_featured_image_src":{"full":["https:\/\/www.skywavenstudios.com\/wp-content\/uploads\/2021\/08\/Ferns-in-the-chaos.jpg",1920,1280,false],"thumbnail":["https:\/\/www.skywavenstudios.com\/wp-content\/uploads\/2021\/08\/Ferns-in-the-chaos-150x150.jpg",150,150,true],"medium":["https:\/\/www.skywavenstudios.com\/wp-content\/uploads\/2021\/08\/Ferns-in-the-chaos-300x200.jpg",300,200,true],"medium_large":["https:\/\/www.skywavenstudios.com\/wp-content\/uploads\/2021\/08\/Ferns-in-the-chaos-768x512.jpg",768,512,true],"large":["https:\/\/www.skywavenstudios.com\/wp-content\/uploads\/2021\/08\/Ferns-in-the-chaos-1024x683.jpg",1024,683,true],"1536x1536":["https:\/\/www.skywavenstudios.com\/wp-content\/uploads\/2021\/08\/Ferns-in-the-chaos-1536x1024.jpg",1536,1024,true],"2048x2048":["https:\/\/www.skywavenstudios.com\/wp-content\/uploads\/2021\/08\/Ferns-in-the-chaos.jpg",1920,1280,false],"woocommerce_thumbnail":["https:\/\/www.skywavenstudios.com\/wp-content\/uploads\/2021\/08\/Ferns-in-the-chaos-300x200.jpg",300,200,true],"woocommerce_single":["https:\/\/www.skywavenstudios.com\/wp-content\/uploads\/2021\/08\/Ferns-in-the-chaos-600x400.jpg",600,400,true],"woocommerce_gallery_thumbnail":["https:\/\/www.skywavenstudios.com\/wp-content\/uploads\/2021\/08\/Ferns-in-the-chaos-100x100.jpg",100,100,true]},"uagb_author_info":{"display_name":"Sebastien Kech","author_link":"https:\/\/www.skywavenstudios.com\/de\/author\/"},"uagb_comment_info":0,"uagb_excerpt":"Dieses Foto wurde im Jahr 2023 vom internationalen Fotowettbewerb Chromatic Auszeichnungen mit einer lobenden Erw\u00e4hnung in der Sektion Professional, Kategorie Natur. Au\u00dferdem wurde es 2023 f\u00fcr den internationalen Fotowettbewerb nominiert Fine Art Photography Auszeichnungen in der Sektion Professional, Kategorie Landschaft. Fr\u00fchnebel im Fr\u00fchling im Wald von Huelgoat in der Bretagne, Frankreich. Ich habe dieses Foto&hellip;","jetpack_sharing_enabled":true,"_links":{"self":[{"href":"https:\/\/www.skywavenstudios.com\/de\/wp-json\/wp\/v2\/product\/64274","targetHints":{"allow":["GET"]}}],"collection":[{"href":"https:\/\/www.skywavenstudios.com\/de\/wp-json\/wp\/v2\/product"}],"about":[{"href":"https:\/\/www.skywavenstudios.com\/de\/wp-json\/wp\/v2\/types\/product"}],"wp:featuredmedia":[{"embeddable":true,"href":"https:\/\/www.skywavenstudios.com\/de\/wp-json\/wp\/v2\/media\/63614"}],"wp:attachment":[{"href":"https:\/\/www.skywavenstudios.com\/de\/wp-json\/wp\/v2\/media?parent=64274"}],"wp:term":[{"taxonomy":"product_brand","embeddable":true,"href":"https:\/\/www.skywavenstudios.com\/de\/wp-json\/wp\/v2\/product_brand?post=64274"},{"taxonomy":"product_cat","embeddable":true,"href":"https:\/\/www.skywavenstudios.com\/de\/wp-json\/wp\/v2\/product_cat?post=64274"},{"taxonomy":"product_tag","embeddable":true,"href":"https:\/\/www.skywavenstudios.com\/de\/wp-json\/wp\/v2\/product_tag?post=64274"}],"curies":[{"name":"wp","href":"https:\/\/api.w.org\/{rel}","templated":true}]}}