{"id":65518,"date":"2024-12-30T19:14:08","date_gmt":"2024-12-30T18:14:08","guid":{"rendered":"https:\/\/www.skywavenstudios.com\/?post_type=product&#038;p=65518"},"modified":"2024-12-31T14:27:57","modified_gmt":"2024-12-31T13:27:57","slug":"rock-sundial","status":"publish","type":"product","link":"https:\/\/www.skywavenstudios.com\/de\/produkt\/rock-sundial\/","title":{"rendered":"Felsen-Sonnenuhr"},"content":{"rendered":"<p>Dieses Foto wurde 2024 in mehreren internationalen Fotowettbewerben pr\u00e4miert:<\/p>\n<ul>\n<li><strong><a href=\"https:\/\/europeanphotoawards.com\/winner-info.php?id=3583\" rel=\"nofollow noopener\" target=\"_blank\">Europ\u00e4ischen Fotopreise (EPA)<\/a><\/strong> mit einer <strong>lobenden Erw\u00e4hnung<\/strong> in der <strong>Sektion Professional, Kategorie Landschaften<\/strong>.<\/li>\n<li><strong><a href=\"https:\/\/chromaticawards.com\/winners-gallery\/chromatic-awards-2024\/professional\/nature\/hm\/6887\" rel=\"nofollow noopener\" target=\"_blank\">Chromatic Auszeichnungen<\/a><\/strong> mit einer <strong>lobenden Erw\u00e4hnung<\/strong> in der <strong>Sektion Professional, Kategorie Natur<\/strong>.<\/li>\n<li><strong><a href=\"https:\/\/px3.fr\/winners\/hm\/2024\/1-118438-24\/\" rel=\"nofollow noopener\" target=\"_blank\">Prix de la Photographie Paris (PX3)<\/a> <\/strong>mit einer <strong>lobenden Erw\u00e4hnung<\/strong> in der <strong>Sektion Professional, Kategorie Natur\/Sonnenaufgang\/Sonnenuntergang<\/strong>.<\/li>\n<\/ul>\n<p>Wenn die Sonne \u00fcber Roc la Tour in den franz\u00f6sischen Ardennen untergeht, wirft sie einen faszinierenden Sonnenstern-Effekt durch die uralten Felsen, der an eine Geschichte erinnert, die so alt ist wie die Zeit. Die Legende besagt, dass in dieser zerkl\u00fcfteten Landschaft einst ein pr\u00e4chtiges Schloss stand, das in einer einzigen Nacht durch einen Pakt mit dem Teufel erbaut wurde.<br \/>\nDer \u00f6rtlichen Folklore zufolge schloss ein mittelloser Lord, der seine Geliebte beeindrucken und ihr ein Heim bieten wollte, das ihrer Pracht w\u00fcrdig war, einen faustischen Handel ab. Er verkaufte seine Seele an den Teufel, um im Gegenzug ein pr\u00e4chtiges Schloss bauen zu lassen. Mit seiner Armee von Zauberern, Zwergen und anderen fantastischen Kreaturen machte sich Satan an die Arbeit, bereit, seinen Teil der Abmachung zu erf\u00fcllen.<br \/>\nDas Schloss war fast fertig, als ein wachsamer Hahn, der durch die Unruhe geweckt wurde, vorzeitig kr\u00e4hte und damit die Ankunft der Morgend\u00e4mmerung ank\u00fcndigte. Der Teufel glaubte, dass er seine Wette verloren hatte, geriet in Rage und zerst\u00f6rte sein Werk. Die Mauern des Schlosses st\u00fcrzten in den Fluss Semoy und hinterlie\u00dfen nur diese \u00dcberreste.     <\/p>\n","protected":false},"excerpt":{"rendered":"<p>Dieses Foto wurde 2024 in mehreren internationalen Fotowettbewerben pr\u00e4miert: Europ\u00e4ischen Fotopreise (EPA) mit einer lobenden Erw\u00e4hnung in der Sektion Professional, Kategorie Landschaften. Chromatic Auszeichnungen mit einer lobenden Erw\u00e4hnung in der Sektion Professional, Kategorie Natur. Prix de la Photographie Paris (PX3) mit einer lobenden Erw\u00e4hnung in der Sektion Professional, Kategorie Natur\/Sonnenaufgang\/Sonnenuntergang. Wenn die Sonne \u00fcber Roc [&hellip;]<\/p>\n","protected":false},"featured_media":65337,"template":"","meta":{"_uag_custom_page_level_css":"","site-sidebar-layout":"default","site-content-layout":"default","ast-site-content-layout":"default","site-content-style":"default","site-sidebar-style":"default","ast-global-header-display":"","ast-banner-title-visibility":"","ast-main-header-display":"","ast-hfb-above-header-display":"","ast-hfb-below-header-display":"","ast-hfb-mobile-header-display":"","site-post-title":"","ast-breadcrumbs-content":"","ast-featured-img":"","footer-sml-layout":"","ast-disable-related-posts":"","theme-transparent-header-meta":"default","adv-header-id-meta":"","stick-header-meta":"default","header-above-stick-meta":"","header-main-stick-meta":"","header-below-stick-meta":"","astra-migrate-meta-layouts":"set","ast-page-background-enabled":"default","ast-page-background-meta":{"desktop":{"background-color":"","background-image":"","background-repeat":"repeat","background-position":"center center","background-size":"auto","background-attachment":"scroll","background-type":"","background-media":"","overlay-type":"","overlay-color":"","overlay-opacity":"","overlay-gradient":""},"tablet":{"background-color":"","background-image":"","background-repeat":"repeat","background-position":"center center","background-size":"auto","background-attachment":"scroll","background-type":"","background-media":"","overlay-type":"","overlay-color":"","overlay-opacity":"","overlay-gradient":""},"mobile":{"background-color":"","background-image":"","background-repeat":"repeat","background-position":"center center","background-size":"auto","background-attachment":"scroll","background-type":"","background-media":"","overlay-type":"","overlay-color":"","overlay-opacity":"","overlay-gradient":""}},"ast-content-background-meta":{"desktop":{"background-color":"var(--ast-global-color-5)","background-image":"","background-repeat":"repeat","background-position":"center center","background-size":"auto","background-attachment":"scroll","background-type":"","background-media":"","overlay-type":"","overlay-color":"","overlay-opacity":"","overlay-gradient":""},"tablet":{"background-color":"var(--ast-global-color-5)","background-image":"","background-repeat":"repeat","background-position":"center center","background-size":"auto","background-attachment":"scroll","background-type":"","background-media":"","overlay-type":"","overlay-color":"","overlay-opacity":"","overlay-gradient":""},"mobile":{"background-color":"var(--ast-global-color-5)","background-image":"","background-repeat":"repeat","background-position":"center center","background-size":"auto","background-attachment":"scroll","background-type":"","background-media":"","overlay-type":"","overlay-color":"","overlay-opacity":"","overlay-gradient":""}}},"product_brand":[],"product_cat":[487,514],"product_tag":[488,531],"class_list":{"0":"post-65518","1":"product","2":"type-product","3":"status-publish","4":"has-post-thumbnail","6":"product_cat-foto","7":"product_cat-foto-verhaltnis-23","8":"product_tag-foto","9":"product_tag-landschaft","10":"pa_aspect-ratio-32-de","11":"pa_size-extra-gros","12":"pa_size-gros","13":"pa_size-klein","14":"pa_size-mittel","15":"desktop-align-center","16":"tablet-align-center","17":"mobile-align-center","18":"ast-product-gallery-layout-horizontal-slider","19":"ast-product-gallery-with-no-image","20":"ast-product-tabs-layout-horizontal","22":"first","23":"instock","24":"taxable","25":"shipping-taxable","26":"purchasable","27":"product-type-composite"},"composite_virtual":false,"composite_layout":"paged","composite_add_to_cart_form_location":"default","composite_editable_in_cart":false,"composite_sold_individually_context":"product","composite_shop_price_calc":"min_max","composite_components":[{"id":"1643225493","title":"Drucken","description":"<p>Ausdruck des ausgew\u00e4hlten Fotos<\/p>\n","query_type":"category_ids","query_ids":[501],"default_option_id":9631,"thumbnail_id":"","thumbnail_src":"","quantity_min":1,"quantity_max":20,"priced_individually":true,"shipped_individually":false,"optional":false,"discount":"","options_style":"dropdowns","pagination_style":"classic","display_prices":"absolute","show_sorting_options":false,"show_filtering_options":false,"attribute_filter_ids":[],"select_action":"view","product_title_visible":true,"product_descr_visible":true,"product_price_visible":true,"product_thumb_visible":true,"subtotal_visible_product":true,"subtotal_visible_cart":true,"subtotal_visible_orders":true},{"id":"1643225494","title":"Rahmen","description":"<p>Rahmen, um das Foto hervorzuheben<\/p>\n","query_type":"product_ids","query_ids":[4360,7643,8402],"default_option_id":"","thumbnail_id":"","thumbnail_src":"","quantity_min":1,"quantity_max":"","priced_individually":true,"shipped_individually":false,"optional":true,"discount":"","options_style":"radios","pagination_style":"classic","display_prices":"absolute","show_sorting_options":false,"show_filtering_options":false,"attribute_filter_ids":[],"select_action":"view","product_title_visible":true,"product_descr_visible":true,"product_price_visible":true,"product_thumb_visible":true,"subtotal_visible_product":true,"subtotal_visible_cart":true,"subtotal_visible_orders":true}],"composite_scenarios":[{"id":"1643225752","name":"Frame visibility - 32 - S - Acrylic","description":"Enable\/disable the visibility of the frames selection","configuration":[{"component_id":"1643225493","options_modifier":"in","component_options":[9807]}],"actions":[{"action_id":"compat_group","is_active":false},{"action_id":"conditional_components","is_active":false,"hidden_components":[]},{"action_id":"conditional_options","is_active":true,"hidden_options":[{"component_id":"1643225494","component_options":[-1,8356,8606],"options_modifier":"not-in"}]}],"enabled":true},{"id":"1643227238","name":"Frame visibility - 32 - M - Acrylic","description":"Enable\/disable the visibility of the frames selection","configuration":[{"component_id":"1643225493","options_modifier":"in","component_options":[9804]}],"actions":[{"action_id":"compat_group","is_active":false},{"action_id":"conditional_components","is_active":false,"hidden_components":[]},{"action_id":"conditional_options","is_active":true,"hidden_options":[{"component_id":"1643225494","component_options":[-1,8355,8660],"options_modifier":"not-in"}]}],"enabled":true},{"id":"1643227239","name":"Frame visibility - 32 - L - Acrylic","description":"","configuration":[{"component_id":"1643225493","options_modifier":"in","component_options":[9801]}],"actions":[{"action_id":"compat_group","is_active":false},{"action_id":"conditional_components","is_active":false,"hidden_components":[]},{"action_id":"conditional_options","is_active":true,"hidden_options":[{"component_id":"1643225494","component_options":[-1,8354,8602],"options_modifier":"not-in"}]}],"enabled":true},{"id":"1643227240","name":"Frame visibility - 32 - XL - Acrylic","description":"","configuration":[{"component_id":"1643225493","options_modifier":"in","component_options":[9798]}],"actions":[{"action_id":"compat_group","is_active":false},{"action_id":"conditional_components","is_active":false,"hidden_components":[]},{"action_id":"conditional_options","is_active":true,"hidden_options":[{"component_id":"1643225494","component_options":[-1,8353,8658],"options_modifier":"not-in"}]}],"enabled":true},{"id":"1643368233","name":"Frame visibility - 32 - S - Aluminium dibond","description":"","configuration":[{"component_id":"1643225493","options_modifier":"in","component_options":[9808]}],"actions":[{"action_id":"compat_group","is_active":false},{"action_id":"conditional_components","is_active":false,"hidden_components":[]},{"action_id":"conditional_options","is_active":true,"hidden_options":[{"component_id":"1643225494","component_options":[-1,8356,8606],"options_modifier":"not-in"}]}],"enabled":true},{"id":"1643368234","name":"Frame visibility - 32 - M - Aluminium dibond","description":"","configuration":[{"component_id":"1643225493","options_modifier":"in","component_options":[9805]}],"actions":[{"action_id":"compat_group","is_active":false},{"action_id":"conditional_components","is_active":false,"hidden_components":[]},{"action_id":"conditional_options","is_active":true,"hidden_options":[{"component_id":"1643225494","component_options":[-1,8355,8660],"options_modifier":"not-in"}]}],"enabled":true},{"id":"1643368235","name":"Frame visibility - 32 - L - Aluminium dibond","description":"","configuration":[{"component_id":"1643225493","options_modifier":"in","component_options":[9802]}],"actions":[{"action_id":"compat_group","is_active":false},{"action_id":"conditional_components","is_active":false,"hidden_components":[]},{"action_id":"conditional_options","is_active":true,"hidden_options":[{"component_id":"1643225494","component_options":[-1,8354,8602],"options_modifier":"not-in"}]}],"enabled":true},{"id":"1643368236","name":"Frame visibility - 32 - XL - Aluminium dibond","description":"","configuration":[{"component_id":"1643225493","options_modifier":"in","component_options":[9799]}],"actions":[{"action_id":"compat_group","is_active":false},{"action_id":"conditional_components","is_active":false,"hidden_components":[]},{"action_id":"conditional_options","is_active":true,"hidden_options":[{"component_id":"1643225494","component_options":[-1,8353,8658],"options_modifier":"not-in"}]}],"enabled":true},{"id":"1643368237","name":"Frame visibility - 32 - S - Paper","description":"","configuration":[{"component_id":"1643225493","options_modifier":"in","component_options":[9809]}],"actions":[{"action_id":"compat_group","is_active":false},{"action_id":"conditional_components","is_active":false,"hidden_components":[]},{"action_id":"conditional_options","is_active":true,"hidden_options":[{"component_id":"1643225494","component_options":[-1,8025],"options_modifier":"not-in"}]}],"enabled":true},{"id":"1643368238","name":"Frame visibility - 32 - M - Paper","description":"","configuration":[{"component_id":"1643225493","options_modifier":"in","component_options":[9806]}],"actions":[{"action_id":"compat_group","is_active":false},{"action_id":"conditional_components","is_active":false,"hidden_components":[]},{"action_id":"conditional_options","is_active":true,"hidden_options":[{"component_id":"1643225494","component_options":[-1,8254],"options_modifier":"not-in"}]}],"enabled":true},{"id":"1643368239","name":"Frame visibility - 32 - L - Paper","description":"","configuration":[{"component_id":"1643225493","options_modifier":"in","component_options":[9803]}],"actions":[{"action_id":"compat_group","is_active":false},{"action_id":"conditional_components","is_active":false,"hidden_components":[]},{"action_id":"conditional_options","is_active":true,"hidden_options":[{"component_id":"1643225494","component_options":[-1,7750],"options_modifier":"not-in"}]}],"enabled":true},{"id":"1644004379","name":"Frame visibility - 32 - XL - Paper","description":"","configuration":[{"component_id":"1643225493","options_modifier":"in","component_options":[9800]}],"actions":[{"action_id":"compat_group","is_active":false},{"action_id":"conditional_components","is_active":true,"hidden_components":["1643225494"]},{"action_id":"conditional_options","is_active":false,"hidden_options":[]}],"enabled":true},{"id":"1643232078","name":"HIDE - No selection","description":"","configuration":[{"component_id":"1643225493","options_modifier":"in","component_options":[-1]}],"actions":[{"action_id":"compat_group","is_active":false},{"action_id":"conditional_components","is_active":true,"hidden_components":["1643225494"]},{"action_id":"conditional_options","is_active":false,"hidden_options":[]}],"enabled":true}],"uagb_featured_image_src":{"full":["https:\/\/www.skywavenstudios.com\/wp-content\/uploads\/2024\/12\/Rock-sundial.jpg",1920,1280,false],"thumbnail":["https:\/\/www.skywavenstudios.com\/wp-content\/uploads\/2024\/12\/Rock-sundial-150x150.jpg",150,150,true],"medium":["https:\/\/www.skywavenstudios.com\/wp-content\/uploads\/2024\/12\/Rock-sundial-300x200.jpg",300,200,true],"medium_large":["https:\/\/www.skywavenstudios.com\/wp-content\/uploads\/2024\/12\/Rock-sundial-768x512.jpg",768,512,true],"large":["https:\/\/www.skywavenstudios.com\/wp-content\/uploads\/2024\/12\/Rock-sundial-1024x683.jpg",1024,683,true],"1536x1536":["https:\/\/www.skywavenstudios.com\/wp-content\/uploads\/2024\/12\/Rock-sundial-1536x1024.jpg",1536,1024,true],"2048x2048":["https:\/\/www.skywavenstudios.com\/wp-content\/uploads\/2024\/12\/Rock-sundial.jpg",1920,1280,false],"woocommerce_thumbnail":["https:\/\/www.skywavenstudios.com\/wp-content\/uploads\/2024\/12\/Rock-sundial-300x200.jpg",300,200,true],"woocommerce_single":["https:\/\/www.skywavenstudios.com\/wp-content\/uploads\/2024\/12\/Rock-sundial-600x400.jpg",600,400,true],"woocommerce_gallery_thumbnail":["https:\/\/www.skywavenstudios.com\/wp-content\/uploads\/2024\/12\/Rock-sundial-100x100.jpg",100,100,true]},"uagb_author_info":{"display_name":"Sebastien Kech","author_link":"https:\/\/www.skywavenstudios.com\/de\/author\/"},"uagb_comment_info":0,"uagb_excerpt":"Dieses Foto wurde 2024 in mehreren internationalen Fotowettbewerben pr\u00e4miert: Europ\u00e4ischen Fotopreise (EPA) mit einer lobenden Erw\u00e4hnung in der Sektion Professional, Kategorie Landschaften. Chromatic Auszeichnungen mit einer lobenden Erw\u00e4hnung in der Sektion Professional, Kategorie Natur. Prix de la Photographie Paris (PX3) mit einer lobenden Erw\u00e4hnung in der Sektion Professional, Kategorie Natur\/Sonnenaufgang\/Sonnenuntergang. Wenn die Sonne \u00fcber Roc&hellip;","jetpack_sharing_enabled":true,"_links":{"self":[{"href":"https:\/\/www.skywavenstudios.com\/de\/wp-json\/wp\/v2\/product\/65518","targetHints":{"allow":["GET"]}}],"collection":[{"href":"https:\/\/www.skywavenstudios.com\/de\/wp-json\/wp\/v2\/product"}],"about":[{"href":"https:\/\/www.skywavenstudios.com\/de\/wp-json\/wp\/v2\/types\/product"}],"wp:featuredmedia":[{"embeddable":true,"href":"https:\/\/www.skywavenstudios.com\/de\/wp-json\/wp\/v2\/media\/65337"}],"wp:attachment":[{"href":"https:\/\/www.skywavenstudios.com\/de\/wp-json\/wp\/v2\/media?parent=65518"}],"wp:term":[{"taxonomy":"product_brand","embeddable":true,"href":"https:\/\/www.skywavenstudios.com\/de\/wp-json\/wp\/v2\/product_brand?post=65518"},{"taxonomy":"product_cat","embeddable":true,"href":"https:\/\/www.skywavenstudios.com\/de\/wp-json\/wp\/v2\/product_cat?post=65518"},{"taxonomy":"product_tag","embeddable":true,"href":"https:\/\/www.skywavenstudios.com\/de\/wp-json\/wp\/v2\/product_tag?post=65518"}],"curies":[{"name":"wp","href":"https:\/\/api.w.org\/{rel}","templated":true}]}}