{"id":7643,"date":"2022-01-25T19:46:48","date_gmt":"2022-01-25T18:46:48","guid":{"rendered":"https:\/\/skywavenstudios.com\/product\/floater-rahmen\/"},"modified":"2025-09-14T14:00:51","modified_gmt":"2025-09-14T12:00:51","slug":"floater-rahmen","status":"publish","type":"product","link":"https:\/\/www.skywavenstudios.com\/de\/produkt\/floater-rahmen\/","title":{"rendered":"Floater-Rahmen"},"content":{"rendered":"<p>Der Schattenfugenrahmen ist ein Design- und moderner Rahmen, der nach Ma\u00df gefertigt wird, das Foto hervorhebt und den Eindruck erweckt, dass es in einem Geh\u00e4use schwebt.<br \/>\nEs ist eine Ausf\u00fchrung, die bei Fotografen und Galerien, aber auch f\u00fcr die Inneneinrichtung immer beliebter wird.<br \/>\nEr verleiht viel Stil und einen originellen Tiefeneffekt.<\/p>\n<p>Alle Schattenfugenrahmen werden in Schwarz, Wei\u00df oder naturgrauem Aluminium angeboten.<\/p>\n","protected":false},"excerpt":{"rendered":"<p>Der Schattenfugenrahmen ist ein Design- und moderner Rahmen, der nach Ma\u00df gefertigt wird, das Foto hervorhebt und den Eindruck erweckt, dass es in einem Geh\u00e4use schwebt. Es ist eine Ausf\u00fchrung, die bei Fotografen und Galerien, aber auch f\u00fcr die Inneneinrichtung immer beliebter wird. Er verleiht viel Stil und einen originellen Tiefeneffekt. Alle Schattenfugenrahmen werden in [&hellip;]<\/p>\n","protected":false},"featured_media":7741,"template":"","meta":{"_uag_custom_page_level_css":"","site-sidebar-layout":"default","site-content-layout":"default","ast-site-content-layout":"default","site-content-style":"default","site-sidebar-style":"default","ast-global-header-display":"","ast-banner-title-visibility":"","ast-main-header-display":"","ast-hfb-above-header-display":"","ast-hfb-below-header-display":"","ast-hfb-mobile-header-display":"","site-post-title":"","ast-breadcrumbs-content":"","ast-featured-img":"","footer-sml-layout":"","ast-disable-related-posts":"","theme-transparent-header-meta":"default","adv-header-id-meta":"","stick-header-meta":"default","header-above-stick-meta":"","header-main-stick-meta":"","header-below-stick-meta":"","astra-migrate-meta-layouts":"default","ast-page-background-enabled":"default","ast-page-background-meta":{"desktop":{"background-color":"","background-image":"","background-repeat":"repeat","background-position":"center center","background-size":"auto","background-attachment":"scroll","background-type":"","background-media":"","overlay-type":"","overlay-color":"","overlay-opacity":"","overlay-gradient":""},"tablet":{"background-color":"","background-image":"","background-repeat":"repeat","background-position":"center center","background-size":"auto","background-attachment":"scroll","background-type":"","background-media":"","overlay-type":"","overlay-color":"","overlay-opacity":"","overlay-gradient":""},"mobile":{"background-color":"","background-image":"","background-repeat":"repeat","background-position":"center center","background-size":"auto","background-attachment":"scroll","background-type":"","background-media":"","overlay-type":"","overlay-color":"","overlay-opacity":"","overlay-gradient":""}},"ast-content-background-meta":{"desktop":{"background-color":"var(--ast-global-color-5)","background-image":"","background-repeat":"repeat","background-position":"center center","background-size":"auto","background-attachment":"scroll","background-type":"","background-media":"","overlay-type":"","overlay-color":"","overlay-opacity":"","overlay-gradient":""},"tablet":{"background-color":"var(--ast-global-color-5)","background-image":"","background-repeat":"repeat","background-position":"center center","background-size":"auto","background-attachment":"scroll","background-type":"","background-media":"","overlay-type":"","overlay-color":"","overlay-opacity":"","overlay-gradient":""},"mobile":{"background-color":"var(--ast-global-color-5)","background-image":"","background-repeat":"repeat","background-position":"center center","background-size":"auto","background-attachment":"scroll","background-type":"","background-media":"","overlay-type":"","overlay-color":"","overlay-opacity":"","overlay-gradient":""}}},"product_brand":[],"product_cat":[399],"product_tag":[479],"class_list":{"0":"post-7643","1":"product","2":"type-product","3":"status-publish","4":"has-post-thumbnail","6":"product_cat-rahmen","7":"product_tag-rahmen","8":"pa_aspect-ratio-11-de","9":"pa_aspect-ratio-31-de","10":"pa_aspect-ratio-32-de","11":"pa_aspect-ratio-43-de","12":"pa_color-grau","13":"pa_color-schwarz","14":"pa_color-weis","15":"pa_medium-plexiglas-de","16":"pa_medium-alu-dibond","17":"pa_size-extra-gros","18":"pa_size-gros","19":"pa_size-klein","20":"pa_size-mittel","21":"desktop-align-center","22":"tablet-align-center","23":"mobile-align-center","24":"ast-product-gallery-layout-horizontal-slider","25":"ast-product-gallery-with-no-image","26":"ast-product-single-variable","27":"ast-product-tabs-layout-horizontal","29":"first","30":"instock","31":"taxable","32":"shipping-taxable","33":"purchasable","34":"product-type-variable"},"composite_virtual":false,"composite_layout":"","composite_add_to_cart_form_location":"","composite_editable_in_cart":false,"composite_sold_individually_context":"","composite_shop_price_calc":"","composite_components":[],"composite_scenarios":[],"uagb_featured_image_src":{"full":["https:\/\/www.skywavenstudios.com\/wp-content\/uploads\/2022\/01\/floater_frame-1.jpg",2000,1333,false],"thumbnail":["https:\/\/www.skywavenstudios.com\/wp-content\/uploads\/2022\/01\/floater_frame-1-150x150.jpg",150,150,true],"medium":["https:\/\/www.skywavenstudios.com\/wp-content\/uploads\/2022\/01\/floater_frame-1-300x200.jpg",300,200,true],"medium_large":["https:\/\/www.skywavenstudios.com\/wp-content\/uploads\/2022\/01\/floater_frame-1-768x512.jpg",768,512,true],"large":["https:\/\/www.skywavenstudios.com\/wp-content\/uploads\/2022\/01\/floater_frame-1-1024x682.jpg",1024,682,true],"1536x1536":["https:\/\/www.skywavenstudios.com\/wp-content\/uploads\/2022\/01\/floater_frame-1-1536x1024.jpg",1536,1024,true],"2048x2048":["https:\/\/www.skywavenstudios.com\/wp-content\/uploads\/2022\/01\/floater_frame-1.jpg",2000,1333,false],"woocommerce_thumbnail":["https:\/\/www.skywavenstudios.com\/wp-content\/uploads\/2022\/01\/floater_frame-1-300x200.jpg",300,200,true],"woocommerce_single":["https:\/\/www.skywavenstudios.com\/wp-content\/uploads\/2022\/01\/floater_frame-1-600x400.jpg",600,400,true],"woocommerce_gallery_thumbnail":["https:\/\/www.skywavenstudios.com\/wp-content\/uploads\/2022\/01\/floater_frame-1-100x100.jpg",100,100,true]},"uagb_author_info":{"display_name":"Sebastien Kech","author_link":"https:\/\/www.skywavenstudios.com\/de\/author\/"},"uagb_comment_info":0,"uagb_excerpt":"Der Schattenfugenrahmen ist ein Design- und moderner Rahmen, der nach Ma\u00df gefertigt wird, das Foto hervorhebt und den Eindruck erweckt, dass es in einem Geh\u00e4use schwebt. Es ist eine Ausf\u00fchrung, die bei Fotografen und Galerien, aber auch f\u00fcr die Inneneinrichtung immer beliebter wird. Er verleiht viel Stil und einen originellen Tiefeneffekt. Alle Schattenfugenrahmen werden in&hellip;","jetpack_sharing_enabled":true,"_links":{"self":[{"href":"https:\/\/www.skywavenstudios.com\/de\/wp-json\/wp\/v2\/product\/7643","targetHints":{"allow":["GET"]}}],"collection":[{"href":"https:\/\/www.skywavenstudios.com\/de\/wp-json\/wp\/v2\/product"}],"about":[{"href":"https:\/\/www.skywavenstudios.com\/de\/wp-json\/wp\/v2\/types\/product"}],"wp:featuredmedia":[{"embeddable":true,"href":"https:\/\/www.skywavenstudios.com\/de\/wp-json\/wp\/v2\/media\/7741"}],"wp:attachment":[{"href":"https:\/\/www.skywavenstudios.com\/de\/wp-json\/wp\/v2\/media?parent=7643"}],"wp:term":[{"taxonomy":"product_brand","embeddable":true,"href":"https:\/\/www.skywavenstudios.com\/de\/wp-json\/wp\/v2\/product_brand?post=7643"},{"taxonomy":"product_cat","embeddable":true,"href":"https:\/\/www.skywavenstudios.com\/de\/wp-json\/wp\/v2\/product_cat?post=7643"},{"taxonomy":"product_tag","embeddable":true,"href":"https:\/\/www.skywavenstudios.com\/de\/wp-json\/wp\/v2\/product_tag?post=7643"}],"curies":[{"name":"wp","href":"https:\/\/api.w.org\/{rel}","templated":true}]}}