{"id":9968,"date":"2022-02-02T20:56:17","date_gmt":"2022-02-02T19:56:17","guid":{"rendered":"https:\/\/skywavenstudios.com\/?post_type=product&#038;p=9968"},"modified":"2025-09-14T14:13:43","modified_gmt":"2025-09-14T12:13:43","slug":"druck-11","status":"publish","type":"product","link":"https:\/\/www.skywavenstudios.com\/de\/produkt\/druck-11\/","title":{"rendered":"Drucken &#8211; 1:1"},"content":{"rendered":"<p>Alle Drucke werden in einem Fotolabor hergestellt und einer hohen Qualit\u00e4tskontrolle unterzogen.<\/p>\n<p>F\u00fcr die Drucke werden drei verschiedene Medien vorgeschlagen:<\/p>\n<ul>\n<li>Papierdruck: Wir w\u00e4hlen das beste <strong>Papier<\/strong> f\u00fcr das Foto, das Sie drucken m\u00f6chten. Bitte z\u00f6gern Sie nicht, die Art des Papiers anzugeben, wenn Sie eine Pr\u00e4ferenz haben. Alle verwendeten Papiere sind Referenzpapiere f\u00fcr die Kunstfotografie und werden weltweit f\u00fcr Ausstellungen verwendet. Hier sind einige der Papiere, die verwendet werden k\u00f6nnen:\n<ul>\n<li><em>Hahnem\u00fchle &#8211; Photo Rag Bright White 310 g\/m2 (matt, kaltwei\u00df)<\/em><\/li>\n<li><em>Hahnem\u00fchle &#8211; Photo Rag 308 g\/m2 (matt, warmwei\u00df)<\/em><\/li>\n<li><em>Hahnem\u00fchle &#8211; Museum Radierung 350 g\/m2 (matt, warmwei\u00df, strukturiert)<\/em><\/li>\n<li><em>Hahnem\u00fchle &#8211; Fine Art Baryta 325 g\/m2 (seidenmatt, kaltwei\u00df)<\/em><\/li>\n<\/ul>\n<\/li>\n<li>Alu <strong>-Dibond-Druck<\/strong> : Druck auf Papier (Beschreibung oben) kaschiert auf 3 mm Alu-Dibond. Die Laminierung auf Dibond garantiert dem Foto eine perfekte Steifigkeit und eine hervorragende Haltbarkeit, unabh\u00e4ngig vom gew\u00e4hlten Format. Der Tr\u00e4ger ist wegen seiner N\u00fcchternheit begehrt, er ist auch weniger sperrig als der gerahmte Druck. Leicht und robust zugleich, ohne Verglasung, wirkt es puristisch.<\/li>\n<li><strong>Acryldruck<\/strong> : Druck auf Papier (Beschreibung oben), geklebt zwischen einem 3 mm Dibond und einer Acrylplatte. Es verst\u00e4rkt die Farben und verleiht dem Foto einen unglaublichen Glanz und Tiefenwirkung. Acrylglas ist UV- und feuchtigkeitsbest\u00e4ndig, was die Farben Ihres Fotos lange sch\u00fctzt.<\/li>\n<\/ul>\n<p>Es werden vier verschiedene Gr\u00f6\u00dfen vorgeschlagen:<\/p>\n<ul>\n<li><strong>Klein<\/strong>: 40 x 40 cm<\/li>\n<li><strong>Medium<\/strong>: 60 x 60 cm<\/li>\n<li><strong>Gro\u00df<\/strong>: 80 x 80 cm<\/li>\n<li><strong>Extra gro\u00df<\/strong>: 100 x 100 cm<\/li>\n<\/ul>\n<p>Bitte beachten Sie, dass bei Bestellung eines Rahmens die Abmessungen aufgrund des Rahmens gr\u00f6\u00dfer sind.<\/p>\n","protected":false},"excerpt":{"rendered":"<p>Alle Abz\u00fcge werden in einem Fotolabor hergestellt, einer strengen Qualit\u00e4tskontrolle unterzogen und mit einem Echtheitszertifikat geliefert. F\u00fcr die Drucke werden drei verschiedene Medien vorgeschlagen:<\/p>\n<ul>\n<li>Papierdruck: Wir w\u00e4hlen das beste <strong>Papier<\/strong> f\u00fcr das Foto, das Sie drucken m\u00f6chten. Alle verwendeten Papiere sind Papiere f\u00fcr die Kunstfotografie.<\/li>\n<li>Alu- <strong>Dibond-Druck<\/strong> : Druck auf Papier, das auf eine 3 mm Dibond-Aluminiumplatte kaschiert ist.<\/li>\n<li><strong>Acryldruck<\/strong> : Druck auf Papier, geklebt zwischen einem 3 mm Dibond und einer Acrylplatte.<\/li>\n<\/ul>\n<p>Es werden vier verschiedene Druckgr\u00f6\u00dfen angeboten: <strong>Small<\/strong> (40 x 40 cm), <strong>Medium<\/strong> (60 x 60 cm), <strong>Large <\/strong>(80 x 80 cm), <strong>Extra large <\/strong>(100 x 100 cm). Bitte beachten Sie, dass die Gesamtma\u00dfe gr\u00f6\u00dfer sind, wenn Sie einen Rahmen bestellen.<\/p>\n","protected":false},"featured_media":68099,"template":"","meta":{"_uag_custom_page_level_css":"","site-sidebar-layout":"default","site-content-layout":"default","ast-site-content-layout":"default","site-content-style":"default","site-sidebar-style":"default","ast-global-header-display":"","ast-banner-title-visibility":"","ast-main-header-display":"","ast-hfb-above-header-display":"","ast-hfb-below-header-display":"","ast-hfb-mobile-header-display":"","site-post-title":"","ast-breadcrumbs-content":"","ast-featured-img":"","footer-sml-layout":"","ast-disable-related-posts":"","theme-transparent-header-meta":"default","adv-header-id-meta":"","stick-header-meta":"default","header-above-stick-meta":"","header-main-stick-meta":"","header-below-stick-meta":"","astra-migrate-meta-layouts":"default","ast-page-background-enabled":"default","ast-page-background-meta":{"desktop":{"background-color":"","background-image":"","background-repeat":"repeat","background-position":"center center","background-size":"auto","background-attachment":"scroll","background-type":"","background-media":"","overlay-type":"","overlay-color":"","overlay-opacity":"","overlay-gradient":""},"tablet":{"background-color":"","background-image":"","background-repeat":"repeat","background-position":"center center","background-size":"auto","background-attachment":"scroll","background-type":"","background-media":"","overlay-type":"","overlay-color":"","overlay-opacity":"","overlay-gradient":""},"mobile":{"background-color":"","background-image":"","background-repeat":"repeat","background-position":"center center","background-size":"auto","background-attachment":"scroll","background-type":"","background-media":"","overlay-type":"","overlay-color":"","overlay-opacity":"","overlay-gradient":""}},"ast-content-background-meta":{"desktop":{"background-color":"var(--ast-global-color-5)","background-image":"","background-repeat":"repeat","background-position":"center center","background-size":"auto","background-attachment":"scroll","background-type":"","background-media":"","overlay-type":"","overlay-color":"","overlay-opacity":"","overlay-gradient":""},"tablet":{"background-color":"var(--ast-global-color-5)","background-image":"","background-repeat":"repeat","background-position":"center center","background-size":"auto","background-attachment":"scroll","background-type":"","background-media":"","overlay-type":"","overlay-color":"","overlay-opacity":"","overlay-gradient":""},"mobile":{"background-color":"var(--ast-global-color-5)","background-image":"","background-repeat":"repeat","background-position":"center center","background-size":"auto","background-attachment":"scroll","background-type":"","background-media":"","overlay-type":"","overlay-color":"","overlay-opacity":"","overlay-gradient":""}}},"product_brand":[],"product_cat":[508,391],"product_tag":[482],"class_list":{"0":"post-9968","1":"product","2":"type-product","3":"status-publish","4":"has-post-thumbnail","6":"product_cat-drucken-verhaltnis-11","7":"product_cat-fotodrucke-der-feinen-kunst","8":"product_tag-drucken","9":"pa_aspect-ratio-11-de","10":"pa_frame-floater-rahmen","11":"pa_frame-kein-rahmen","12":"pa_frame-rahmen","13":"pa_medium-plexiglas-de","14":"pa_medium-alu-dibond","15":"pa_medium-papier","16":"pa_size-extra-gros","17":"pa_size-gros","18":"pa_size-klein","19":"pa_size-mittel","20":"desktop-align-center","21":"tablet-align-center","22":"mobile-align-center","23":"ast-product-gallery-layout-horizontal-slider","24":"ast-product-gallery-with-no-image","25":"ast-product-single-variable","26":"ast-product-tabs-layout-horizontal","28":"first","29":"instock","30":"taxable","31":"shipping-taxable","32":"purchasable","33":"product-type-variable","34":"has-default-attributes"},"composite_virtual":false,"composite_layout":"","composite_add_to_cart_form_location":"","composite_editable_in_cart":false,"composite_sold_individually_context":"","composite_shop_price_calc":"","composite_components":[],"composite_scenarios":[],"uagb_featured_image_src":{"full":["https:\/\/www.skywavenstudios.com\/wp-content\/uploads\/2022\/01\/print-1.jpg",1158,774,false],"thumbnail":["https:\/\/www.skywavenstudios.com\/wp-content\/uploads\/2022\/01\/print-1-150x150.jpg",150,150,true],"medium":["https:\/\/www.skywavenstudios.com\/wp-content\/uploads\/2022\/01\/print-1-300x201.jpg",300,201,true],"medium_large":["https:\/\/www.skywavenstudios.com\/wp-content\/uploads\/2022\/01\/print-1-768x513.jpg",768,513,true],"large":["https:\/\/www.skywavenstudios.com\/wp-content\/uploads\/2022\/01\/print-1-1024x684.jpg",1024,684,true],"1536x1536":["https:\/\/www.skywavenstudios.com\/wp-content\/uploads\/2022\/01\/print-1.jpg",1158,774,false],"2048x2048":["https:\/\/www.skywavenstudios.com\/wp-content\/uploads\/2022\/01\/print-1.jpg",1158,774,false],"woocommerce_thumbnail":["https:\/\/www.skywavenstudios.com\/wp-content\/uploads\/2022\/01\/print-1-300x201.jpg",300,201,true],"woocommerce_single":["https:\/\/www.skywavenstudios.com\/wp-content\/uploads\/2022\/01\/print-1-600x401.jpg",600,401,true],"woocommerce_gallery_thumbnail":["https:\/\/www.skywavenstudios.com\/wp-content\/uploads\/2022\/01\/print-1-100x100.jpg",100,100,true]},"uagb_author_info":{"display_name":"Sebastien Kech","author_link":"https:\/\/www.skywavenstudios.com\/de\/author\/"},"uagb_comment_info":0,"uagb_excerpt":"Alle Abz\u00fcge werden in einem Fotolabor hergestellt, einer strengen Qualit\u00e4tskontrolle unterzogen und mit einem Echtheitszertifikat geliefert. F\u00fcr die Drucke werden drei verschiedene Medien vorgeschlagen: Papierdruck: Wir w\u00e4hlen das beste Papier f\u00fcr das Foto, das Sie drucken m\u00f6chten. Alle verwendeten Papiere sind Papiere f\u00fcr die Kunstfotografie. Alu- Dibond-Druck : Druck auf Papier, das auf eine 3&hellip;","jetpack_sharing_enabled":true,"_links":{"self":[{"href":"https:\/\/www.skywavenstudios.com\/de\/wp-json\/wp\/v2\/product\/9968","targetHints":{"allow":["GET"]}}],"collection":[{"href":"https:\/\/www.skywavenstudios.com\/de\/wp-json\/wp\/v2\/product"}],"about":[{"href":"https:\/\/www.skywavenstudios.com\/de\/wp-json\/wp\/v2\/types\/product"}],"wp:featuredmedia":[{"embeddable":true,"href":"https:\/\/www.skywavenstudios.com\/de\/wp-json\/wp\/v2\/media\/68099"}],"wp:attachment":[{"href":"https:\/\/www.skywavenstudios.com\/de\/wp-json\/wp\/v2\/media?parent=9968"}],"wp:term":[{"taxonomy":"product_brand","embeddable":true,"href":"https:\/\/www.skywavenstudios.com\/de\/wp-json\/wp\/v2\/product_brand?post=9968"},{"taxonomy":"product_cat","embeddable":true,"href":"https:\/\/www.skywavenstudios.com\/de\/wp-json\/wp\/v2\/product_cat?post=9968"},{"taxonomy":"product_tag","embeddable":true,"href":"https:\/\/www.skywavenstudios.com\/de\/wp-json\/wp\/v2\/product_tag?post=9968"}],"curies":[{"name":"wp","href":"https:\/\/api.w.org\/{rel}","templated":true}]}}