{"id":1425,"date":"2020-05-12T03:43:04","date_gmt":"2020-05-12T01:43:04","guid":{"rendered":"https:\/\/skywavenstudios.com\/acerca-de\/"},"modified":"2026-04-12T10:31:42","modified_gmt":"2026-04-12T08:31:42","slug":"sobre","status":"publish","type":"page","link":"https:\/\/www.skywavenstudios.com\/es\/sobre\/","title":{"rendered":"Acerca de"},"content":{"rendered":"\n<div class=\"inherit-container-width wp-block-group alignfull is-layout-constrained wp-block-group-is-layout-constrained\"><div class=\"wp-block-group__inner-container\">\n<div class=\"wp-block-columns is-layout-flex wp-container-core-columns-is-layout-28f84493 wp-block-columns-is-layout-flex\">\n<div class=\"wp-block-column is-layout-flow wp-block-column-is-layout-flow\">\n<figure class=\"wp-block-image size-large is-style-default\"><img decoding=\"async\" width=\"768\" height=\"1024\" src=\"https:\/\/www.skywavenstudios.com\/wp-content\/uploads\/2021\/10\/portrait_sebastien-768x1024.jpg\" alt=\"Retrato de Sebastien Kech\" class=\"wp-image-1992\" srcset=\"https:\/\/www.skywavenstudios.com\/wp-content\/uploads\/2021\/10\/portrait_sebastien-768x1024.jpg 768w, https:\/\/www.skywavenstudios.com\/wp-content\/uploads\/2021\/10\/portrait_sebastien-300x400.jpg 300w, https:\/\/www.skywavenstudios.com\/wp-content\/uploads\/2021\/10\/portrait_sebastien-600x800.jpg 600w, https:\/\/www.skywavenstudios.com\/wp-content\/uploads\/2021\/10\/portrait_sebastien-225x300.jpg 225w, https:\/\/www.skywavenstudios.com\/wp-content\/uploads\/2021\/10\/portrait_sebastien.jpg 900w\" sizes=\"(max-width: 768px) 100vw, 768px\" \/><\/figure>\n\n\n\n<h2 class=\"wp-block-heading\">Premios internacionales<\/h2>\n\n\n\n<ul class=\"wp-block-list\">\n<li><strong>2025 &#8211; Premios de Fotograf\u00eda de Bellas Artes<\/strong>\n<ul class=\"wp-block-list\">\n<li>Nominado en la categor\u00eda Paisaje &#8211; Profesional &#8211; por la obra <em><a href=\"https:\/\/fineartphotoawards.com\/winners-gallery\/fapa-2025-2026\/professional\/landscape\/hm\/23815\" rel=\"nofollow noopener\" target=\"_blank\">\u00abTonos de verde\u00bb<\/a><\/em><\/li>\n\n\n\n<li>Nominado en la categor\u00eda Paisaje &#8211; Profesional &#8211; por la obra <em><a href=\"https:\/\/fineartphotoawards.com\/winners-gallery\/fapa-2025-2026\/professional\/landscape\/hm\/23817\" rel=\"nofollow noopener\" target=\"_blank\">\u00abLa roca perforada\u00bb<\/a><\/em><\/li>\n\n\n\n<li>Nominado en la categor\u00eda Naturaleza &#8211; Profesional &#8211; por la obra <em><a href=\"https:\/\/fineartphotoawards.com\/winners-gallery\/fapa-2025-2026\/professional\/nature\/hm\/23878\" rel=\"nofollow noopener\" target=\"_blank\">\u00abVerano de hadas\u00bb<\/a><\/em><\/li>\n<\/ul>\n<\/li>\n\n\n\n<li><strong>2025 &#8211; Premios Anuales de Fotograf\u00eda<\/strong>\n<ul class=\"wp-block-list\">\n<li>Menci\u00f3n de honor en la categor\u00eda Naturaleza\/Paisajes &#8211; Profesional &#8211; por la obra <em><a href=\"https:\/\/annualphotoawards.com\/winners\/annual-photography-awards-2025\/award\/nature\/landscapes\/honorable-mention\/4111\" rel=\"nofollow noopener\" target=\"_blank\">\u00abVerano de hadas\u00bb<\/a><\/em><\/li>\n\n\n\n<li>Menci\u00f3n de honor en la categor\u00eda Naturaleza\/Paisajes &#8211; Profesional &#8211; por la obra <em><a href=\"https:\/\/annualphotoawards.com\/winners\/annual-photography-awards-2025\/award\/nature\/landscapes\/honorable-mention\/4134\" rel=\"nofollow noopener\" target=\"_blank\">\u00abLa roca perforada\u00bb<\/a><\/em><\/li>\n\n\n\n<li>Menci\u00f3n de honor en la categor\u00eda Naturaleza\/\u00c1rboles y Flores &#8211; Profesional &#8211; por la obra <em><a href=\"https:\/\/annualphotoawards.com\/winners\/annual-photography-awards-2025\/award\/nature\/trees-flowers\/honorable-mention\/4191\" rel=\"nofollow noopener\" target=\"_blank\">\u00abBosque iluminado\u00bb<\/a><\/em><\/li>\n<\/ul>\n<\/li>\n\n\n\n<li><strong>2025 &#8211; Chromatic Awards<\/strong>\n<ul class=\"wp-block-list\">\n<li>Menci\u00f3n honor\u00edfica en Paisajes &#8211; Categor\u00eda Profesional &#8211; por la entrada <em><a href=\"https:\/\/chromaticawards.com\/winners-gallery\/chromatic-awards-2025\/professional\/landscapes\/hm\/7579\" rel=\"nofollow noopener\" target=\"_blank\">\u00abSandwalk\u00bb<\/a><\/em><\/li>\n\n\n\n<li>Menci\u00f3n honor\u00edfica en Naturaleza &#8211; Categor\u00eda Profesional &#8211; por la entrada <em><a href=\"https:\/\/chromaticawards.com\/winners-gallery\/chromatic-awards-2025\/professional\/nature\/hm\/7626\" rel=\"nofollow noopener\" target=\"_blank\">\u00abFairy summer\u00bb<\/a><\/em><\/li>\n<\/ul>\n<\/li>\n\n\n\n<li><strong>2025 &#8211; Prix de la Photographie Paris (PX3)<\/strong>\n<ul class=\"wp-block-list\">\n<li>Menci\u00f3n honor\u00edfica en la categor\u00eda Naturaleza\/Vida salvaje &#8211; Profesional por la entrada <em><a href=\"https:\/\/px3.fr\/winners\/hm\/2025\/1-122217-25\" rel=\"nofollow noopener\" target=\"_blank\">\u00abAferr\u00e1ndose al tronco\u00bb<\/a><\/em><\/li>\n\n\n\n<li>Menci\u00f3n honor\u00edfica en la categor\u00eda Naturaleza\/Estaciones &#8211; Profesional por la entrada <em><a href=\"https:\/\/px3.fr\/winners\/hm\/2025\/1-122216-25\/\" rel=\"nofollow noopener\" target=\"_blank\">\u00abLlamas de primavera\u00bb<\/a><\/em><\/li>\n\n\n\n<li>Menci\u00f3n honor\u00edfica en la categor\u00eda Naturaleza\/Amanecer\/Atardecer &#8211; Profesional por la entrada <em><a href=\"https:\/\/px3.fr\/winners\/hm\/2025\/1-122214-25\/\" rel=\"nofollow noopener\" target=\"_blank\">\u00abSiluetas de pino\u00bb<\/a><\/em><\/li>\n<\/ul>\n<\/li>\n\n\n\n<li><strong>2025 &#8211; Premios de Fotograf\u00eda Minimalista<\/strong>\n<ul class=\"wp-block-list\">\n<li>Menci\u00f3n honor\u00edfica en la categor\u00eda Bellas Artes &#8211; Profesional por la obra <em><a href=\"https:\/\/minimalistphotographyawards.com\/2025\/08\/22\/cross-the-sky\/\" rel=\"nofollow noopener\" target=\"_blank\">\u00abCruzar el cielo<\/a><\/em><\/li>\n<\/ul>\n<\/li>\n\n\n\n<li><strong>2025 &#8211; Premios Europeos de Fotograf\u00eda (EPA)<\/strong>\n<ul class=\"wp-block-list\">\n<li><strong>Ganador del Oro 2025<\/strong> en la categor\u00eda Fotograf\u00eda Francia &#8211; Paisaje &#8211; Profesional &#8211; por la obra <em><a href=\"https:\/\/europeanphotoawards.com\/winner-info.php?id=4985\" rel=\"nofollow noopener\" target=\"_blank\">\u00abPaseo de arena<\/a><\/em><\/li>\n\n\n\n<li>Menci\u00f3n de honor en la categor\u00eda Bellas Artes &#8211; Paisaje &#8211; Profesional por la obra <em><a href=\"https:\/\/europeanphotoawards.com\/winner-info.php?id=4987\" rel=\"nofollow noopener\" target=\"_blank\">\u00abCampos benditos\u00bb<\/a><\/em><\/li>\n\n\n\n<li>Menci\u00f3n de honor en la categor\u00eda Bellas Artes &#8211; Hora dorada &#8211; Profesional por la obra <em><a href=\"https:\/\/europeanphotoawards.com\/winner-info.php?id=4986\" rel=\"nofollow noopener\" target=\"_blank\">\u00abFormas de pino\u00bb<\/a><\/em><\/li>\n<\/ul>\n<\/li>\n\n\n\n<li><strong>2025 &#8211; Premios Internacionales de Fotograf\u00eda (IPA)<\/strong>\n<ul class=\"wp-block-list\">\n<li>Menci\u00f3n de honor en la categor\u00eda Naturaleza-Espacios &#8211; Profesional &#8211; por la entrada <em><a href=\"https:\/\/photoawards.com\/winner\/zoom.php?eid=8-1722605981-25\" rel=\"nofollow noopener\" target=\"_blank\">\u00abLlamas de primavera\u00bb<\/a><\/em><\/li>\n\n\n\n<li>Selecci\u00f3n oficial en la categor\u00eda Naturaleza-Paisaje &#8211; Profesional &#8211; por la obra <em><a href=\"https:\/\/www.photoawards.com\/winner\/zoom.php?eid=8-1722605985-25\" rel=\"nofollow noopener\" target=\"_blank\">\u00abFormas de pino\u00bb<\/a><\/em><\/li>\n\n\n\n<li>Selecci\u00f3n oficial en la categor\u00eda Naturaleza-Amanecer \/ Atardecer &#8211; Profesional &#8211; por la entrada <em><a href=\"https:\/\/www.photoawards.com\/winner\/zoom.php?eid=8-1722605982-25\" rel=\"nofollow noopener\" target=\"_blank\">\u00abPaseo por la arena\u00bb<\/a><\/em><\/li>\n<\/ul>\n<\/li>\n\n\n\n<li><strong>2025 &#8211; Premios reFocus<\/strong>\n<ul class=\"wp-block-list\">\n<li>Nominada en el concurso Fotograf\u00eda en color &#8211; Minimalismo &#8211; categor\u00eda Profesional &#8211; por la obra <em><a href=\"https:\/\/refocus-awards.com\/contests\/winners\/color?entry_level=PROFESSIONAL&amp;q=kech&amp;entry=spring-flames\" rel=\"nofollow noopener\" target=\"_blank\">\u00abLlamas de primavera\u00bb<\/a><\/em><\/li>\n<\/ul>\n<\/li>\n\n\n\n<li><strong>2024 &#8211; Premios de Fotograf\u00eda Art\u00edstica (FAPA)<\/strong>\n<ul class=\"wp-block-list\">\n<li>Nominado en la categor\u00eda Naturaleza &#8211; Profesional &#8211; por la entrada <em><a href=\"https:\/\/fineartphotoawards.com\/winners-gallery\/fapa-2024-2025\/professional\/nature\/hm\/22160\" rel=\"nofollow noopener\" target=\"_blank\">\u00abDosel de Stangala<\/a><\/em><\/li>\n\n\n\n<li>Nominado en la categor\u00eda Viajes &#8211; Profesional &#8211; por la entrada <em><a href=\"https:\/\/fineartphotoawards.com\/winners-gallery\/fapa-2024-2025\/professional\/travel\/hm\/22492\" data-type=\"link\" data-id=\"https:\/\/fineartphotoawards.com\/winners-gallery\/fapa-2024-2025\/professional\/travel\/hm\/22492\" rel=\"nofollow noopener\" target=\"_blank\">\u00abPuesta de sol en la playa de Marshall\u00bb<\/a><\/em><\/li>\n\n\n\n<li>Nominado en la categor\u00eda Paisaje &#8211; Profesional &#8211; por la entrada <em><a href=\"https:\/\/fineartphotoawards.com\/winners-gallery\/fapa-2024-2025\/professional\/landscape\/hm\/22117\" rel=\"nofollow noopener\" target=\"_blank\">\u00abReloj de sol de roca\u00bb<\/a><\/em><\/li>\n<\/ul>\n<\/li>\n\n\n\n<li><strong>2024 &#8211; Premios Monocromo<\/strong>\n<ul class=\"wp-block-list\">\n<li>Menci\u00f3n de honor en la categor\u00eda Calle &#8211; Profesional &#8211; por la obra <em><a href=\"https:\/\/monoawards.com\/winners-gallery\/monochrome-awards-2024\/professional\/street\/hm\/20783\" rel=\"nofollow noopener\" target=\"_blank\">\u00abAlegor\u00eda de la procesi\u00f3n Covid\u00bb<\/a><\/em><\/li>\n\n\n\n<li>Menci\u00f3n honor\u00edfica en Vida Silvestre &#8211; categor\u00eda Profesional &#8211; por la entrada <em><a href=\"https:\/\/monoawards.com\/winners-gallery\/monochrome-awards-2024\/professional\/wildlife\/hm\/20875\" rel=\"nofollow noopener\" target=\"_blank\">\u00abCiervo Darth\u00bb<\/a><\/em><\/li>\n<\/ul>\n<\/li>\n\n\n\n<li><strong>2024 &#8211; Chromatic Awards<\/strong>\n<ul class=\"wp-block-list\">\n<li>Menci\u00f3n honor\u00edfica en la categor\u00eda Naturaleza &#8211; Profesional &#8211; por la entrada <em><a href=\"https:\/\/chromaticawards.com\/winners-gallery\/chromatic-awards-2024\/professional\/nature\/hm\/6887\" rel=\"nofollow noopener\" target=\"_blank\">\u00abReloj de sol de roca\u00bb<\/a><\/em><\/li>\n\n\n\n<li>Menci\u00f3n honor\u00edfica en la categor\u00eda Naturaleza &#8211; Profesional &#8211; por la entrada <em><a href=\"https:\/\/chromaticawards.com\/winners-gallery\/chromatic-awards-2024\/professional\/nature\/hm\/6889\" rel=\"nofollow noopener\" target=\"_blank\">\u00abD\u00eda de niebla en Stangala\u00bb.<\/a><\/em><\/li>\n\n\n\n<li>Menci\u00f3n de honor en Paisajes &#8211; categor\u00eda Profesional &#8211; por la entrada <em><a href=\"https:\/\/chromaticawards.com\/winners-gallery\/chromatic-awards-2024\/professional\/landscapes\/hm\/6869\" rel=\"nofollow noopener\" target=\"_blank\">\u00abOlas blancas<\/a><\/em><\/li>\n\n\n\n<li>Menci\u00f3n de honor en Bellas Artes &#8211; categor\u00eda Profesional &#8211; por la obra <em><a href=\"https:\/\/chromaticawards.com\/winners-gallery\/chromatic-awards-2024\/professional\/fine-art\/hm\/6838\" rel=\"nofollow noopener\" target=\"_blank\">\u00abDosel de Stangala\u00bb<\/a><\/em><\/li>\n<\/ul>\n<\/li>\n\n\n\n<li><strong>2024 &#8211; reFocus Awards<\/strong>\n<ul class=\"wp-block-list\">\n<li>Nominado en el concurso de fotograf\u00eda en blanco y negro &#8211; Paisajes &#8211; categor\u00eda Profesional &#8211; por la obra <em><a href=\"https:\/\/refocus-awards.com\/entry\/clouds-ocean\" rel=\"nofollow noopener\" target=\"_blank\">\u00abClouds ocean\u00bb<\/a><\/em><\/li>\n<\/ul>\n<\/li>\n\n\n\n<li><strong>2024 &#8211; Premio de Fotograf\u00eda de Par\u00eds (PX3)<\/strong>\n<ul class=\"wp-block-list\">\n<li>Menci\u00f3n de honor en la categor\u00eda Naturaleza\/Puesta de sol\/Amanecer &#8211; Profesional &#8211; por la entrada <em><a href=\"https:\/\/px3.fr\/winners\/hm\/2024\/1-118438-24\/\" rel=\"nofollow noopener\" target=\"_blank\">\u00abReloj de sol de roca\u00bb<\/a><\/em><\/li>\n<\/ul>\n<\/li>\n\n\n\n<li><strong>2024 &#8211; Neutral Density Photography Awards (ND Awards)<\/strong>\n<ul class=\"wp-block-list\">\n<li>Menci\u00f3n honor\u00edfica en la categor\u00eda Naturaleza &#8211; Paisajes &#8211; Profesional &#8211; por la entrada <em><a href=\"https:\/\/ndawards.net\/winners-gallery\/nd-awards-2024\/professional\/landscapes\/hm\/21116\/\" rel=\"nofollow noopener\" target=\"_blank\">\u00abDosel de Stangala<\/a><\/em><\/li>\n\n\n\n<li>Menci\u00f3n honor\u00edfica en la categor\u00eda Naturaleza &#8211; Paisajes &#8211; Profesional &#8211; por la entrada <em><a href=\"https:\/\/ndawards.net\/winners-gallery\/nd-awards-2024\/professional\/landscapes\/hm\/21111\/\" rel=\"nofollow noopener\" target=\"_blank\">\u00abD\u00eda de niebla en Stangala\u00bb.<\/a><\/em><\/li>\n\n\n\n<li>Menci\u00f3n de honor en Arquitectura &#8211; Puentes &#8211; categor\u00eda Profesional &#8211; por la entrada <em><a href=\"https:\/\/ndawards.net\/winners-gallery\/nd-awards-2024\/professional\/bridges\/hm\/20760\/\" rel=\"nofollow noopener\" target=\"_blank\">\u00abLas olas del Golden Gate\u00bb<\/a><\/em><\/li>\n<\/ul>\n<\/li>\n\n\n\n<li><strong>2024 &#8211; European Photography Awards (EPA)<\/strong>\n<ul class=\"wp-block-list\">\n<li>Menci\u00f3n de honor en la categor\u00eda Paisaje &#8211; Fotograf\u00eda de Francia &#8211; Profesional por la entrada <em><a href=\"https:\/\/europeanphotoawards.com\/winner-info.php?id=3583\" rel=\"nofollow noopener\" target=\"_blank\">\u00abReloj de sol de roca\u00bb<\/a><\/em><\/li>\n<\/ul>\n<\/li>\n\n\n\n<li><strong>2023 &#8211; Premios de Fotograf\u00eda Art\u00edstica (FAPA<\/strong>)\n<ul class=\"wp-block-list\">\n<li>Nominado en la categor\u00eda Profesional del paisaje por la obra <em><a href=\"https:\/\/fineartphotoawards.com\/winners-gallery\/fapa-2023-2024\/professional\/landscape\/hm\/20474\" rel=\"nofollow noopener\" target=\"_blank\">\u00abBosque del Mago\u00bb<\/a><\/em><\/li>\n\n\n\n<li>Nominada en la categor\u00eda Profesional del Paisaje por la obra <em><a href=\"https:\/\/fineartphotoawards.com\/winners-gallery\/fapa-2023-2024\/professional\/landscape\/hm\/20449\" rel=\"nofollow noopener\" target=\"_blank\">\u00abHelechos en el caos\u00bb<\/a><\/em><\/li>\n<\/ul>\n<\/li>\n\n\n\n<li><strong>2023 &#8211; Chromatic Awards<\/strong>\n<ul class=\"wp-block-list\">\n<li>Menci\u00f3n honor\u00edfica en Paisajes &#8211; categor\u00eda Profesional &#8211; por la entrada <em><a href=\"https:\/\/chromaticawards.com\/winners-gallery\/chromatic-awards-2023\/professional\/landscapes\/hm\/5805\" rel=\"nofollow noopener\" target=\"_blank\">\u00abArco verde<\/a><\/em><\/li>\n\n\n\n<li>Menci\u00f3n honor\u00edfica en Naturaleza &#8211; categor\u00eda Profesional &#8211; por la entrada <em><a href=\"https:\/\/chromaticawards.com\/winners-gallery\/chromatic-awards-2023\/professional\/nature\/hm\/5829\" rel=\"nofollow noopener\" target=\"_blank\">\u00abHelechos en el caos<\/a><\/em><\/li>\n<\/ul>\n<\/li>\n<\/ul>\n\n\n\n<p><\/p>\n<\/div>\n\n\n\n<div class=\"wp-block-column is-layout-flow wp-block-column-is-layout-flow\" style=\"flex-basis:2%\"><\/div>\n\n\n\n<div class=\"wp-block-column is-vertically-aligned-center is-layout-flow wp-block-column-is-layout-flow\">\n<h2 class=\"wp-block-heading\">Sobre m\u00ed<\/h2>\n\n\n\n<p>Ya sea para decorar su interior, para diferenciarse con bellas im\u00e1genes en su sitio web o para ofrecer un bonito regalo, estar\u00e9 encantada de asesorarle y entregarle <strong>un objeto \u00fanico y a medida<\/strong>.<\/p>\n\n\n\n<p>Las <strong>fotograf\u00edas<\/strong> de <strong>bellas artes<\/strong> propuestas en mi sitio web, todas fotografiadas y editadas por m\u00ed, se imprimen en colaboraci\u00f3n con un <strong>laboratorio especializado en la impresi\u00f3n de fotograf\u00eda de bellas artes<\/strong>. Se pone el m\u00e1ximo cuidado en todas las etapas, desde la toma de fotograf\u00edas hasta la entrega, para ofrecerle la m\u00e1xima calidad de imagen. Est\u00e1n numerados y firmados en una <strong>edici\u00f3n limitada<\/strong> de 20 ejemplares en todo el mundo.<\/p>\n\n\n\n<p>Tambi\u00e9n es posible <strong>ceder los derechos de autor <\/strong>de algunas fotos, previa solicitud, para ilustrar libros, revistas, sitios web o para exposiciones&#8230;<\/p>\n\n\n\n<p>Curiosa por el mundo que me rodea desde que tengo uso de raz\u00f3n, soy una eterna aprendiz. Mi formaci\u00f3n cient\u00edfica como geof\u00edsico y mi antiguo inter\u00e9s por el arte, la literatura y la poes\u00eda me inspiran para observar el mundo a trav\u00e9s de mi c\u00e1mara. Mi reto en el encierro de Covid era convertirme en profesional y, tras algunos estudios y ex\u00e1menes, ha sido todo un logro personal para m\u00ed graduarme con matr\u00edcula de honor en el verano de 2021. Desde entonces, he recibido varios premios en reconocidos concursos internacionales de fotograf\u00eda profesional en las categor\u00edas de paisajes, naturaleza, blanco y negro y arquitectura.<\/p>\n\n\n\n<p>Mi formaci\u00f3n cient\u00edfica me ha proporcionado un profundo conocimiento de las fuerzas naturales que dan forma a nuestra Tierra, y enriquece mi enfoque de la fotograf\u00eda, permiti\u00e9ndome revelar la magia que se esconde detr\u00e1s de cada paisaje, cada roca y cada nube.<\/p>\n\n\n\n<p>Inspir\u00e1ndome en los maestros de la pintura que dominaban el arte del claroscuro, busco crear im\u00e1genes que capten la esencia misma de la luz y la sombra, dando vida a paisajes que parecen salidos directamente de un sue\u00f1o. Cada toma es un lienzo, y cada momento es una oportunidad para explorar los sutiles detalles de nuestro planeta, al tiempo que se cuenta una historia \u00fanica.<\/p>\n\n\n\n<p>A trav\u00e9s de mis fotograf\u00edas, quiero llevarte conmigo en estos viajes visuales, para que sientas la emoci\u00f3n de cada lugar que capto. Espero que mis im\u00e1genes despierten tu propia curiosidad y te inspiren a explorar, proteger y apreciar nuestro precioso planeta.<\/p>\n\n\n\n<p>Si la palabra fotograf\u00eda significa literalmente \u00abescribir con la luz\u00bb, entonces creo que esta actividad es un compromiso perfecto para m\u00ed, en alg\u00fan lugar entre el arte y la ciencia. Porque, en \u00faltima instancia, la fotograf\u00eda se basa en las propiedades \u00f3pticas de la luz, y su famosa dualidad \u00abonda\u00bb y \u00abpart\u00edcula\u00bb descrita por la mec\u00e1nica cu\u00e1ntica, utilizada con fines creativos.<\/p>\n\n\n\n<p>Unos pensamientos bastante metaf\u00edsicos, \u00bfno crees?<\/p>\n\n\n\n<h3 class=\"wp-block-heading\" id=\"sebastien-kech\">Sebastien Kech<\/h3>\n\n\n\n<p><em>Autor Fot\u00f3grafo<\/em><br\/>Fundador de Skywaven Studios<\/p>\n<\/div>\n<\/div>\n<\/div><\/div>\n\n<div class=\"inherit-container-width wp-block-group alignfull has-background is-layout-constrained wp-block-group-is-layout-constrained\" style=\"background-color:#e6f4f6\"><div class=\"wp-block-group__inner-container\">\n<div class=\"wp-block-columns has-background is-layout-flex wp-container-core-columns-is-layout-28f84493 wp-block-columns-is-layout-flex\" style=\"background-color:#e6f4f6\">\n<div class=\"wp-block-column is-layout-flow wp-block-column-is-layout-flow\">\n<h2 class=\"wp-block-heading\" id=\"prints\">Huellas dactilares<\/h2>\n\n\n\n<p>Visita mi portafolio en l\u00ednea, elige tu fotograf\u00eda. No dudes en ponerte en contacto conmigo, podr\u00eda aconsejarte sobre el mejor formato y soporte (tipo de impresi\u00f3n, tipo de papel, tipo de marco&#8230;)<\/p>\n<\/div>\n\n\n\n<div class=\"wp-block-column is-layout-flow wp-block-column-is-layout-flow\">\n<h2 class=\"wp-block-heading\" id=\"photography-services\">Servicios<\/h2>\n\n\n\n<ul class=\"wp-block-list\">\n<li>Impresiones fotogr\u00e1ficas de bellas artes<\/li>\n\n\n\n<li>Asignaci\u00f3n de derechos de autor<\/li>\n<\/ul>\n<\/div>\n\n\n\n<div class=\"wp-block-column is-layout-flow wp-block-column-is-layout-flow\">\n<h2 class=\"wp-block-heading\" id=\"my-values\">Valores<\/h2>\n\n\n\n<ul class=\"wp-block-list\">\n<li>Mant\u00e9n la curiosidad y la mente abierta<\/li>\n\n\n\n<li>Aprende todos los d\u00edas<\/li>\n\n\n\n<li>Observa el mundo<\/li>\n<\/ul>\n<\/div>\n<\/div>\n<\/div><\/div>\n\n<p><\/p>\n","protected":false},"excerpt":{"rendered":"<p>Premios internacionales Sobre m\u00ed Ya sea para decorar su interior, para diferenciarse con bellas im\u00e1genes en su sitio web o para ofrecer un bonito regalo, estar\u00e9 encantada de asesorarle y entregarle un objeto \u00fanico y a medida. Las fotograf\u00edas de bellas artes propuestas en mi sitio web, todas fotografiadas y editadas por m\u00ed, se imprimen [&hellip;]<\/p>\n","protected":false},"author":1,"featured_media":0,"parent":0,"menu_order":0,"comment_status":"closed","ping_status":"closed","template":"","meta":{"_uag_custom_page_level_css":"","site-sidebar-layout":"no-sidebar","site-content-layout":"plain-container","ast-site-content-layout":"normal-width-container","site-content-style":"unboxed","site-sidebar-style":"unboxed","ast-global-header-display":"","ast-banner-title-visibility":"","ast-main-header-display":"","ast-hfb-above-header-display":"","ast-hfb-below-header-display":"","ast-hfb-mobile-header-display":"","site-post-title":"disabled","ast-breadcrumbs-content":"","ast-featured-img":"disabled","footer-sml-layout":"","ast-disable-related-posts":"","theme-transparent-header-meta":"disabled","adv-header-id-meta":"","stick-header-meta":"default","header-above-stick-meta":"","header-main-stick-meta":"","header-below-stick-meta":"","astra-migrate-meta-layouts":"default","ast-page-background-enabled":"default","ast-page-background-meta":{"desktop":{"background-color":"","background-image":"","background-repeat":"repeat","background-position":"center center","background-size":"auto","background-attachment":"scroll","background-type":"","background-media":"","overlay-type":"","overlay-color":"","overlay-opacity":"","overlay-gradient":""},"tablet":{"background-color":"","background-image":"","background-repeat":"repeat","background-position":"center center","background-size":"auto","background-attachment":"scroll","background-type":"","background-media":"","overlay-type":"","overlay-color":"","overlay-opacity":"","overlay-gradient":""},"mobile":{"background-color":"","background-image":"","background-repeat":"repeat","background-position":"center center","background-size":"auto","background-attachment":"scroll","background-type":"","background-media":"","overlay-type":"","overlay-color":"","overlay-opacity":"","overlay-gradient":""}},"ast-content-background-meta":{"desktop":{"background-color":"var(--ast-global-color-5)","background-image":"","background-repeat":"repeat","background-position":"center center","background-size":"auto","background-attachment":"scroll","background-type":"","background-media":"","overlay-type":"","overlay-color":"","overlay-opacity":"","overlay-gradient":""},"tablet":{"background-color":"var(--ast-global-color-5)","background-image":"","background-repeat":"repeat","background-position":"center center","background-size":"auto","background-attachment":"scroll","background-type":"","background-media":"","overlay-type":"","overlay-color":"","overlay-opacity":"","overlay-gradient":""},"mobile":{"background-color":"var(--ast-global-color-5)","background-image":"","background-repeat":"repeat","background-position":"center center","background-size":"auto","background-attachment":"scroll","background-type":"","background-media":"","overlay-type":"","overlay-color":"","overlay-opacity":"","overlay-gradient":""}},"footnotes":""},"class_list":["post-1425","page","type-page","status-publish","hentry"],"uagb_featured_image_src":{"full":false,"thumbnail":false,"medium":false,"medium_large":false,"large":false,"1536x1536":false,"2048x2048":false,"woocommerce_thumbnail":false,"woocommerce_single":false,"woocommerce_gallery_thumbnail":false},"uagb_author_info":{"display_name":"Sebastien Kech","author_link":"https:\/\/www.skywavenstudios.com\/es\/author\/skywavenstudiosgmail-com\/"},"uagb_comment_info":0,"uagb_excerpt":"Premios internacionales Sobre m\u00ed Ya sea para decorar su interior, para diferenciarse con bellas im\u00e1genes en su sitio web o para ofrecer un bonito regalo, estar\u00e9 encantada de asesorarle y entregarle un objeto \u00fanico y a medida. Las fotograf\u00edas de bellas artes propuestas en mi sitio web, todas fotografiadas y editadas por m\u00ed, se imprimen&hellip;","jetpack_sharing_enabled":true,"_links":{"self":[{"href":"https:\/\/www.skywavenstudios.com\/es\/wp-json\/wp\/v2\/pages\/1425","targetHints":{"allow":["GET"]}}],"collection":[{"href":"https:\/\/www.skywavenstudios.com\/es\/wp-json\/wp\/v2\/pages"}],"about":[{"href":"https:\/\/www.skywavenstudios.com\/es\/wp-json\/wp\/v2\/types\/page"}],"author":[{"embeddable":true,"href":"https:\/\/www.skywavenstudios.com\/es\/wp-json\/wp\/v2\/users\/1"}],"replies":[{"embeddable":true,"href":"https:\/\/www.skywavenstudios.com\/es\/wp-json\/wp\/v2\/comments?post=1425"}],"version-history":[{"count":16,"href":"https:\/\/www.skywavenstudios.com\/es\/wp-json\/wp\/v2\/pages\/1425\/revisions"}],"predecessor-version":[{"id":68647,"href":"https:\/\/www.skywavenstudios.com\/es\/wp-json\/wp\/v2\/pages\/1425\/revisions\/68647"}],"wp:attachment":[{"href":"https:\/\/www.skywavenstudios.com\/es\/wp-json\/wp\/v2\/media?parent=1425"}],"curies":[{"name":"wp","href":"https:\/\/api.w.org\/{rel}","templated":true}]}}