{"id":1513,"date":"2020-05-12T03:43:04","date_gmt":"2020-05-12T01:43:04","guid":{"rendered":"https:\/\/skywavenstudios.com\/servicios\/"},"modified":"2025-01-12T13:06:06","modified_gmt":"2025-01-12T12:06:06","slug":"temas","status":"publish","type":"page","link":"https:\/\/www.skywavenstudios.com\/es\/temas\/","title":{"rendered":"Temas"},"content":{"rendered":"\n<div class=\"inherit-container-width wp-block-group alignfull has-white-background-color has-background is-layout-constrained wp-block-group-is-layout-constrained\"><div class=\"wp-block-group__inner-container\">\n<div class=\"wp-block-media-text alignwide has-media-on-the-right is-stacked-on-mobile\"><div class=\"wp-block-media-text__content\">\n<h2 class=\"wp-block-heading\">Paisaje<\/h2>\n\n\n\n<p>Encuentre el mejor momento y punto de vista para tomar la foto deseada. Generalmente trabajo en color para fotograf\u00eda de paisajes. Sin embargo, para sacar el m\u00e1ximo partido a ciertas escenas, utilizo el blanco y negro.<\/p>\n\n\n\n<div class=\"wp-block-buttons is-layout-flex wp-block-buttons-is-layout-flex\">\n<div class=\"wp-block-button\"><a class=\"wp-block-button__link wp-element-button\" href=\"https:\/\/www.skywavenstudios.com\/envira\/landscape\/\" rel=\"#\">Galer\u00eda<\/a><\/div>\n<\/div>\n<\/div><figure class=\"wp-block-media-text__media\"><img decoding=\"async\" width=\"1024\" height=\"683\" src=\"https:\/\/www.skywavenstudios.com\/wp-content\/uploads\/2021\/12\/landscape_lac_noir-1-1024x683.jpg\" alt=\"Fotograf\u00eda de paisaje\" class=\"wp-image-2635 size-full\" srcset=\"https:\/\/www.skywavenstudios.com\/wp-content\/uploads\/2021\/12\/landscape_lac_noir-1-1024x683.jpg 1024w, https:\/\/www.skywavenstudios.com\/wp-content\/uploads\/2021\/12\/landscape_lac_noir-1-300x200.jpg 300w, https:\/\/www.skywavenstudios.com\/wp-content\/uploads\/2021\/12\/landscape_lac_noir-1-600x400.jpg 600w, https:\/\/www.skywavenstudios.com\/wp-content\/uploads\/2021\/12\/landscape_lac_noir-1-768x512.jpg 768w, https:\/\/www.skywavenstudios.com\/wp-content\/uploads\/2021\/12\/landscape_lac_noir-1-1536x1024.jpg 1536w, https:\/\/www.skywavenstudios.com\/wp-content\/uploads\/2021\/12\/landscape_lac_noir-1-1320x880.jpg 1320w, https:\/\/www.skywavenstudios.com\/wp-content\/uploads\/2021\/12\/landscape_lac_noir-1.jpg 1800w\" sizes=\"(max-width: 1024px) 100vw, 1024px\" \/><\/figure><\/div>\n<\/div><\/div>\n\n<div class=\"inherit-container-width wp-block-group alignfull has-white-background-color has-background is-layout-constrained wp-block-group-is-layout-constrained\"><div class=\"wp-block-group__inner-container\">\n<div class=\"wp-block-media-text alignwide is-stacked-on-mobile\"><figure class=\"wp-block-media-text__media\"><img decoding=\"async\" width=\"1024\" height=\"683\" src=\"https:\/\/www.skywavenstudios.com\/wp-content\/uploads\/2021\/10\/street_life_genesis-1-1024x683.jpg\" alt=\"Pareja caminando por el puente\" class=\"wp-image-1978 size-full\" srcset=\"https:\/\/www.skywavenstudios.com\/wp-content\/uploads\/2021\/10\/street_life_genesis-1-1024x683.jpg 1024w, https:\/\/www.skywavenstudios.com\/wp-content\/uploads\/2021\/10\/street_life_genesis-1-300x200.jpg 300w, https:\/\/www.skywavenstudios.com\/wp-content\/uploads\/2021\/10\/street_life_genesis-1-600x400.jpg 600w, https:\/\/www.skywavenstudios.com\/wp-content\/uploads\/2021\/10\/street_life_genesis-1-768x512.jpg 768w, https:\/\/www.skywavenstudios.com\/wp-content\/uploads\/2021\/10\/street_life_genesis-1.jpg 1200w\" sizes=\"(max-width: 1024px) 100vw, 1024px\" \/><\/figure><div class=\"wp-block-media-text__content\">\n<h2 class=\"wp-block-heading\">vida de calle<\/h2>\n\n\n\n<p>Espera el buen momento para encontrar el equilibrio perfecto en la composici\u00f3n y encontrar la mejor luz y perspectiva. Trabajo principalmente en blanco y negro para fotograf\u00eda callejera.<\/p>\n\n\n\n<div class=\"wp-block-buttons is-layout-flex wp-block-buttons-is-layout-flex\">\n<div class=\"wp-block-button\"><a class=\"wp-block-button__link wp-element-button\" href=\"https:\/\/www.skywavenstudios.com\/envira\/street-life\/\" rel=\"#\">Galer\u00eda<\/a><\/div>\n<\/div>\n<\/div><\/div>\n<\/div><\/div>\n\n<div class=\"inherit-container-width wp-block-group alignfull has-white-background-color has-background is-layout-constrained wp-block-group-is-layout-constrained\"><div class=\"wp-block-group__inner-container\">\n<div class=\"wp-block-media-text alignwide has-media-on-the-right is-stacked-on-mobile\"><div class=\"wp-block-media-text__content\">\n<h2 class=\"wp-block-heading\">Fauna silvestre<\/h2>\n\n\n\n<p>\u00a1Paciencia, paciencia y calma! Tras cientos de intentos, de repente lo consigues: la joya fotogr\u00e1fica de un animal salvaje.<\/p>\n\n\n\n<div class=\"wp-block-buttons is-layout-flex wp-block-buttons-is-layout-flex\">\n<div class=\"wp-block-button\"><a class=\"wp-block-button__link wp-element-button\" href=\" &#10;https:\/\/www.skywavenstudios.com\/envira\/wildlife\/\" rel=\"#\">Galer\u00eda<\/a><\/div>\n<\/div>\n<\/div><figure class=\"wp-block-media-text__media\"><img decoding=\"async\" width=\"1024\" height=\"683\" src=\"https:\/\/www.skywavenstudios.com\/wp-content\/uploads\/2021\/12\/wildlife_photo-1024x683.jpg\" alt=\"\" class=\"wp-image-2626 size-full\" srcset=\"https:\/\/www.skywavenstudios.com\/wp-content\/uploads\/2021\/12\/wildlife_photo-1024x683.jpg 1024w, https:\/\/www.skywavenstudios.com\/wp-content\/uploads\/2021\/12\/wildlife_photo-300x200.jpg 300w, https:\/\/www.skywavenstudios.com\/wp-content\/uploads\/2021\/12\/wildlife_photo-600x400.jpg 600w, https:\/\/www.skywavenstudios.com\/wp-content\/uploads\/2021\/12\/wildlife_photo-768x512.jpg 768w, https:\/\/www.skywavenstudios.com\/wp-content\/uploads\/2021\/12\/wildlife_photo-1536x1024.jpg 1536w, https:\/\/www.skywavenstudios.com\/wp-content\/uploads\/2021\/12\/wildlife_photo-1320x880.jpg 1320w, https:\/\/www.skywavenstudios.com\/wp-content\/uploads\/2021\/12\/wildlife_photo.jpg 1800w\" sizes=\"(max-width: 1024px) 100vw, 1024px\" \/><\/figure><\/div>\n<\/div><\/div>\n\n<div class=\"inherit-container-width wp-block-group alignfull has-white-background-color has-background is-layout-constrained wp-block-group-is-layout-constrained\"><div class=\"wp-block-group__inner-container\">\n<div class=\"wp-block-media-text alignwide is-stacked-on-mobile\"><figure class=\"wp-block-media-text__media\"><img decoding=\"async\" width=\"1024\" height=\"683\" src=\"https:\/\/www.skywavenstudios.com\/wp-content\/uploads\/2021\/10\/architecture_ladefense_cityscape-1024x683.jpg\" alt=\"Arquitectura y paisaje urbano\" class=\"wp-image-1958 size-full\" srcset=\"https:\/\/www.skywavenstudios.com\/wp-content\/uploads\/2021\/10\/architecture_ladefense_cityscape-1024x683.jpg 1024w, https:\/\/www.skywavenstudios.com\/wp-content\/uploads\/2021\/10\/architecture_ladefense_cityscape-300x200.jpg 300w, https:\/\/www.skywavenstudios.com\/wp-content\/uploads\/2021\/10\/architecture_ladefense_cityscape-600x400.jpg 600w, https:\/\/www.skywavenstudios.com\/wp-content\/uploads\/2021\/10\/architecture_ladefense_cityscape-768x512.jpg 768w, https:\/\/www.skywavenstudios.com\/wp-content\/uploads\/2021\/10\/architecture_ladefense_cityscape.jpg 1200w\" sizes=\"(max-width: 1024px) 100vw, 1024px\" \/><\/figure><div class=\"wp-block-media-text__content\">\n<h2 class=\"wp-block-heading\">Arquitectura<\/h2>\n\n\n\n<p>La arquitectura es la mejor oportunidad para trabajar las l\u00edneas, las simetr\u00edas, las formas y la luz.<\/p>\n\n\n\n<div class=\"wp-block-buttons is-layout-flex wp-block-buttons-is-layout-flex\">\n<div class=\"wp-block-button\"><a class=\"wp-block-button__link wp-element-button\" href=\" &#10;https:\/\/www.skywavenstudios.com\/envira\/architecture\/\" rel=\"#\">Galer\u00eda<\/a><\/div>\n<\/div>\n<\/div><\/div>\n<\/div><\/div>\n\n<div class=\"inherit-container-width wp-block-group alignfull has-background is-layout-constrained wp-block-group-is-layout-constrained\" style=\"background-color:#e6f4f6\"><div class=\"wp-block-group__inner-container\">\n<h2 class=\"wp-block-heading has-text-align-center has-background\" style=\"background-color:#e6f4f6\">Preguntas frecuentes<\/h2>\n\n\n\n<div class=\"wp-block-columns has-background is-layout-flex wp-container-core-columns-is-layout-28f84493 wp-block-columns-is-layout-flex\" style=\"background-color:#e6f4f6\">\n<div class=\"wp-block-column is-layout-flow wp-block-column-is-layout-flow\">\n<h4 class=\"wp-block-heading has-text-align-left\">\u00bfFotograf\u00eda otras cosas?<\/h4>\n\n\n\n<p class=\"has-text-align-left\">S\u00ed, por supuesto. Pueden ser eventos sociales o personales, monumentos, objetos &#8230; <\/p>\n\n\n\n<h4 class=\"wp-block-heading has-text-align-left\">\u00bfEditas tus fotos?<\/h4>\n\n\n\n<p class=\"has-text-align-left\">Disparo en RAW y luego edito mis fotos para ampliar la escena. Pero siempre hay un l\u00edmite en esto. Mi regla es mejorar la foto con cambios sutiles y nunca caer en la trampa de la edici\u00f3n excesiva.<\/p>\n\n\n\n<h4 class=\"wp-block-heading has-text-align-left\">\u00bfTiene alg\u00fan equipo de estudio fotogr\u00e1fico?<\/h4>\n\n\n\n<p class=\"has-text-align-left\">Tengo luces de flash y modificadores de luz para la fotograf\u00eda de estudio.<\/p>\n<\/div>\n\n\n\n<div class=\"wp-block-column is-layout-flow wp-block-column-is-layout-flow\">\n<h4 class=\"wp-block-heading has-text-align-left\">\u00bfHa ganado alg\u00fan concurso?<\/h4>\n\n\n\n<p class=\"has-text-align-left\">En ocasiones he presentado algunas de mis fotos a concursos profesionales de fotograf\u00eda y ya he sido premiada en varios concursos internacionales.<\/p>\n\n\n\n<h4 class=\"wp-block-heading has-text-align-left\">\u00bfQui\u00e9n le inspira como fot\u00f3grafo?<\/h4>\n\n\n\n<p class=\"has-text-align-left\">Me interesan mucho los cuadros y he aprendido mucho sobre las reglas de composici\u00f3n gracias a ellos. Especialmente los pintores de claroscuro (Caravaggio, Rembrandt, Vermeer, Georges de La Tour &#8230;). Son una gran fuente de inspiraci\u00f3n para m\u00ed. Tambi\u00e9n me gusta el realismo de algunos pintores como Millet, Courbet o Repine.<\/p>\n\n\n\n<p class=\"has-text-align-left\">Evidentemente, hay muchos fot\u00f3grafos a los que admiro, como Willy Ronis, Fan Ho, Sebastiao Salgado, Hermann Landshoff, Elliot Erwitt, Cartier-Bresson y su \u00abMomento decisivo\u00bb, Ansel Adams, Brassa\u00ef&#8230;<\/p>\n<\/div>\n<\/div>\n<\/div><\/div>\n\n<p><\/p>\n","protected":false},"excerpt":{"rendered":"<p>Paisaje Encuentre el mejor momento y punto de vista para tomar la foto deseada. Generalmente trabajo en color para fotograf\u00eda de paisajes. Sin embargo, para sacar el m\u00e1ximo partido a ciertas escenas, utilizo el blanco y negro. vida de calle Espera el buen momento para encontrar el equilibrio perfecto en la composici\u00f3n y encontrar la [&hellip;]<\/p>\n","protected":false},"author":1,"featured_media":0,"parent":0,"menu_order":0,"comment_status":"closed","ping_status":"closed","template":"","meta":{"_uag_custom_page_level_css":"","site-sidebar-layout":"no-sidebar","site-content-layout":"plain-container","ast-site-content-layout":"normal-width-container","site-content-style":"unboxed","site-sidebar-style":"unboxed","ast-global-header-display":"","ast-banner-title-visibility":"","ast-main-header-display":"","ast-hfb-above-header-display":"","ast-hfb-below-header-display":"","ast-hfb-mobile-header-display":"","site-post-title":"disabled","ast-breadcrumbs-content":"","ast-featured-img":"disabled","footer-sml-layout":"","ast-disable-related-posts":"","theme-transparent-header-meta":"default","adv-header-id-meta":"","stick-header-meta":"default","header-above-stick-meta":"","header-main-stick-meta":"","header-below-stick-meta":"","astra-migrate-meta-layouts":"default","ast-page-background-enabled":"default","ast-page-background-meta":{"desktop":{"background-color":"","background-image":"","background-repeat":"repeat","background-position":"center center","background-size":"auto","background-attachment":"scroll","background-type":"","background-media":"","overlay-type":"","overlay-color":"","overlay-opacity":"","overlay-gradient":""},"tablet":{"background-color":"","background-image":"","background-repeat":"repeat","background-position":"center center","background-size":"auto","background-attachment":"scroll","background-type":"","background-media":"","overlay-type":"","overlay-color":"","overlay-opacity":"","overlay-gradient":""},"mobile":{"background-color":"","background-image":"","background-repeat":"repeat","background-position":"center center","background-size":"auto","background-attachment":"scroll","background-type":"","background-media":"","overlay-type":"","overlay-color":"","overlay-opacity":"","overlay-gradient":""}},"ast-content-background-meta":{"desktop":{"background-color":"var(--ast-global-color-5)","background-image":"","background-repeat":"repeat","background-position":"center center","background-size":"auto","background-attachment":"scroll","background-type":"","background-media":"","overlay-type":"","overlay-color":"","overlay-opacity":"","overlay-gradient":""},"tablet":{"background-color":"var(--ast-global-color-5)","background-image":"","background-repeat":"repeat","background-position":"center center","background-size":"auto","background-attachment":"scroll","background-type":"","background-media":"","overlay-type":"","overlay-color":"","overlay-opacity":"","overlay-gradient":""},"mobile":{"background-color":"var(--ast-global-color-5)","background-image":"","background-repeat":"repeat","background-position":"center center","background-size":"auto","background-attachment":"scroll","background-type":"","background-media":"","overlay-type":"","overlay-color":"","overlay-opacity":"","overlay-gradient":""}},"footnotes":""},"class_list":["post-1513","page","type-page","status-publish","hentry"],"uagb_featured_image_src":{"full":false,"thumbnail":false,"medium":false,"medium_large":false,"large":false,"1536x1536":false,"2048x2048":false,"woocommerce_thumbnail":false,"woocommerce_single":false,"woocommerce_gallery_thumbnail":false},"uagb_author_info":{"display_name":"Sebastien Kech","author_link":"https:\/\/www.skywavenstudios.com\/es\/author\/skywavenstudiosgmail-com\/"},"uagb_comment_info":0,"uagb_excerpt":"Paisaje Encuentre el mejor momento y punto de vista para tomar la foto deseada. Generalmente trabajo en color para fotograf\u00eda de paisajes. Sin embargo, para sacar el m\u00e1ximo partido a ciertas escenas, utilizo el blanco y negro. vida de calle Espera el buen momento para encontrar el equilibrio perfecto en la composici\u00f3n y encontrar la&hellip;","jetpack_sharing_enabled":true,"_links":{"self":[{"href":"https:\/\/www.skywavenstudios.com\/es\/wp-json\/wp\/v2\/pages\/1513","targetHints":{"allow":["GET"]}}],"collection":[{"href":"https:\/\/www.skywavenstudios.com\/es\/wp-json\/wp\/v2\/pages"}],"about":[{"href":"https:\/\/www.skywavenstudios.com\/es\/wp-json\/wp\/v2\/types\/page"}],"author":[{"embeddable":true,"href":"https:\/\/www.skywavenstudios.com\/es\/wp-json\/wp\/v2\/users\/1"}],"replies":[{"embeddable":true,"href":"https:\/\/www.skywavenstudios.com\/es\/wp-json\/wp\/v2\/comments?post=1513"}],"version-history":[{"count":6,"href":"https:\/\/www.skywavenstudios.com\/es\/wp-json\/wp\/v2\/pages\/1513\/revisions"}],"predecessor-version":[{"id":65643,"href":"https:\/\/www.skywavenstudios.com\/es\/wp-json\/wp\/v2\/pages\/1513\/revisions\/65643"}],"wp:attachment":[{"href":"https:\/\/www.skywavenstudios.com\/es\/wp-json\/wp\/v2\/media?parent=1513"}],"curies":[{"name":"wp","href":"https:\/\/api.w.org\/{rel}","templated":true}]}}