{"id":3124,"date":"2021-08-17T16:01:25","date_gmt":"2021-08-17T14:01:25","guid":{"rendered":"https:\/\/skywavenstudios.com\/aviso-legal\/"},"modified":"2022-09-29T18:42:40","modified_gmt":"2022-09-29T16:42:40","slug":"aviso-legal","status":"publish","type":"page","link":"https:\/\/www.skywavenstudios.com\/es\/aviso-legal\/","title":{"rendered":"Aviso Legal"},"content":{"rendered":"\n<h2 class=\"wp-block-heading\">1. Identificaci\u00f3n<\/h2>\n\n<h3 class=\"wp-block-heading\">1.1 Editor<\/h3>\n\n<p>El sitio web<a href=\"http:\/\/www.skywavenstudios.com\/es\/\">www.skywavenstudios.com<\/a> est\u00e1 editado por Skywaven Studios &#8211; Sebastien Kech, fot\u00f3grafo de autor.<\/p>\n\n<h3 class=\"wp-block-heading\">1.2 <strong>Empresa<\/strong><\/h3>\n\n<p>Skywaven Studios es una empresa individual (EI) registrada en Francia bajo el r\u00e9gimen de artista-autor dentro del repertorio <a rel=\"noreferrer noopener nofollow\" href=\"https:\/\/www.sirene.fr\/sirene\/public\/accueil\" target=\"_blank\">SIRENE<\/a>.<\/p>\n\n<ul class=\"wp-block-list\"><li>Sede social : 36 rue du pr\u00e9sident Wilson, 78230 Le Pecq, Francia.<\/li><li>SIRENA : 918 437 955<\/li><li>SIRET : 918 437 955 00019<\/li><li>C\u00f3digo APE : 7420Z<\/li><li>N\u00famero de IVA (intracomunitario de la UE) : FR68918437955<\/li><li>Director : Sebastien Kech<\/li><li>Contacto: <a href=\"mailto:skywavenstudios@gmail.com\">skywavenstudios@gmail.com<\/a> o <a href=\"https:\/\/skywavenstudios.com\/es\/contacto\/\">Formulario de contacto<\/a>.<\/li><\/ul>\n\n<h3 class=\"wp-block-heading\">1.3 <strong>Alojamiento<\/strong><\/h3>\n\n<p>Hostinger, con sede en Hostinger International Ltd, 61 Lordou Vironos Street, 6023 Larnaca, Chipre, accesible por los siguientes medios: <a href=\"https:\/\/www.hostinger.fr\/contact\" target=\"_blank\" rel=\"noreferrer noopener nofollow\">https:\/\/www.hostinger.fr\/contact<\/a> .<\/p>\n\n<h2 class=\"wp-block-heading\">2. Propiedad Intelectual<\/h2>\n\n<p>Todas las fotograf\u00edas, textos, comentarios, marcas, logotipos, ilustraciones, im\u00e1genes, animadas o no, secuencias de v\u00eddeo, sonidos, as\u00ed como todas las aplicaciones inform\u00e1ticas que pudieran utilizarse para el funcionamiento de este sitio web y, en general, todos los elementos reproducidos o utilizados en este. Los sitios web est\u00e1n protegidos por las leyes francesas y \/ o internacionales vigentes en virtud de la propiedad intelectual y, m\u00e1s particularmente, de las leyes de derechos de autor y marcas registradas.<br\/>Son propiedad total y completa del Editor o sus socios, a menos que se especifique lo contrario. Queda estrictamente prohibida cualquier reproducci\u00f3n, representaci\u00f3n, uso o adaptaci\u00f3n, en cualquier forma, de la totalidad o parte de estos elementos, incluidas las aplicaciones inform\u00e1ticas, sin el consentimiento previo por escrito del Editor. El hecho de que el Editor no inicie procedimientos al tener conocimiento de estos usos no autorizados no constituye aceptaci\u00f3n de dichos usos y renuncia al enjuiciamiento.<br\/>No se pueden utilizar de ninguna forma sin el permiso por escrito del Editor o sus socios, a menos que se especifique lo contrario, o sin haber firmado un contrato de cesi\u00f3n de derechos de autor para un uso comercial.<\/p>\n\n<p><strong>Todos los derechos reservados &#8211; Skywaven Studios<\/strong><\/p>\n\n<p><\/p>\n","protected":false},"excerpt":{"rendered":"<p>1. Identificaci\u00f3n 1.1 Editor El sitio webwww.skywavenstudios.com est\u00e1 editado por Skywaven Studios &#8211; Sebastien Kech, fot\u00f3grafo de autor. 1.2 Empresa Skywaven Studios es una empresa individual (EI) registrada en Francia bajo el r\u00e9gimen de artista-autor dentro del repertorio SIRENE. Sede social : 36 rue du pr\u00e9sident Wilson, 78230 Le Pecq, Francia. SIRENA : 918 437 [&hellip;]<\/p>\n","protected":false},"author":1,"featured_media":0,"parent":0,"menu_order":0,"comment_status":"closed","ping_status":"closed","template":"","meta":{"_uag_custom_page_level_css":"","site-sidebar-layout":"no-sidebar","site-content-layout":"plain-container","ast-site-content-layout":"default","site-content-style":"default","site-sidebar-style":"default","ast-global-header-display":"","ast-banner-title-visibility":"","ast-main-header-display":"","ast-hfb-above-header-display":"","ast-hfb-below-header-display":"","ast-hfb-mobile-header-display":"","site-post-title":"enabled","ast-breadcrumbs-content":"","ast-featured-img":"enabled","footer-sml-layout":"","ast-disable-related-posts":"","theme-transparent-header-meta":"disabled","adv-header-id-meta":"","stick-header-meta":"default","header-above-stick-meta":"","header-main-stick-meta":"","header-below-stick-meta":"","astra-migrate-meta-layouts":"default","ast-page-background-enabled":"default","ast-page-background-meta":{"desktop":{"background-color":"","background-image":"","background-repeat":"repeat","background-position":"center center","background-size":"auto","background-attachment":"scroll","background-type":"","background-media":"","overlay-type":"","overlay-color":"","overlay-opacity":"","overlay-gradient":""},"tablet":{"background-color":"","background-image":"","background-repeat":"repeat","background-position":"center center","background-size":"auto","background-attachment":"scroll","background-type":"","background-media":"","overlay-type":"","overlay-color":"","overlay-opacity":"","overlay-gradient":""},"mobile":{"background-color":"","background-image":"","background-repeat":"repeat","background-position":"center center","background-size":"auto","background-attachment":"scroll","background-type":"","background-media":"","overlay-type":"","overlay-color":"","overlay-opacity":"","overlay-gradient":""}},"ast-content-background-meta":{"desktop":{"background-color":"var(--ast-global-color-5)","background-image":"","background-repeat":"repeat","background-position":"center center","background-size":"auto","background-attachment":"scroll","background-type":"","background-media":"","overlay-type":"","overlay-color":"","overlay-opacity":"","overlay-gradient":""},"tablet":{"background-color":"var(--ast-global-color-5)","background-image":"","background-repeat":"repeat","background-position":"center center","background-size":"auto","background-attachment":"scroll","background-type":"","background-media":"","overlay-type":"","overlay-color":"","overlay-opacity":"","overlay-gradient":""},"mobile":{"background-color":"var(--ast-global-color-5)","background-image":"","background-repeat":"repeat","background-position":"center center","background-size":"auto","background-attachment":"scroll","background-type":"","background-media":"","overlay-type":"","overlay-color":"","overlay-opacity":"","overlay-gradient":""}},"footnotes":""},"class_list":["post-3124","page","type-page","status-publish","hentry"],"uagb_featured_image_src":{"full":false,"thumbnail":false,"medium":false,"medium_large":false,"large":false,"1536x1536":false,"2048x2048":false,"woocommerce_thumbnail":false,"woocommerce_single":false,"woocommerce_gallery_thumbnail":false},"uagb_author_info":{"display_name":"Sebastien Kech","author_link":"https:\/\/www.skywavenstudios.com\/es\/author\/skywavenstudiosgmail-com\/"},"uagb_comment_info":0,"uagb_excerpt":"1. Identificaci\u00f3n 1.1 Editor El sitio webwww.skywavenstudios.com est\u00e1 editado por Skywaven Studios &#8211; Sebastien Kech, fot\u00f3grafo de autor. 1.2 Empresa Skywaven Studios es una empresa individual (EI) registrada en Francia bajo el r\u00e9gimen de artista-autor dentro del repertorio SIRENE. Sede social : 36 rue du pr\u00e9sident Wilson, 78230 Le Pecq, Francia. SIRENA : 918 437&hellip;","jetpack_sharing_enabled":true,"_links":{"self":[{"href":"https:\/\/www.skywavenstudios.com\/es\/wp-json\/wp\/v2\/pages\/3124","targetHints":{"allow":["GET"]}}],"collection":[{"href":"https:\/\/www.skywavenstudios.com\/es\/wp-json\/wp\/v2\/pages"}],"about":[{"href":"https:\/\/www.skywavenstudios.com\/es\/wp-json\/wp\/v2\/types\/page"}],"author":[{"embeddable":true,"href":"https:\/\/www.skywavenstudios.com\/es\/wp-json\/wp\/v2\/users\/1"}],"replies":[{"embeddable":true,"href":"https:\/\/www.skywavenstudios.com\/es\/wp-json\/wp\/v2\/comments?post=3124"}],"version-history":[{"count":6,"href":"https:\/\/www.skywavenstudios.com\/es\/wp-json\/wp\/v2\/pages\/3124\/revisions"}],"predecessor-version":[{"id":61559,"href":"https:\/\/www.skywavenstudios.com\/es\/wp-json\/wp\/v2\/pages\/3124\/revisions\/61559"}],"wp:attachment":[{"href":"https:\/\/www.skywavenstudios.com\/es\/wp-json\/wp\/v2\/media?parent=3124"}],"curies":[{"name":"wp","href":"https:\/\/api.w.org\/{rel}","templated":true}]}}