{"id":10354,"date":"2022-02-02T21:12:11","date_gmt":"2022-02-02T20:12:11","guid":{"rendered":"https:\/\/skywavenstudios.com\/?post_type=product&#038;p=10354"},"modified":"2025-09-14T14:09:24","modified_gmt":"2025-09-14T12:09:24","slug":"imprimir-31","status":"publish","type":"product","link":"https:\/\/www.skywavenstudios.com\/es\/producto\/imprimir-31\/","title":{"rendered":"Imprimir &#8211; 3:1"},"content":{"rendered":"<p>Todas las impresiones se realizan en un laboratorio de impresi\u00f3n de fotograf\u00eda art\u00edstica y se controlan con un alto control de calidad.<\/p>\n<p>Se proponen tres soportes diferentes para las impresiones:<\/p>\n<ul>\n<li><strong>Impresi\u00f3n en papel<\/strong> : Elegimos el mejor papel para la foto que quieres imprimir. Por favor, no dude en mencionar el tipo de papel si tiene alguna preferencia. Todos los papeles utilizados son papeles de referencia para fotograf\u00eda de bellas artes y se utilizan para exposiciones en todo el mundo. Estos son algunos de los papeles que se pueden utilizar:\n<ul>\n<li><em>Hahnem\u00fchle &#8211; Photo Rag Bright White 310 g\/m2 (mate, blanco fr\u00edo)<\/em><\/li>\n<li><em>Hahnem\u00fchle &#8211; Photo Rag 308 g\/m2 (mate, blanco c\u00e1lido)<\/em><\/li>\n<li><em>Hahnem\u00fchle &#8211; Grabado de museo 350 g\/m2 (mate, blanco c\u00e1lido, texturizado)<\/em><\/li>\n<li><em>Hahnem\u00fchle &#8211; Fine Art Baryta 325 g\/m2 (satinado, blanco fr\u00edo)<\/em><\/li>\n<\/ul>\n<\/li>\n<li><strong>Impresi\u00f3n dibond aluminio<\/strong> : Impresi\u00f3n sobre papel (descripci\u00f3n arriba) laminada sobre aluminio dibond de 3 mm. La laminaci\u00f3n sobre dibond garantiza a la fotograf\u00eda una perfecta rigidez y una excelente durabilidad, sea cual sea el formato elegido. El soporte es buscado por su sobriedad, adem\u00e1s es menos voluminoso que la l\u00e1mina enmarcada. A la vez ligero y robusto, sin acristalamiento, tiene un aspecto purista.<\/li>\n<li><strong>Impresi\u00f3n acr\u00edlica<\/strong> : Impresi\u00f3n sobre papel (descripci\u00f3n arriba) pegada entre un dibond de 3 mm y una placa acr\u00edlica. Realza los colores y le da a la foto un incre\u00edble efecto de brillo y profundidad. El vidrio acr\u00edlico es resistente a los rayos UV y la humedad, lo que protege los colores de su foto durante mucho tiempo.<\/li>\n<\/ul>\n<p>Se proponen cuatro tama\u00f1os diferentes:<\/p>\n<ul>\n<li><strong>Peque\u00f1o<\/strong>: 20 x 60 cm<\/li>\n<li><strong>Medio<\/strong>: 30 x 90 cm<\/li>\n<li><strong>Grande<\/strong>: 40 x 120 cm<\/li>\n<li><strong>Extra grande<\/strong>: 50 x 150 cm<\/li>\n<\/ul>\n<p>Por favor, tenga en cuenta que si pide un marco, las dimensiones ser\u00e1n mayores debido al marco.<\/p>\n","protected":false},"excerpt":{"rendered":"<p>Todas las impresiones se realizan en un laboratorio de impresi\u00f3n de fotograf\u00eda art\u00edstica, se revisan con un alto control de calidad y se entregan con un certificado de autenticidad. Se proponen tres soportes diferentes para las impresiones:<\/p>\n<ul>\n<li><strong>Impresi\u00f3n en papel<\/strong> : Elegimos el mejor papel para la foto que quieres imprimir. Todos los papeles utilizados son papeles para fotograf\u00eda art\u00edstica.<\/li>\n<li>Impresi\u00f3n en <strong>dibond de aluminio<\/strong> : Impresi\u00f3n en papel laminado sobre una placa de aluminio dibond de 3 mm.<\/li>\n<li><strong>Impresi\u00f3n acr\u00edlica<\/strong> : Impresi\u00f3n sobre papel encolado entre un dibond de 3 mm y una placa acr\u00edlica.<\/li>\n<\/ul>\n<p>Se proponen cuatro tama\u00f1os de impresi\u00f3n diferentes: <strong>Peque\u00f1o<\/strong> (20 x 60 cm), <strong>Mediano<\/strong> (30 x 90 cm), <strong>Grande <\/strong>(40 x 120 cm), <strong>Extra grande<\/strong> (50 x 150 cm). Tenga en cuenta que las dimensiones totales ser\u00e1n mayores si pide un marco.<\/p>\n","protected":false},"featured_media":68100,"template":"","meta":{"_uag_custom_page_level_css":"","site-sidebar-layout":"default","site-content-layout":"default","ast-site-content-layout":"default","site-content-style":"default","site-sidebar-style":"default","ast-global-header-display":"","ast-banner-title-visibility":"","ast-main-header-display":"","ast-hfb-above-header-display":"","ast-hfb-below-header-display":"","ast-hfb-mobile-header-display":"","site-post-title":"","ast-breadcrumbs-content":"","ast-featured-img":"","footer-sml-layout":"","ast-disable-related-posts":"","theme-transparent-header-meta":"default","adv-header-id-meta":"","stick-header-meta":"default","header-above-stick-meta":"","header-main-stick-meta":"","header-below-stick-meta":"","astra-migrate-meta-layouts":"default","ast-page-background-enabled":"default","ast-page-background-meta":{"desktop":{"background-color":"","background-image":"","background-repeat":"repeat","background-position":"center center","background-size":"auto","background-attachment":"scroll","background-type":"","background-media":"","overlay-type":"","overlay-color":"","overlay-opacity":"","overlay-gradient":""},"tablet":{"background-color":"","background-image":"","background-repeat":"repeat","background-position":"center center","background-size":"auto","background-attachment":"scroll","background-type":"","background-media":"","overlay-type":"","overlay-color":"","overlay-opacity":"","overlay-gradient":""},"mobile":{"background-color":"","background-image":"","background-repeat":"repeat","background-position":"center center","background-size":"auto","background-attachment":"scroll","background-type":"","background-media":"","overlay-type":"","overlay-color":"","overlay-opacity":"","overlay-gradient":""}},"ast-content-background-meta":{"desktop":{"background-color":"var(--ast-global-color-5)","background-image":"","background-repeat":"repeat","background-position":"center center","background-size":"auto","background-attachment":"scroll","background-type":"","background-media":"","overlay-type":"","overlay-color":"","overlay-opacity":"","overlay-gradient":""},"tablet":{"background-color":"var(--ast-global-color-5)","background-image":"","background-repeat":"repeat","background-position":"center center","background-size":"auto","background-attachment":"scroll","background-type":"","background-media":"","overlay-type":"","overlay-color":"","overlay-opacity":"","overlay-gradient":""},"mobile":{"background-color":"var(--ast-global-color-5)","background-image":"","background-repeat":"repeat","background-position":"center center","background-size":"auto","background-attachment":"scroll","background-type":"","background-media":"","overlay-type":"","overlay-color":"","overlay-opacity":"","overlay-gradient":""}}},"product_brand":[],"product_cat":[393,506],"product_tag":[483],"class_list":{"0":"post-10354","1":"product","2":"type-product","3":"status-publish","4":"has-post-thumbnail","6":"product_cat-impresiones-fotograficas-de-bellas-artes","7":"product_cat-imprimir-relacion-31","8":"product_tag-impresion","9":"pa_aspect-ratio-31-es","10":"pa_frame-marco","11":"pa_frame-marco-flotante","12":"pa_frame-sin-marco","13":"pa_medium-dibond-de-aluminio","14":"pa_medium-papel","15":"pa_medium-plexiglas-es","16":"pa_size-extra-grande","17":"pa_size-grande-es","18":"pa_size-medio","19":"pa_size-pequeno","20":"desktop-align-center","21":"tablet-align-center","22":"mobile-align-center","23":"ast-product-gallery-layout-horizontal-slider","24":"ast-product-gallery-with-no-image","25":"ast-product-single-variable","26":"ast-product-tabs-layout-horizontal","28":"first","29":"instock","30":"taxable","31":"shipping-taxable","32":"purchasable","33":"product-type-variable","34":"has-default-attributes"},"composite_virtual":false,"composite_layout":"","composite_add_to_cart_form_location":"","composite_editable_in_cart":false,"composite_sold_individually_context":"","composite_shop_price_calc":"","composite_components":[],"composite_scenarios":[],"uagb_featured_image_src":{"full":["https:\/\/www.skywavenstudios.com\/wp-content\/uploads\/2022\/01\/print-1.jpg",1158,774,false],"thumbnail":["https:\/\/www.skywavenstudios.com\/wp-content\/uploads\/2022\/01\/print-1-150x150.jpg",150,150,true],"medium":["https:\/\/www.skywavenstudios.com\/wp-content\/uploads\/2022\/01\/print-1-300x201.jpg",300,201,true],"medium_large":["https:\/\/www.skywavenstudios.com\/wp-content\/uploads\/2022\/01\/print-1-768x513.jpg",768,513,true],"large":["https:\/\/www.skywavenstudios.com\/wp-content\/uploads\/2022\/01\/print-1-1024x684.jpg",1024,684,true],"1536x1536":["https:\/\/www.skywavenstudios.com\/wp-content\/uploads\/2022\/01\/print-1.jpg",1158,774,false],"2048x2048":["https:\/\/www.skywavenstudios.com\/wp-content\/uploads\/2022\/01\/print-1.jpg",1158,774,false],"woocommerce_thumbnail":["https:\/\/www.skywavenstudios.com\/wp-content\/uploads\/2022\/01\/print-1-300x201.jpg",300,201,true],"woocommerce_single":["https:\/\/www.skywavenstudios.com\/wp-content\/uploads\/2022\/01\/print-1-600x401.jpg",600,401,true],"woocommerce_gallery_thumbnail":["https:\/\/www.skywavenstudios.com\/wp-content\/uploads\/2022\/01\/print-1-100x100.jpg",100,100,true]},"uagb_author_info":{"display_name":"Sebastien Kech","author_link":"https:\/\/www.skywavenstudios.com\/es\/author\/"},"uagb_comment_info":0,"uagb_excerpt":"Todas las impresiones se realizan en un laboratorio de impresi\u00f3n de fotograf\u00eda art\u00edstica, se revisan con un alto control de calidad y se entregan con un certificado de autenticidad. Se proponen tres soportes diferentes para las impresiones: Impresi\u00f3n en papel : Elegimos el mejor papel para la foto que quieres imprimir. Todos los papeles utilizados&hellip;","jetpack_sharing_enabled":true,"_links":{"self":[{"href":"https:\/\/www.skywavenstudios.com\/es\/wp-json\/wp\/v2\/product\/10354","targetHints":{"allow":["GET"]}}],"collection":[{"href":"https:\/\/www.skywavenstudios.com\/es\/wp-json\/wp\/v2\/product"}],"about":[{"href":"https:\/\/www.skywavenstudios.com\/es\/wp-json\/wp\/v2\/types\/product"}],"wp:featuredmedia":[{"embeddable":true,"href":"https:\/\/www.skywavenstudios.com\/es\/wp-json\/wp\/v2\/media\/68100"}],"wp:attachment":[{"href":"https:\/\/www.skywavenstudios.com\/es\/wp-json\/wp\/v2\/media?parent=10354"}],"wp:term":[{"taxonomy":"product_brand","embeddable":true,"href":"https:\/\/www.skywavenstudios.com\/es\/wp-json\/wp\/v2\/product_brand?post=10354"},{"taxonomy":"product_cat","embeddable":true,"href":"https:\/\/www.skywavenstudios.com\/es\/wp-json\/wp\/v2\/product_cat?post=10354"},{"taxonomy":"product_tag","embeddable":true,"href":"https:\/\/www.skywavenstudios.com\/es\/wp-json\/wp\/v2\/product_tag?post=10354"}],"curies":[{"name":"wp","href":"https:\/\/api.w.org\/{rel}","templated":true}]}}