{"id":10917,"date":"2022-02-04T13:35:07","date_gmt":"2022-02-04T12:35:07","guid":{"rendered":"https:\/\/skywavenstudios.com\/?post_type=product&#038;p=10917"},"modified":"2022-09-25T17:14:01","modified_gmt":"2022-09-25T15:14:01","slug":"fotografia-componente-31","status":"publish","type":"product","link":"https:\/\/www.skywavenstudios.com\/es\/producto\/fotografia-componente-31\/","title":{"rendered":"Componente de fotograf\u00eda &#8211; 3:1"},"content":{"rendered":"<p>Seleccione su impresi\u00f3n y la opci\u00f3n de marco<\/p>\n","protected":false},"excerpt":{"rendered":"<p>Seleccione su impresi\u00f3n y la opci\u00f3n de marco<\/p>\n","protected":false},"featured_media":0,"template":"","meta":{"_uag_custom_page_level_css":"","site-sidebar-layout":"default","site-content-layout":"default","ast-site-content-layout":"default","site-content-style":"default","site-sidebar-style":"default","ast-global-header-display":"","ast-banner-title-visibility":"","ast-main-header-display":"","ast-hfb-above-header-display":"","ast-hfb-below-header-display":"","ast-hfb-mobile-header-display":"","site-post-title":"","ast-breadcrumbs-content":"","ast-featured-img":"","footer-sml-layout":"","ast-disable-related-posts":"","theme-transparent-header-meta":"default","adv-header-id-meta":"","stick-header-meta":"default","header-above-stick-meta":"","header-main-stick-meta":"","header-below-stick-meta":"","astra-migrate-meta-layouts":"default","ast-page-background-enabled":"default","ast-page-background-meta":{"desktop":{"background-color":"","background-image":"","background-repeat":"repeat","background-position":"center center","background-size":"auto","background-attachment":"scroll","background-type":"","background-media":"","overlay-type":"","overlay-color":"","overlay-opacity":"","overlay-gradient":""},"tablet":{"background-color":"","background-image":"","background-repeat":"repeat","background-position":"center center","background-size":"auto","background-attachment":"scroll","background-type":"","background-media":"","overlay-type":"","overlay-color":"","overlay-opacity":"","overlay-gradient":""},"mobile":{"background-color":"","background-image":"","background-repeat":"repeat","background-position":"center center","background-size":"auto","background-attachment":"scroll","background-type":"","background-media":"","overlay-type":"","overlay-color":"","overlay-opacity":"","overlay-gradient":""}},"ast-content-background-meta":{"desktop":{"background-color":"var(--ast-global-color-5)","background-image":"","background-repeat":"repeat","background-position":"center center","background-size":"auto","background-attachment":"scroll","background-type":"","background-media":"","overlay-type":"","overlay-color":"","overlay-opacity":"","overlay-gradient":""},"tablet":{"background-color":"var(--ast-global-color-5)","background-image":"","background-repeat":"repeat","background-position":"center center","background-size":"auto","background-attachment":"scroll","background-type":"","background-media":"","overlay-type":"","overlay-color":"","overlay-opacity":"","overlay-gradient":""},"mobile":{"background-color":"var(--ast-global-color-5)","background-image":"","background-repeat":"repeat","background-position":"center center","background-size":"auto","background-attachment":"scroll","background-type":"","background-media":"","overlay-type":"","overlay-color":"","overlay-opacity":"","overlay-gradient":""}}},"product_brand":[],"product_cat":[489,523],"product_tag":[490],"class_list":{"0":"post-10917","1":"product","2":"type-product","3":"status-publish","5":"product_cat-foto-es","6":"product_cat-foto-relacion-31","7":"product_tag-foto-es","8":"pa_aspect-ratio-31-es","9":"pa_size-extra-grande","10":"pa_size-grande-es","11":"pa_size-medio","12":"pa_size-pequeno","13":"desktop-align-center","14":"tablet-align-center","15":"mobile-align-center","16":"ast-product-gallery-layout-horizontal-slider","17":"ast-product-gallery-with-no-image","18":"ast-product-tabs-layout-horizontal","20":"first","21":"instock","22":"taxable","23":"shipping-taxable","24":"purchasable","25":"product-type-composite"},"composite_virtual":false,"composite_layout":"paged","composite_add_to_cart_form_location":"default","composite_editable_in_cart":false,"composite_sold_individually_context":"product","composite_shop_price_calc":"min_max","composite_components":[{"id":"1643225493","title":"Impresi\u00f3n","description":"<p>Impresi\u00f3n de la foto seleccionada<\/p>\n","query_type":"category_ids","query_ids":[506],"default_option_id":10354,"thumbnail_id":"","thumbnail_src":"","quantity_min":1,"quantity_max":20,"priced_individually":true,"shipped_individually":false,"optional":false,"discount":"","options_style":"dropdowns","pagination_style":"classic","display_prices":"absolute","show_sorting_options":false,"show_filtering_options":false,"attribute_filter_ids":[],"select_action":"view","product_title_visible":true,"product_descr_visible":true,"product_price_visible":true,"product_thumb_visible":true,"subtotal_visible_product":true,"subtotal_visible_cart":true,"subtotal_visible_orders":true},{"id":"1643225494","title":"Marco","description":"<p>Marco para resaltar la foto<\/p>\n","query_type":"product_ids","query_ids":[4362,7694,8404],"default_option_id":"","thumbnail_id":"","thumbnail_src":"","quantity_min":1,"quantity_max":"","priced_individually":true,"shipped_individually":false,"optional":true,"discount":"","options_style":"radios","pagination_style":"classic","display_prices":"absolute","show_sorting_options":false,"show_filtering_options":false,"attribute_filter_ids":[],"select_action":"view","product_title_visible":true,"product_descr_visible":true,"product_price_visible":true,"product_thumb_visible":true,"subtotal_visible_product":true,"subtotal_visible_cart":true,"subtotal_visible_orders":true}],"composite_scenarios":[{"id":"1643225752","name":"Frame visibility - 31 - S - Acrylic","description":"Enable\/disable the visibility of the frames selection","configuration":[{"component_id":"1643225493","options_modifier":"in","component_options":[14083]}],"actions":[{"action_id":"compat_group","is_active":false},{"action_id":"conditional_components","is_active":false,"hidden_components":[]},{"action_id":"conditional_options","is_active":true,"hidden_options":[{"component_id":"1643225494","component_options":[-1,8368,8630],"options_modifier":"not-in"}]}],"enabled":true},{"id":"1643227238","name":"Frame visibility - 31 - M - Acrylic","description":"Enable\/disable the visibility of the frames selection","configuration":[{"component_id":"1643225493","options_modifier":"in","component_options":[13868]}],"actions":[{"action_id":"compat_group","is_active":false},{"action_id":"conditional_components","is_active":false,"hidden_components":[]},{"action_id":"conditional_options","is_active":true,"hidden_options":[{"component_id":"1643225494","component_options":[-1,8367,8628],"options_modifier":"not-in"}]}],"enabled":true},{"id":"1643227239","name":"Frame visibility - 31 - L - Acrylic","description":"","configuration":[{"component_id":"1643225493","options_modifier":"in","component_options":[14054]}],"actions":[{"action_id":"compat_group","is_active":false},{"action_id":"conditional_components","is_active":false,"hidden_components":[]},{"action_id":"conditional_options","is_active":true,"hidden_options":[{"component_id":"1643225494","component_options":[-1,8366,8653],"options_modifier":"not-in"}]}],"enabled":true},{"id":"1643227240","name":"Frame visibility - 31 - XL - Acrylic","description":"","configuration":[{"component_id":"1643225493","options_modifier":"in","component_options":[10552]}],"actions":[{"action_id":"compat_group","is_active":false},{"action_id":"conditional_components","is_active":false,"hidden_components":[]},{"action_id":"conditional_options","is_active":true,"hidden_options":[{"component_id":"1643225494","component_options":[-1,8365],"options_modifier":"not-in"}]}],"enabled":true},{"id":"1643368233","name":"Frame visibility - 31 - S - Aluminium dibond","description":"","configuration":[{"component_id":"1643225493","options_modifier":"in","component_options":[13528]}],"actions":[{"action_id":"compat_group","is_active":false},{"action_id":"conditional_components","is_active":false,"hidden_components":[]},{"action_id":"conditional_options","is_active":true,"hidden_options":[{"component_id":"1643225494","component_options":[-1,8368,8630],"options_modifier":"not-in"}]}],"enabled":true},{"id":"1643368234","name":"Frame visibility - 31 - M - Aluminium dibond","description":"","configuration":[{"component_id":"1643225493","options_modifier":"in","component_options":[52062]}],"actions":[{"action_id":"compat_group","is_active":false},{"action_id":"conditional_components","is_active":false,"hidden_components":[]},{"action_id":"conditional_options","is_active":true,"hidden_options":[{"component_id":"1643225494","component_options":[-1,8367,8628],"options_modifier":"not-in"}]}],"enabled":true},{"id":"1643368235","name":"Frame visibility - 31 - L - Aluminium dibond","description":"","configuration":[{"component_id":"1643225493","options_modifier":"in","component_options":[14055]}],"actions":[{"action_id":"compat_group","is_active":false},{"action_id":"conditional_components","is_active":false,"hidden_components":[]},{"action_id":"conditional_options","is_active":true,"hidden_options":[{"component_id":"1643225494","component_options":[-1,8366,8653],"options_modifier":"not-in"}]}],"enabled":true},{"id":"1643368236","name":"Frame visibility - 31 - XL - Aluminium dibond","description":"","configuration":[{"component_id":"1643225493","options_modifier":"in","component_options":[50421]}],"actions":[{"action_id":"compat_group","is_active":false},{"action_id":"conditional_components","is_active":false,"hidden_components":[]},{"action_id":"conditional_options","is_active":true,"hidden_options":[{"component_id":"1643225494","component_options":[-1,8365],"options_modifier":"not-in"}]}],"enabled":true},{"id":"1643368237","name":"Frame visibility - 31 - S - Paper","description":"","configuration":[{"component_id":"1643225493","options_modifier":"in","component_options":[14091]}],"actions":[{"action_id":"compat_group","is_active":false},{"action_id":"conditional_components","is_active":false,"hidden_components":[]},{"action_id":"conditional_options","is_active":true,"hidden_options":[{"component_id":"1643225494","component_options":[-1,7753],"options_modifier":"not-in"}]}],"enabled":true},{"id":"1643368238","name":"Frame visibility - 31 - M - Paper","description":"","configuration":[{"component_id":"1643225493","options_modifier":"in","component_options":[10850]}],"actions":[{"action_id":"compat_group","is_active":false},{"action_id":"conditional_components","is_active":false,"hidden_components":[]},{"action_id":"conditional_options","is_active":true,"hidden_options":[{"component_id":"1643225494","component_options":[-1,7755],"options_modifier":"not-in"}]}],"enabled":true},{"id":"1643368239","name":"Frame visibility - 31 - L - Paper","description":"","configuration":[{"component_id":"1643225493","options_modifier":"in","component_options":[50416]}],"actions":[{"action_id":"compat_group","is_active":false},{"action_id":"conditional_components","is_active":false,"hidden_components":[]},{"action_id":"conditional_options","is_active":true,"hidden_options":[{"component_id":"1643225494","component_options":[-1],"options_modifier":"not-in"}]}],"enabled":true},{"id":"1644004135","name":"Frame visibility - 31 - XL - Paper","description":"","configuration":[{"component_id":"1643225493","options_modifier":"in","component_options":[10552]}],"actions":[{"action_id":"compat_group","is_active":false},{"action_id":"conditional_components","is_active":true,"hidden_components":["1643225494"]},{"action_id":"conditional_options","is_active":false,"hidden_options":[]}],"enabled":true},{"id":"1643232078","name":"HIDE - No selection","description":"","configuration":[{"component_id":"1643225493","options_modifier":"in","component_options":[-1]}],"actions":[{"action_id":"compat_group","is_active":false},{"action_id":"conditional_components","is_active":true,"hidden_components":["1643225494"]},{"action_id":"conditional_options","is_active":false,"hidden_options":[]}],"enabled":true}],"uagb_featured_image_src":{"full":false,"thumbnail":false,"medium":false,"medium_large":false,"large":false,"1536x1536":false,"2048x2048":false,"woocommerce_thumbnail":false,"woocommerce_single":false,"woocommerce_gallery_thumbnail":false},"uagb_author_info":{"display_name":"Sebastien Kech","author_link":"https:\/\/www.skywavenstudios.com\/es\/author\/"},"uagb_comment_info":0,"uagb_excerpt":"Seleccione su impresi\u00f3n y la opci\u00f3n de marco","jetpack_sharing_enabled":true,"_links":{"self":[{"href":"https:\/\/www.skywavenstudios.com\/es\/wp-json\/wp\/v2\/product\/10917","targetHints":{"allow":["GET"]}}],"collection":[{"href":"https:\/\/www.skywavenstudios.com\/es\/wp-json\/wp\/v2\/product"}],"about":[{"href":"https:\/\/www.skywavenstudios.com\/es\/wp-json\/wp\/v2\/types\/product"}],"wp:attachment":[{"href":"https:\/\/www.skywavenstudios.com\/es\/wp-json\/wp\/v2\/media?parent=10917"}],"wp:term":[{"taxonomy":"product_brand","embeddable":true,"href":"https:\/\/www.skywavenstudios.com\/es\/wp-json\/wp\/v2\/product_brand?post=10917"},{"taxonomy":"product_cat","embeddable":true,"href":"https:\/\/www.skywavenstudios.com\/es\/wp-json\/wp\/v2\/product_cat?post=10917"},{"taxonomy":"product_tag","embeddable":true,"href":"https:\/\/www.skywavenstudios.com\/es\/wp-json\/wp\/v2\/product_tag?post=10917"}],"curies":[{"name":"wp","href":"https:\/\/api.w.org\/{rel}","templated":true}]}}