{"id":4362,"date":"2022-01-24T23:22:41","date_gmt":"2022-01-24T22:22:41","guid":{"rendered":"https:\/\/skywavenstudios.com\/product\/impresion\/"},"modified":"2025-09-14T16:37:53","modified_gmt":"2025-09-14T14:37:53","slug":"classic-frame","status":"publish","type":"product","link":"https:\/\/www.skywavenstudios.com\/es\/producto\/classic-frame\/","title":{"rendered":"Marco cl\u00e1sico"},"content":{"rendered":"<p>Todos los marcos propuestos son marcos de alta calidad para fotograf\u00eda art\u00edstica, utilizados por galer\u00edas de fotos y museos para resaltar y proteger las fotos a largo plazo. Con un dise\u00f1o muy sobrio, le permite combinar cualquier tipo de foto y se adapta perfectamente a cualquier tipo de decoraci\u00f3n de interiores.<br \/>\n Dos clips de suspensi\u00f3n en la parte posterior permiten colgarlo en ambas direcciones. La instalaci\u00f3n de la foto, el montaje y desmontaje son muy f\u00e1ciles.<\/p>\n<p>Todos los marcos se venden incluyendo un passe-partout blanco y un cristal visible de museo.<\/p>\n","protected":false},"excerpt":{"rendered":"<p>Todos los marcos propuestos son marcos de alta calidad para fotograf\u00eda art\u00edstica, utilizados por galer\u00edas de fotos y museos para resaltar y proteger las fotos a largo plazo.<\/p>\n<p>Todos los marcos se venden incluyendo un paspart\u00fa blanco y un cristal visible de museo.<\/p>\n","protected":false},"featured_media":68092,"template":"","meta":{"_uag_custom_page_level_css":"","site-sidebar-layout":"default","site-content-layout":"default","ast-site-content-layout":"default","site-content-style":"default","site-sidebar-style":"default","ast-global-header-display":"","ast-banner-title-visibility":"","ast-main-header-display":"","ast-hfb-above-header-display":"","ast-hfb-below-header-display":"","ast-hfb-mobile-header-display":"","site-post-title":"","ast-breadcrumbs-content":"","ast-featured-img":"","footer-sml-layout":"","ast-disable-related-posts":"","theme-transparent-header-meta":"default","adv-header-id-meta":"","stick-header-meta":"default","header-above-stick-meta":"","header-main-stick-meta":"","header-below-stick-meta":"","astra-migrate-meta-layouts":"default","ast-page-background-enabled":"default","ast-page-background-meta":{"desktop":{"background-color":"","background-image":"","background-repeat":"repeat","background-position":"center center","background-size":"auto","background-attachment":"scroll","background-type":"","background-media":"","overlay-type":"","overlay-color":"","overlay-opacity":"","overlay-gradient":""},"tablet":{"background-color":"","background-image":"","background-repeat":"repeat","background-position":"center center","background-size":"auto","background-attachment":"scroll","background-type":"","background-media":"","overlay-type":"","overlay-color":"","overlay-opacity":"","overlay-gradient":""},"mobile":{"background-color":"","background-image":"","background-repeat":"repeat","background-position":"center center","background-size":"auto","background-attachment":"scroll","background-type":"","background-media":"","overlay-type":"","overlay-color":"","overlay-opacity":"","overlay-gradient":""}},"ast-content-background-meta":{"desktop":{"background-color":"var(--ast-global-color-5)","background-image":"","background-repeat":"repeat","background-position":"center center","background-size":"auto","background-attachment":"scroll","background-type":"","background-media":"","overlay-type":"","overlay-color":"","overlay-opacity":"","overlay-gradient":""},"tablet":{"background-color":"var(--ast-global-color-5)","background-image":"","background-repeat":"repeat","background-position":"center center","background-size":"auto","background-attachment":"scroll","background-type":"","background-media":"","overlay-type":"","overlay-color":"","overlay-opacity":"","overlay-gradient":""},"mobile":{"background-color":"var(--ast-global-color-5)","background-image":"","background-repeat":"repeat","background-position":"center center","background-size":"auto","background-attachment":"scroll","background-type":"","background-media":"","overlay-type":"","overlay-color":"","overlay-opacity":"","overlay-gradient":""}}},"product_brand":[],"product_cat":[401],"product_tag":[480],"class_list":{"0":"post-4362","1":"product","2":"type-product","3":"status-publish","4":"has-post-thumbnail","6":"product_cat-marco","7":"product_tag-marco","8":"pa_aspect-ratio-11-es","9":"pa_aspect-ratio-31-es","10":"pa_aspect-ratio-32-es","11":"pa_aspect-ratio-43-es","12":"pa_color-blanco","13":"pa_color-gris","14":"pa_color-negro","15":"pa_color-roble","16":"pa_frame-marco-nielsen","17":"pa_medium-papel","18":"pa_model-aluminio","19":"pa_model-madera","20":"pa_size-extra-grande","21":"pa_size-grande-es","22":"pa_size-medio","23":"pa_size-pequeno","24":"desktop-align-center","25":"tablet-align-center","26":"mobile-align-center","27":"ast-product-gallery-layout-horizontal-slider","28":"ast-product-single-variable","29":"ast-product-tabs-layout-horizontal","31":"first","32":"instock","33":"taxable","34":"shipping-taxable","35":"purchasable","36":"product-type-variable"},"composite_virtual":false,"composite_layout":"","composite_add_to_cart_form_location":"","composite_editable_in_cart":false,"composite_sold_individually_context":"","composite_shop_price_calc":"","composite_components":[],"composite_scenarios":[],"uagb_featured_image_src":{"full":["https:\/\/www.skywavenstudios.com\/wp-content\/uploads\/2022\/01\/black-color-frame.jpg",1200,1500,false],"thumbnail":["https:\/\/www.skywavenstudios.com\/wp-content\/uploads\/2022\/01\/black-color-frame-150x150.jpg",150,150,true],"medium":["https:\/\/www.skywavenstudios.com\/wp-content\/uploads\/2022\/01\/black-color-frame-240x300.jpg",240,300,true],"medium_large":["https:\/\/www.skywavenstudios.com\/wp-content\/uploads\/2022\/01\/black-color-frame-768x960.jpg",768,960,true],"large":["https:\/\/www.skywavenstudios.com\/wp-content\/uploads\/2022\/01\/black-color-frame-819x1024.jpg",819,1024,true],"1536x1536":["https:\/\/www.skywavenstudios.com\/wp-content\/uploads\/2022\/01\/black-color-frame.jpg",1200,1500,false],"2048x2048":["https:\/\/www.skywavenstudios.com\/wp-content\/uploads\/2022\/01\/black-color-frame.jpg",1200,1500,false],"woocommerce_thumbnail":["https:\/\/www.skywavenstudios.com\/wp-content\/uploads\/2022\/01\/black-color-frame-300x375.jpg",300,375,true],"woocommerce_single":["https:\/\/www.skywavenstudios.com\/wp-content\/uploads\/2022\/01\/black-color-frame-600x750.jpg",600,750,true],"woocommerce_gallery_thumbnail":["https:\/\/www.skywavenstudios.com\/wp-content\/uploads\/2022\/01\/black-color-frame-100x100.jpg",100,100,true]},"uagb_author_info":{"display_name":"Sebastien Kech","author_link":"https:\/\/www.skywavenstudios.com\/es\/author\/"},"uagb_comment_info":0,"uagb_excerpt":"Todos los marcos propuestos son marcos de alta calidad para fotograf\u00eda art\u00edstica, utilizados por galer\u00edas de fotos y museos para resaltar y proteger las fotos a largo plazo. Todos los marcos se venden incluyendo un paspart\u00fa blanco y un cristal visible de museo.","jetpack_sharing_enabled":true,"_links":{"self":[{"href":"https:\/\/www.skywavenstudios.com\/es\/wp-json\/wp\/v2\/product\/4362","targetHints":{"allow":["GET"]}}],"collection":[{"href":"https:\/\/www.skywavenstudios.com\/es\/wp-json\/wp\/v2\/product"}],"about":[{"href":"https:\/\/www.skywavenstudios.com\/es\/wp-json\/wp\/v2\/types\/product"}],"wp:featuredmedia":[{"embeddable":true,"href":"https:\/\/www.skywavenstudios.com\/es\/wp-json\/wp\/v2\/media\/68092"}],"wp:attachment":[{"href":"https:\/\/www.skywavenstudios.com\/es\/wp-json\/wp\/v2\/media?parent=4362"}],"wp:term":[{"taxonomy":"product_brand","embeddable":true,"href":"https:\/\/www.skywavenstudios.com\/es\/wp-json\/wp\/v2\/product_brand?post=4362"},{"taxonomy":"product_cat","embeddable":true,"href":"https:\/\/www.skywavenstudios.com\/es\/wp-json\/wp\/v2\/product_cat?post=4362"},{"taxonomy":"product_tag","embeddable":true,"href":"https:\/\/www.skywavenstudios.com\/es\/wp-json\/wp\/v2\/product_tag?post=4362"}],"curies":[{"name":"wp","href":"https:\/\/api.w.org\/{rel}","templated":true}]}}