{"id":63554,"date":"2023-12-31T18:24:55","date_gmt":"2023-12-31T17:24:55","guid":{"rendered":"https:\/\/www.skywavenstudios.com\/?post_type=product&#038;p=63554"},"modified":"2024-12-31T14:22:20","modified_gmt":"2024-12-31T13:22:20","slug":"arch-of-green","status":"publish","type":"product","link":"https:\/\/www.skywavenstudios.com\/es\/producto\/arch-of-green\/","title":{"rendered":"Arch of green"},"content":{"rendered":"<p>Esta foto ha sido premiada en 2023 por el concurso internacional de fotograf\u00eda <a href=\"https:\/\/fineartphotoawards.com\/winners-gallery\/fapa-2023-2024\/professional\/landscape\/hm\/20449\" rel=\"nofollow noopener\" target=\"_blank\"><strong>Premios Crom\u00e1ticos<\/strong><\/a> con una <strong>menci\u00f3n honor\u00edfica<\/strong> en la <strong>secci\u00f3n Profesional, categor\u00eda Paisajes<\/strong>.<\/p>\n<p>Niebla matinal en el bosque de Huelgoat, Breta\u00f1a, Francia. Esta foto fue tomada en mayo de 2023 en un lugar donde se cuentan varias leyendas celtas.<br \/>\nSe dice que Gargant\u00faa, en venganza por la mala calidad de la comida, bombarde\u00f3 el bosque con enormes rocas y cre\u00f3 el caos de granito.<br \/>\nOtros siguen buscando all\u00ed el tesoro de Merl\u00edn.<br \/>\nEspero que puedas sentir a trav\u00e9s de esta foto la incre\u00edble atm\u00f3sfera m\u00edstica del lugar.<br \/>\n\u00bfEst\u00e1 el tesoro de Merl\u00edn detr\u00e1s de una de estas rocas?<\/p>\n","protected":false},"excerpt":{"rendered":"<p>Esta foto ha sido premiada en 2023 por el concurso internacional de fotograf\u00eda Premios Crom\u00e1ticos con una menci\u00f3n honor\u00edfica en la secci\u00f3n Profesional, categor\u00eda Paisajes. Niebla matinal en el bosque de Huelgoat, Breta\u00f1a, Francia. Esta foto fue tomada en mayo de 2023 en un lugar donde se cuentan varias leyendas celtas. Se dice que Gargant\u00faa, [&hellip;]<\/p>\n","protected":false},"featured_media":63550,"template":"","meta":{"_uag_custom_page_level_css":"","site-sidebar-layout":"default","site-content-layout":null,"ast-site-content-layout":"default","site-content-style":"default","site-sidebar-style":"default","ast-global-header-display":"","ast-banner-title-visibility":"","ast-main-header-display":"","ast-hfb-above-header-display":"","ast-hfb-below-header-display":"","ast-hfb-mobile-header-display":"","site-post-title":"","ast-breadcrumbs-content":"","ast-featured-img":"","footer-sml-layout":"","ast-disable-related-posts":"","theme-transparent-header-meta":"default","adv-header-id-meta":"","stick-header-meta":"default","header-above-stick-meta":"","header-main-stick-meta":"","header-below-stick-meta":"","astra-migrate-meta-layouts":"set","ast-page-background-enabled":"default","ast-page-background-meta":{"desktop":{"background-color":"","background-image":"","background-repeat":"repeat","background-position":"center center","background-size":"auto","background-attachment":"scroll","background-type":"","background-media":"","overlay-type":"","overlay-color":"","overlay-opacity":"","overlay-gradient":""},"tablet":{"background-color":"","background-image":"","background-repeat":"repeat","background-position":"center center","background-size":"auto","background-attachment":"scroll","background-type":"","background-media":"","overlay-type":"","overlay-color":"","overlay-opacity":"","overlay-gradient":""},"mobile":{"background-color":"","background-image":"","background-repeat":"repeat","background-position":"center center","background-size":"auto","background-attachment":"scroll","background-type":"","background-media":"","overlay-type":"","overlay-color":"","overlay-opacity":"","overlay-gradient":""}},"ast-content-background-meta":{"desktop":{"background-color":"var(--ast-global-color-5)","background-image":"","background-repeat":"repeat","background-position":"center center","background-size":"auto","background-attachment":"scroll","background-type":"","background-media":"","overlay-type":"","overlay-color":"","overlay-opacity":"","overlay-gradient":""},"tablet":{"background-color":"var(--ast-global-color-5)","background-image":"","background-repeat":"repeat","background-position":"center center","background-size":"auto","background-attachment":"scroll","background-type":"","background-media":"","overlay-type":"","overlay-color":"","overlay-opacity":"","overlay-gradient":""},"mobile":{"background-color":"var(--ast-global-color-5)","background-image":"","background-repeat":"repeat","background-position":"center center","background-size":"auto","background-attachment":"scroll","background-type":"","background-media":"","overlay-type":"","overlay-color":"","overlay-opacity":"","overlay-gradient":""}}},"product_brand":[],"product_cat":[489,520],"product_tag":[490,532],"class_list":{"0":"post-63554","1":"product","2":"type-product","3":"status-publish","4":"has-post-thumbnail","6":"product_cat-foto-es","7":"product_cat-foto-relacion-43","8":"product_tag-foto-es","9":"product_tag-paisaje","10":"pa_aspect-ratio-43-es","11":"pa_size-extra-grande","12":"pa_size-grande-es","13":"pa_size-medio","14":"pa_size-pequeno","15":"desktop-align-center","16":"tablet-align-center","17":"mobile-align-center","18":"ast-product-gallery-layout-horizontal-slider","19":"ast-product-gallery-with-no-image","20":"ast-product-tabs-layout-horizontal","22":"first","23":"instock","24":"taxable","25":"shipping-taxable","26":"purchasable","27":"product-type-composite"},"composite_virtual":false,"composite_layout":"paged","composite_add_to_cart_form_location":"default","composite_editable_in_cart":false,"composite_sold_individually_context":"product","composite_shop_price_calc":"min_max","composite_components":[{"id":"1643225493","title":"Impresi\u00f3n","description":"<p>Impresi\u00f3n de la foto seleccionada<\/p>\n","query_type":"category_ids","query_ids":[512],"default_option_id":9341,"thumbnail_id":"","thumbnail_src":"","quantity_min":1,"quantity_max":20,"priced_individually":true,"shipped_individually":false,"optional":false,"discount":"","options_style":"dropdowns","pagination_style":"classic","display_prices":"absolute","show_sorting_options":false,"show_filtering_options":false,"attribute_filter_ids":[],"select_action":"view","product_title_visible":true,"product_descr_visible":true,"product_price_visible":true,"product_thumb_visible":true,"subtotal_visible_product":true,"subtotal_visible_cart":true,"subtotal_visible_orders":true},{"id":"1643225494","title":"Marco","description":"<p>Marco para resaltar la foto<\/p>\n","query_type":"product_ids","query_ids":[4362,7694,8404],"default_option_id":"","thumbnail_id":"","thumbnail_src":"","quantity_min":1,"quantity_max":"","priced_individually":true,"shipped_individually":false,"optional":true,"discount":"","options_style":"radios","pagination_style":"classic","display_prices":"absolute","show_sorting_options":false,"show_filtering_options":false,"attribute_filter_ids":[],"select_action":"view","product_title_visible":true,"product_descr_visible":true,"product_price_visible":true,"product_thumb_visible":true,"subtotal_visible_product":true,"subtotal_visible_cart":true,"subtotal_visible_orders":true}],"composite_scenarios":[{"id":"1643225752","name":"Frame visibility - 43 - S - Acrylic","description":"Enable\/disable the visibility of the frames selection","configuration":[{"component_id":"1643225493","options_modifier":"in","component_options":[9528]}],"actions":[{"action_id":"compat_group","is_active":false},{"action_id":"conditional_components","is_active":false,"hidden_components":[]},{"action_id":"conditional_options","is_active":true,"hidden_options":[{"component_id":"1643225494","component_options":[-1,8376,8646],"options_modifier":"not-in"}]}],"enabled":true},{"id":"1643227238","name":"Frame visibility - 43 - M - Acrylic","description":"Enable\/disable the visibility of the frames selection","configuration":[{"component_id":"1643225493","options_modifier":"in","component_options":[9525]}],"actions":[{"action_id":"compat_group","is_active":false},{"action_id":"conditional_components","is_active":false,"hidden_components":[]},{"action_id":"conditional_options","is_active":true,"hidden_options":[{"component_id":"1643225494","component_options":[-1,8375,8644],"options_modifier":"not-in"}]}],"enabled":true},{"id":"1643227239","name":"Frame visibility - 43 - L - Acrylic","description":"","configuration":[{"component_id":"1643225493","options_modifier":"in","component_options":[9522]}],"actions":[{"action_id":"compat_group","is_active":false},{"action_id":"conditional_components","is_active":false,"hidden_components":[]},{"action_id":"conditional_options","is_active":true,"hidden_options":[{"component_id":"1643225494","component_options":[-1,8374,8642],"options_modifier":"not-in"}]}],"enabled":true},{"id":"1643227240","name":"Frame visibility - 43 - XL - Acrylic","description":"","configuration":[{"component_id":"1643225493","options_modifier":"in","component_options":[9519]}],"actions":[{"action_id":"compat_group","is_active":false},{"action_id":"conditional_components","is_active":false,"hidden_components":[]},{"action_id":"conditional_options","is_active":true,"hidden_options":[{"component_id":"1643225494","component_options":[-1,8373,8640],"options_modifier":"not-in"}]}],"enabled":true},{"id":"1643368233","name":"Frame visibility - 43 - S - Aluminium dibond","description":"","configuration":[{"component_id":"1643225493","options_modifier":"in","component_options":[9529]}],"actions":[{"action_id":"compat_group","is_active":false},{"action_id":"conditional_components","is_active":false,"hidden_components":[]},{"action_id":"conditional_options","is_active":true,"hidden_options":[{"component_id":"1643225494","component_options":[-1,8376,8646],"options_modifier":"not-in"}]}],"enabled":true},{"id":"1643368234","name":"Frame visibility - 43 - M - Aluminium dibond","description":"","configuration":[{"component_id":"1643225493","options_modifier":"in","component_options":[9526]}],"actions":[{"action_id":"compat_group","is_active":false},{"action_id":"conditional_components","is_active":false,"hidden_components":[]},{"action_id":"conditional_options","is_active":true,"hidden_options":[{"component_id":"1643225494","component_options":[-1,8375,8644],"options_modifier":"not-in"}]}],"enabled":true},{"id":"1643368235","name":"Frame visibility - 43 - L - Aluminium dibond","description":"","configuration":[{"component_id":"1643225493","options_modifier":"in","component_options":[9523]}],"actions":[{"action_id":"compat_group","is_active":false},{"action_id":"conditional_components","is_active":false,"hidden_components":[]},{"action_id":"conditional_options","is_active":true,"hidden_options":[{"component_id":"1643225494","component_options":[-1,8374,8642],"options_modifier":"not-in"}]}],"enabled":true},{"id":"1643368236","name":"Frame visibility - 43 - XL - Aluminium dibond","description":"","configuration":[{"component_id":"1643225493","options_modifier":"in","component_options":[9520]}],"actions":[{"action_id":"compat_group","is_active":false},{"action_id":"conditional_components","is_active":false,"hidden_components":[]},{"action_id":"conditional_options","is_active":true,"hidden_options":[{"component_id":"1643225494","component_options":[-1,8373,8640],"options_modifier":"not-in"}]}],"enabled":true},{"id":"1643368237","name":"Frame visibility - 43 - S - Paper","description":"","configuration":[{"component_id":"1643225493","options_modifier":"in","component_options":[9530]}],"actions":[{"action_id":"compat_group","is_active":false},{"action_id":"conditional_components","is_active":false,"hidden_components":[]},{"action_id":"conditional_options","is_active":true,"hidden_options":[{"component_id":"1643225494","component_options":[-1,7749],"options_modifier":"not-in"}]}],"enabled":true},{"id":"1643368238","name":"Frame visibility - 43 - M - Paper","description":"","configuration":[{"component_id":"1643225493","options_modifier":"in","component_options":[9527]}],"actions":[{"action_id":"compat_group","is_active":false},{"action_id":"conditional_components","is_active":false,"hidden_components":[]},{"action_id":"conditional_options","is_active":true,"hidden_options":[{"component_id":"1643225494","component_options":[-1,8283],"options_modifier":"not-in"}]}],"enabled":true},{"id":"1643368239","name":"Frame visibility - 43 - L - Paper","description":"","configuration":[{"component_id":"1643225493","options_modifier":"in","component_options":[9524]}],"actions":[{"action_id":"compat_group","is_active":false},{"action_id":"conditional_components","is_active":false,"hidden_components":[]},{"action_id":"conditional_options","is_active":true,"hidden_options":[{"component_id":"1643225494","component_options":[-1,8290],"options_modifier":"not-in"}]}],"enabled":true},{"id":"1644004248","name":"Frame visibility - 43 - XL - Paper","description":"","configuration":[{"component_id":"1643225493","options_modifier":"in","component_options":[9521]}],"actions":[{"action_id":"compat_group","is_active":false},{"action_id":"conditional_components","is_active":true,"hidden_components":["1643225494"]},{"action_id":"conditional_options","is_active":false,"hidden_options":[]}],"enabled":true},{"id":"1643232078","name":"HIDE - No selection","description":"","configuration":[{"component_id":"1643225493","options_modifier":"in","component_options":[-1]}],"actions":[{"action_id":"compat_group","is_active":false},{"action_id":"conditional_components","is_active":true,"hidden_components":["1643225494"]},{"action_id":"conditional_options","is_active":false,"hidden_options":[]}],"enabled":true}],"uagb_featured_image_src":{"full":["https:\/\/www.skywavenstudios.com\/wp-content\/uploads\/2021\/08\/Arch-of-green.jpg",1440,1920,false],"thumbnail":["https:\/\/www.skywavenstudios.com\/wp-content\/uploads\/2021\/08\/Arch-of-green-150x150.jpg",150,150,true],"medium":["https:\/\/www.skywavenstudios.com\/wp-content\/uploads\/2021\/08\/Arch-of-green-225x300.jpg",225,300,true],"medium_large":["https:\/\/www.skywavenstudios.com\/wp-content\/uploads\/2021\/08\/Arch-of-green-768x1024.jpg",768,1024,true],"large":["https:\/\/www.skywavenstudios.com\/wp-content\/uploads\/2021\/08\/Arch-of-green-768x1024.jpg",768,1024,true],"1536x1536":["https:\/\/www.skywavenstudios.com\/wp-content\/uploads\/2021\/08\/Arch-of-green-1152x1536.jpg",1152,1536,true],"2048x2048":["https:\/\/www.skywavenstudios.com\/wp-content\/uploads\/2021\/08\/Arch-of-green.jpg",1440,1920,false],"woocommerce_thumbnail":["https:\/\/www.skywavenstudios.com\/wp-content\/uploads\/2021\/08\/Arch-of-green-300x400.jpg",300,400,true],"woocommerce_single":["https:\/\/www.skywavenstudios.com\/wp-content\/uploads\/2021\/08\/Arch-of-green-600x800.jpg",600,800,true],"woocommerce_gallery_thumbnail":["https:\/\/www.skywavenstudios.com\/wp-content\/uploads\/2021\/08\/Arch-of-green-100x100.jpg",100,100,true]},"uagb_author_info":{"display_name":"Sebastien Kech","author_link":"https:\/\/www.skywavenstudios.com\/es\/author\/"},"uagb_comment_info":0,"uagb_excerpt":"Esta foto ha sido premiada en 2023 por el concurso internacional de fotograf\u00eda Premios Crom\u00e1ticos con una menci\u00f3n honor\u00edfica en la secci\u00f3n Profesional, categor\u00eda Paisajes. Niebla matinal en el bosque de Huelgoat, Breta\u00f1a, Francia. Esta foto fue tomada en mayo de 2023 en un lugar donde se cuentan varias leyendas celtas. Se dice que Gargant\u00faa,&hellip;","jetpack_sharing_enabled":true,"_links":{"self":[{"href":"https:\/\/www.skywavenstudios.com\/es\/wp-json\/wp\/v2\/product\/63554","targetHints":{"allow":["GET"]}}],"collection":[{"href":"https:\/\/www.skywavenstudios.com\/es\/wp-json\/wp\/v2\/product"}],"about":[{"href":"https:\/\/www.skywavenstudios.com\/es\/wp-json\/wp\/v2\/types\/product"}],"wp:featuredmedia":[{"embeddable":true,"href":"https:\/\/www.skywavenstudios.com\/es\/wp-json\/wp\/v2\/media\/63550"}],"wp:attachment":[{"href":"https:\/\/www.skywavenstudios.com\/es\/wp-json\/wp\/v2\/media?parent=63554"}],"wp:term":[{"taxonomy":"product_brand","embeddable":true,"href":"https:\/\/www.skywavenstudios.com\/es\/wp-json\/wp\/v2\/product_brand?post=63554"},{"taxonomy":"product_cat","embeddable":true,"href":"https:\/\/www.skywavenstudios.com\/es\/wp-json\/wp\/v2\/product_cat?post=63554"},{"taxonomy":"product_tag","embeddable":true,"href":"https:\/\/www.skywavenstudios.com\/es\/wp-json\/wp\/v2\/product_tag?post=63554"}],"curies":[{"name":"wp","href":"https:\/\/api.w.org\/{rel}","templated":true}]}}