{"id":65124,"date":"2024-12-24T16:34:36","date_gmt":"2024-12-24T15:34:36","guid":{"rendered":"https:\/\/www.skywavenstudios.com\/?post_type=product&#038;p=65124"},"modified":"2024-12-31T14:27:12","modified_gmt":"2024-12-31T13:27:12","slug":"white-waves","status":"publish","type":"product","link":"https:\/\/www.skywavenstudios.com\/es\/producto\/white-waves\/","title":{"rendered":"White waves"},"content":{"rendered":"<p>Esta foto ha sido premiada en 2024 por el concurso internacional de fotograf\u00eda <strong><a href=\"https:\/\/chromaticawards.com\/winners-gallery\/chromatic-awards-2024\/professional\/landscapes\/hm\/6869\" rel=\"nofollow noopener\" target=\"_blank\">Premios Crom\u00e1ticos<\/a><\/strong> con una <strong>menci\u00f3n honor\u00edfica<\/strong> en la <strong>secci\u00f3n Profesional, categor\u00eda Paisajes<\/strong>.<\/p>\n<p>El faro de Ploumanac&#8217;h, en Breta\u00f1a (Francia), se alza sobre un fondo de agua y cielo de un vivo color turquesa.<br \/>\nLa larga exposici\u00f3n crea un efecto de espuma blanca de ensue\u00f1o donde las olas acarician suavemente la escarpada costa.<br \/>\nEl primer plano est\u00e1 dominado por llamativos pe\u00f1ascos de granito de tonos rosados y anaranjados, cuyas c\u00e1lidas tonalidades contrastan maravillosamente con los fr\u00edos azules del mar y el cielo.<\/p>\n<p>El faro en s\u00ed, una ic\u00f3nica estructura de piedra, a\u00f1ade una sensaci\u00f3n de intemporalidad y firmeza a la escena, mientras que el aspecto et\u00e9reo del agua y el cielo confiere un encanto de otro mundo a este paisaje costero.<\/p>\n","protected":false},"excerpt":{"rendered":"<p>Esta foto ha sido premiada en 2024 por el concurso internacional de fotograf\u00eda Premios Crom\u00e1ticos con una menci\u00f3n honor\u00edfica en la secci\u00f3n Profesional, categor\u00eda Paisajes. El faro de Ploumanac&#8217;h, en Breta\u00f1a (Francia), se alza sobre un fondo de agua y cielo de un vivo color turquesa. La larga exposici\u00f3n crea un efecto de espuma blanca [&hellip;]<\/p>\n","protected":false},"featured_media":63759,"template":"","meta":{"_uag_custom_page_level_css":"","site-sidebar-layout":"default","site-content-layout":"default","ast-site-content-layout":"default","site-content-style":"default","site-sidebar-style":"default","ast-global-header-display":"","ast-banner-title-visibility":"","ast-main-header-display":"","ast-hfb-above-header-display":"","ast-hfb-below-header-display":"","ast-hfb-mobile-header-display":"","site-post-title":"","ast-breadcrumbs-content":"","ast-featured-img":"","footer-sml-layout":"","ast-disable-related-posts":"","theme-transparent-header-meta":"default","adv-header-id-meta":"","stick-header-meta":"default","header-above-stick-meta":"","header-main-stick-meta":"","header-below-stick-meta":"","astra-migrate-meta-layouts":"set","ast-page-background-enabled":"default","ast-page-background-meta":{"desktop":{"background-color":"","background-image":"","background-repeat":"repeat","background-position":"center center","background-size":"auto","background-attachment":"scroll","background-type":"","background-media":"","overlay-type":"","overlay-color":"","overlay-opacity":"","overlay-gradient":""},"tablet":{"background-color":"","background-image":"","background-repeat":"repeat","background-position":"center center","background-size":"auto","background-attachment":"scroll","background-type":"","background-media":"","overlay-type":"","overlay-color":"","overlay-opacity":"","overlay-gradient":""},"mobile":{"background-color":"","background-image":"","background-repeat":"repeat","background-position":"center center","background-size":"auto","background-attachment":"scroll","background-type":"","background-media":"","overlay-type":"","overlay-color":"","overlay-opacity":"","overlay-gradient":""}},"ast-content-background-meta":{"desktop":{"background-color":"var(--ast-global-color-5)","background-image":"","background-repeat":"repeat","background-position":"center center","background-size":"auto","background-attachment":"scroll","background-type":"","background-media":"","overlay-type":"","overlay-color":"","overlay-opacity":"","overlay-gradient":""},"tablet":{"background-color":"var(--ast-global-color-5)","background-image":"","background-repeat":"repeat","background-position":"center center","background-size":"auto","background-attachment":"scroll","background-type":"","background-media":"","overlay-type":"","overlay-color":"","overlay-opacity":"","overlay-gradient":""},"mobile":{"background-color":"var(--ast-global-color-5)","background-image":"","background-repeat":"repeat","background-position":"center center","background-size":"auto","background-attachment":"scroll","background-type":"","background-media":"","overlay-type":"","overlay-color":"","overlay-opacity":"","overlay-gradient":""}}},"product_brand":[],"product_cat":[489,515],"product_tag":[490,532],"class_list":{"0":"post-65124","1":"product","2":"type-product","3":"status-publish","4":"has-post-thumbnail","6":"product_cat-foto-es","7":"product_cat-foto-relacion-23","8":"product_tag-foto-es","9":"product_tag-paisaje","10":"pa_aspect-ratio-32-es","11":"pa_size-extra-grande","12":"pa_size-grande-es","13":"pa_size-medio","14":"pa_size-pequeno","15":"desktop-align-center","16":"tablet-align-center","17":"mobile-align-center","18":"ast-product-gallery-layout-horizontal-slider","19":"ast-product-gallery-with-no-image","20":"ast-product-tabs-layout-horizontal","22":"first","23":"instock","24":"taxable","25":"shipping-taxable","26":"purchasable","27":"product-type-composite"},"composite_virtual":false,"composite_layout":"paged","composite_add_to_cart_form_location":"default","composite_editable_in_cart":false,"composite_sold_individually_context":"product","composite_shop_price_calc":"min_max","composite_components":[{"id":"1643225493","title":"Impresi\u00f3n","description":"<p>Impresi\u00f3n de la foto seleccionada<\/p>\n","query_type":"category_ids","query_ids":[503],"default_option_id":9679,"thumbnail_id":"","thumbnail_src":"","quantity_min":1,"quantity_max":20,"priced_individually":true,"shipped_individually":false,"optional":false,"discount":"","options_style":"dropdowns","pagination_style":"classic","display_prices":"absolute","show_sorting_options":false,"show_filtering_options":false,"attribute_filter_ids":[],"select_action":"view","product_title_visible":true,"product_descr_visible":true,"product_price_visible":true,"product_thumb_visible":true,"subtotal_visible_product":true,"subtotal_visible_cart":true,"subtotal_visible_orders":true},{"id":"1643225494","title":"Marco","description":"<p>Marco para resaltar la foto<\/p>\n","query_type":"product_ids","query_ids":[4362,7694,8404],"default_option_id":"","thumbnail_id":"","thumbnail_src":"","quantity_min":1,"quantity_max":"","priced_individually":true,"shipped_individually":false,"optional":true,"discount":"","options_style":"radios","pagination_style":"classic","display_prices":"absolute","show_sorting_options":false,"show_filtering_options":false,"attribute_filter_ids":[],"select_action":"view","product_title_visible":true,"product_descr_visible":true,"product_price_visible":true,"product_thumb_visible":true,"subtotal_visible_product":true,"subtotal_visible_cart":true,"subtotal_visible_orders":true}],"composite_scenarios":[{"id":"1643225752","name":"Frame visibility - 32 - S - Acrylic","description":"Enable\/disable the visibility of the frames selection","configuration":[{"component_id":"1643225493","options_modifier":"in","component_options":[9854]}],"actions":[{"action_id":"compat_group","is_active":false},{"action_id":"conditional_components","is_active":false,"hidden_components":[]},{"action_id":"conditional_options","is_active":true,"hidden_options":[{"component_id":"1643225494","component_options":[-1,8372,8638],"options_modifier":"not-in"}]}],"enabled":true},{"id":"1643227238","name":"Frame visibility - 32 - M - Acrylic","description":"Enable\/disable the visibility of the frames selection","configuration":[{"component_id":"1643225493","options_modifier":"in","component_options":[9851]}],"actions":[{"action_id":"compat_group","is_active":false},{"action_id":"conditional_components","is_active":false,"hidden_components":[]},{"action_id":"conditional_options","is_active":true,"hidden_options":[{"component_id":"1643225494","component_options":[-1,8371,8661],"options_modifier":"not-in"}]}],"enabled":true},{"id":"1643227239","name":"Frame visibility - 32 - L - Acrylic","description":"","configuration":[{"component_id":"1643225493","options_modifier":"in","component_options":[9848]}],"actions":[{"action_id":"compat_group","is_active":false},{"action_id":"conditional_components","is_active":false,"hidden_components":[]},{"action_id":"conditional_options","is_active":true,"hidden_options":[{"component_id":"1643225494","component_options":[-1,8370,8634],"options_modifier":"not-in"}]}],"enabled":true},{"id":"1643227240","name":"Frame visibility - 32 - XL - Acrylic","description":"","configuration":[{"component_id":"1643225493","options_modifier":"in","component_options":[9845]}],"actions":[{"action_id":"compat_group","is_active":false},{"action_id":"conditional_components","is_active":false,"hidden_components":[]},{"action_id":"conditional_options","is_active":true,"hidden_options":[{"component_id":"1643225494","component_options":[-1,8369,8659],"options_modifier":"not-in"}]}],"enabled":true},{"id":"1643368233","name":"Frame visibility - 32 - S - Aluminium dibond","description":"","configuration":[{"component_id":"1643225493","options_modifier":"in","component_options":[9855]}],"actions":[{"action_id":"compat_group","is_active":false},{"action_id":"conditional_components","is_active":false,"hidden_components":[]},{"action_id":"conditional_options","is_active":true,"hidden_options":[{"component_id":"1643225494","component_options":[-1,8372,8638],"options_modifier":"not-in"}]}],"enabled":true},{"id":"1643368234","name":"Frame visibility - 32 - M - Aluminium dibond","description":"","configuration":[{"component_id":"1643225493","options_modifier":"in","component_options":[9852]}],"actions":[{"action_id":"compat_group","is_active":false},{"action_id":"conditional_components","is_active":false,"hidden_components":[]},{"action_id":"conditional_options","is_active":true,"hidden_options":[{"component_id":"1643225494","component_options":[-1,8371,8661],"options_modifier":"not-in"}]}],"enabled":true},{"id":"1643368235","name":"Frame visibility - 32 - L - Aluminium dibond","description":"","configuration":[{"component_id":"1643225493","options_modifier":"in","component_options":[9849]}],"actions":[{"action_id":"compat_group","is_active":false},{"action_id":"conditional_components","is_active":false,"hidden_components":[]},{"action_id":"conditional_options","is_active":true,"hidden_options":[{"component_id":"1643225494","component_options":[-1,8370,8634],"options_modifier":"not-in"}]}],"enabled":true},{"id":"1643368236","name":"Frame visibility - 32 - XL - Aluminium dibond","description":"","configuration":[{"component_id":"1643225493","options_modifier":"in","component_options":[9846]}],"actions":[{"action_id":"compat_group","is_active":false},{"action_id":"conditional_components","is_active":false,"hidden_components":[]},{"action_id":"conditional_options","is_active":true,"hidden_options":[{"component_id":"1643225494","component_options":[-1,8369,8659],"options_modifier":"not-in"}]}],"enabled":true},{"id":"1643368237","name":"Frame visibility - 32 - S - Paper","description":"","configuration":[{"component_id":"1643225493","options_modifier":"in","component_options":[9856]}],"actions":[{"action_id":"compat_group","is_active":false},{"action_id":"conditional_components","is_active":false,"hidden_components":[]},{"action_id":"conditional_options","is_active":true,"hidden_options":[{"component_id":"1643225494","component_options":[-1,8279],"options_modifier":"not-in"}]}],"enabled":true},{"id":"1643368238","name":"Frame visibility - 32 - M - Paper","description":"","configuration":[{"component_id":"1643225493","options_modifier":"in","component_options":[9853]}],"actions":[{"action_id":"compat_group","is_active":false},{"action_id":"conditional_components","is_active":false,"hidden_components":[]},{"action_id":"conditional_options","is_active":true,"hidden_options":[{"component_id":"1643225494","component_options":[-1,8255],"options_modifier":"not-in"}]}],"enabled":true},{"id":"1643368239","name":"Frame visibility - 32 - L - Paper","description":"","configuration":[{"component_id":"1643225493","options_modifier":"in","component_options":[9850]}],"actions":[{"action_id":"compat_group","is_active":false},{"action_id":"conditional_components","is_active":false,"hidden_components":[]},{"action_id":"conditional_options","is_active":true,"hidden_options":[{"component_id":"1643225494","component_options":[-1,8291],"options_modifier":"not-in"}]}],"enabled":true},{"id":"1644004379","name":"Frame visibility - 32 - XL - Paper","description":"","configuration":[{"component_id":"1643225493","options_modifier":"in","component_options":[9847]}],"actions":[{"action_id":"compat_group","is_active":false},{"action_id":"conditional_components","is_active":true,"hidden_components":["1643225494"]},{"action_id":"conditional_options","is_active":false,"hidden_options":[]}],"enabled":true},{"id":"1643232078","name":"HIDE - No selection","description":"","configuration":[{"component_id":"1643225493","options_modifier":"in","component_options":[-1]}],"actions":[{"action_id":"compat_group","is_active":false},{"action_id":"conditional_components","is_active":true,"hidden_components":["1643225494"]},{"action_id":"conditional_options","is_active":false,"hidden_options":[]}],"enabled":true}],"uagb_featured_image_src":{"full":["https:\/\/www.skywavenstudios.com\/wp-content\/uploads\/2021\/08\/White-waves.jpg",1920,1280,false],"thumbnail":["https:\/\/www.skywavenstudios.com\/wp-content\/uploads\/2021\/08\/White-waves-150x150.jpg",150,150,true],"medium":["https:\/\/www.skywavenstudios.com\/wp-content\/uploads\/2021\/08\/White-waves-300x200.jpg",300,200,true],"medium_large":["https:\/\/www.skywavenstudios.com\/wp-content\/uploads\/2021\/08\/White-waves-768x512.jpg",768,512,true],"large":["https:\/\/www.skywavenstudios.com\/wp-content\/uploads\/2021\/08\/White-waves-1024x683.jpg",1024,683,true],"1536x1536":["https:\/\/www.skywavenstudios.com\/wp-content\/uploads\/2021\/08\/White-waves-1536x1024.jpg",1536,1024,true],"2048x2048":["https:\/\/www.skywavenstudios.com\/wp-content\/uploads\/2021\/08\/White-waves.jpg",1920,1280,false],"woocommerce_thumbnail":["https:\/\/www.skywavenstudios.com\/wp-content\/uploads\/2021\/08\/White-waves-300x200.jpg",300,200,true],"woocommerce_single":["https:\/\/www.skywavenstudios.com\/wp-content\/uploads\/2021\/08\/White-waves-600x400.jpg",600,400,true],"woocommerce_gallery_thumbnail":["https:\/\/www.skywavenstudios.com\/wp-content\/uploads\/2021\/08\/White-waves-100x100.jpg",100,100,true]},"uagb_author_info":{"display_name":"Sebastien Kech","author_link":"https:\/\/www.skywavenstudios.com\/es\/author\/"},"uagb_comment_info":0,"uagb_excerpt":"Esta foto ha sido premiada en 2024 por el concurso internacional de fotograf\u00eda Premios Crom\u00e1ticos con una menci\u00f3n honor\u00edfica en la secci\u00f3n Profesional, categor\u00eda Paisajes. El faro de Ploumanac&#8217;h, en Breta\u00f1a (Francia), se alza sobre un fondo de agua y cielo de un vivo color turquesa. La larga exposici\u00f3n crea un efecto de espuma blanca&hellip;","jetpack_sharing_enabled":true,"_links":{"self":[{"href":"https:\/\/www.skywavenstudios.com\/es\/wp-json\/wp\/v2\/product\/65124","targetHints":{"allow":["GET"]}}],"collection":[{"href":"https:\/\/www.skywavenstudios.com\/es\/wp-json\/wp\/v2\/product"}],"about":[{"href":"https:\/\/www.skywavenstudios.com\/es\/wp-json\/wp\/v2\/types\/product"}],"wp:featuredmedia":[{"embeddable":true,"href":"https:\/\/www.skywavenstudios.com\/es\/wp-json\/wp\/v2\/media\/63759"}],"wp:attachment":[{"href":"https:\/\/www.skywavenstudios.com\/es\/wp-json\/wp\/v2\/media?parent=65124"}],"wp:term":[{"taxonomy":"product_brand","embeddable":true,"href":"https:\/\/www.skywavenstudios.com\/es\/wp-json\/wp\/v2\/product_brand?post=65124"},{"taxonomy":"product_cat","embeddable":true,"href":"https:\/\/www.skywavenstudios.com\/es\/wp-json\/wp\/v2\/product_cat?post=65124"},{"taxonomy":"product_tag","embeddable":true,"href":"https:\/\/www.skywavenstudios.com\/es\/wp-json\/wp\/v2\/product_tag?post=65124"}],"curies":[{"name":"wp","href":"https:\/\/api.w.org\/{rel}","templated":true}]}}