{"id":65458,"date":"2024-12-30T18:55:59","date_gmt":"2024-12-30T17:55:59","guid":{"rendered":"https:\/\/www.skywavenstudios.com\/?post_type=product&#038;p=65458"},"modified":"2024-12-31T14:26:45","modified_gmt":"2024-12-31T13:26:45","slug":"golden-gate-waves","status":"publish","type":"product","link":"https:\/\/www.skywavenstudios.com\/es\/producto\/golden-gate-waves\/","title":{"rendered":"Olas del Golden Gate"},"content":{"rendered":"<p>Esta foto fue premiada en 2024 por el concurso internacional de fotograf\u00eda <strong><a href=\"https:\/\/chromaticawards.com\/winners-gallery\/chromatic-awards-2023\/professional\/nature\/hm\/5829\" rel=\"nofollow noopener\" target=\"_blank\">Premios de Fotograf\u00eda de Densidad Neutra (Premios ND)<\/a><\/strong> con una <strong>menci\u00f3n honor\u00edfica<\/strong> en la <strong>secci\u00f3n Profesional, categor\u00eda Arquitectura &#8211; Puentes<\/strong>.<\/p>\n<p>A primera hora del atardecer, esta foto capta el emblem\u00e1tico puente Golden Gate que se alza majestuoso al fondo, ba\u00f1ado por los suaves tonos pastel del sol poniente. Las caracter\u00edsticas torres y cables de color rojo anaranjado del puente resplandecen suavemente sobre un cielo pintado con un delicado degradado de colores, que pasa de azules serenos y suaves lavandas a melocotones c\u00e1lidos y rosas suaves.<br \/>\nEn primer plano, los hipnotizantes remolinos de las olas del mar, capturados con una larga exposici\u00f3n. Esta t\u00e9cnica transforma las olas en estelas et\u00e9reas y sedosas de blanco y azul, cuyo movimiento fluido contrasta con las rocas s\u00f3lidas y oscuras. El cielo pastel se refleja sutilmente en el agua, a\u00f1adiendo un toque de rubor y serenidad a la escena.<br \/>\nQuer\u00eda captar el ambiente general tranquilo y on\u00edrico, con los tonos pastel creando una sensaci\u00f3n de calma y belleza. La interacci\u00f3n de luz, color y movimiento invita al espectador a sumergirse en un momento sereno y encantador, destacando el puente Golden Gate como un faro de elegancia contra el cielo de tonos suaves.<\/p>\n","protected":false},"excerpt":{"rendered":"<p>Esta foto fue premiada en 2024 por el concurso internacional de fotograf\u00eda Premios de Fotograf\u00eda de Densidad Neutra (Premios ND) con una menci\u00f3n honor\u00edfica en la secci\u00f3n Profesional, categor\u00eda Arquitectura &#8211; Puentes. A primera hora del atardecer, esta foto capta el emblem\u00e1tico puente Golden Gate que se alza majestuoso al fondo, ba\u00f1ado por los suaves [&hellip;]<\/p>\n","protected":false},"featured_media":65166,"template":"","meta":{"_uag_custom_page_level_css":"","site-sidebar-layout":"default","site-content-layout":"default","ast-site-content-layout":"default","site-content-style":"default","site-sidebar-style":"default","ast-global-header-display":"","ast-banner-title-visibility":"","ast-main-header-display":"","ast-hfb-above-header-display":"","ast-hfb-below-header-display":"","ast-hfb-mobile-header-display":"","site-post-title":"","ast-breadcrumbs-content":"","ast-featured-img":"","footer-sml-layout":"","ast-disable-related-posts":"","theme-transparent-header-meta":"default","adv-header-id-meta":"","stick-header-meta":"default","header-above-stick-meta":"","header-main-stick-meta":"","header-below-stick-meta":"","astra-migrate-meta-layouts":"set","ast-page-background-enabled":"default","ast-page-background-meta":{"desktop":{"background-color":"","background-image":"","background-repeat":"repeat","background-position":"center center","background-size":"auto","background-attachment":"scroll","background-type":"","background-media":"","overlay-type":"","overlay-color":"","overlay-opacity":"","overlay-gradient":""},"tablet":{"background-color":"","background-image":"","background-repeat":"repeat","background-position":"center center","background-size":"auto","background-attachment":"scroll","background-type":"","background-media":"","overlay-type":"","overlay-color":"","overlay-opacity":"","overlay-gradient":""},"mobile":{"background-color":"","background-image":"","background-repeat":"repeat","background-position":"center center","background-size":"auto","background-attachment":"scroll","background-type":"","background-media":"","overlay-type":"","overlay-color":"","overlay-opacity":"","overlay-gradient":""}},"ast-content-background-meta":{"desktop":{"background-color":"var(--ast-global-color-5)","background-image":"","background-repeat":"repeat","background-position":"center center","background-size":"auto","background-attachment":"scroll","background-type":"","background-media":"","overlay-type":"","overlay-color":"","overlay-opacity":"","overlay-gradient":""},"tablet":{"background-color":"var(--ast-global-color-5)","background-image":"","background-repeat":"repeat","background-position":"center center","background-size":"auto","background-attachment":"scroll","background-type":"","background-media":"","overlay-type":"","overlay-color":"","overlay-opacity":"","overlay-gradient":""},"mobile":{"background-color":"var(--ast-global-color-5)","background-image":"","background-repeat":"repeat","background-position":"center center","background-size":"auto","background-attachment":"scroll","background-type":"","background-media":"","overlay-type":"","overlay-color":"","overlay-opacity":"","overlay-gradient":""}}},"product_brand":[],"product_cat":[484,517],"product_tag":[537,477],"class_list":{"0":"post-65458","1":"product","2":"type-product","3":"status-publish","4":"has-post-thumbnail","6":"product_cat-photo","7":"product_cat-photo-43-ratio","8":"product_tag-architecture","9":"product_tag-photo","10":"pa_aspect-ratio-412","11":"pa_size-extra-large","12":"pa_size-large","13":"pa_size-medium","14":"pa_size-small","15":"desktop-align-center","16":"tablet-align-center","17":"mobile-align-center","18":"ast-product-gallery-layout-horizontal-slider","19":"ast-product-gallery-with-no-image","20":"ast-product-tabs-layout-horizontal","22":"first","23":"instock","24":"taxable","25":"shipping-taxable","26":"purchasable","27":"product-type-composite"},"composite_virtual":false,"composite_layout":"paged","composite_add_to_cart_form_location":"default","composite_editable_in_cart":false,"composite_sold_individually_context":"product","composite_shop_price_calc":"min_max","composite_components":[{"id":"1643225493","title":"Impresi\u00f3n","description":"<p>Impresi\u00f3n de la foto seleccionada<\/p>\n","query_type":"category_ids","query_ids":[512],"default_option_id":9341,"thumbnail_id":"","thumbnail_src":"","quantity_min":1,"quantity_max":20,"priced_individually":true,"shipped_individually":false,"optional":false,"discount":"","options_style":"dropdowns","pagination_style":"classic","display_prices":"absolute","show_sorting_options":false,"show_filtering_options":false,"attribute_filter_ids":[],"select_action":"view","product_title_visible":true,"product_descr_visible":true,"product_price_visible":true,"product_thumb_visible":true,"subtotal_visible_product":true,"subtotal_visible_cart":true,"subtotal_visible_orders":true},{"id":"1643225494","title":"Marco","description":"<p>Marco para resaltar la foto<\/p>\n","query_type":"product_ids","query_ids":[4362,7694,8404],"default_option_id":"","thumbnail_id":"","thumbnail_src":"","quantity_min":1,"quantity_max":"","priced_individually":true,"shipped_individually":false,"optional":true,"discount":"","options_style":"radios","pagination_style":"classic","display_prices":"absolute","show_sorting_options":false,"show_filtering_options":false,"attribute_filter_ids":[],"select_action":"view","product_title_visible":true,"product_descr_visible":true,"product_price_visible":true,"product_thumb_visible":true,"subtotal_visible_product":true,"subtotal_visible_cart":true,"subtotal_visible_orders":true}],"composite_scenarios":[{"id":"1643225752","name":"Frame visibility - 43 - S - Acrylic","description":"Enable\/disable the visibility of the frames selection","configuration":[{"component_id":"1643225493","options_modifier":"in","component_options":[9528]}],"actions":[{"action_id":"compat_group","is_active":false},{"action_id":"conditional_components","is_active":false,"hidden_components":[]},{"action_id":"conditional_options","is_active":true,"hidden_options":[{"component_id":"1643225494","component_options":[-1,8376,8646],"options_modifier":"not-in"}]}],"enabled":true},{"id":"1643227238","name":"Frame visibility - 43 - M - Acrylic","description":"Enable\/disable the visibility of the frames selection","configuration":[{"component_id":"1643225493","options_modifier":"in","component_options":[9525]}],"actions":[{"action_id":"compat_group","is_active":false},{"action_id":"conditional_components","is_active":false,"hidden_components":[]},{"action_id":"conditional_options","is_active":true,"hidden_options":[{"component_id":"1643225494","component_options":[-1,8375,8644],"options_modifier":"not-in"}]}],"enabled":true},{"id":"1643227239","name":"Frame visibility - 43 - L - Acrylic","description":"","configuration":[{"component_id":"1643225493","options_modifier":"in","component_options":[9522]}],"actions":[{"action_id":"compat_group","is_active":false},{"action_id":"conditional_components","is_active":false,"hidden_components":[]},{"action_id":"conditional_options","is_active":true,"hidden_options":[{"component_id":"1643225494","component_options":[-1,8374,8642],"options_modifier":"not-in"}]}],"enabled":true},{"id":"1643227240","name":"Frame visibility - 43 - XL - Acrylic","description":"","configuration":[{"component_id":"1643225493","options_modifier":"in","component_options":[9519]}],"actions":[{"action_id":"compat_group","is_active":false},{"action_id":"conditional_components","is_active":false,"hidden_components":[]},{"action_id":"conditional_options","is_active":true,"hidden_options":[{"component_id":"1643225494","component_options":[-1,8373,8640],"options_modifier":"not-in"}]}],"enabled":true},{"id":"1643368233","name":"Frame visibility - 43 - S - Aluminium dibond","description":"","configuration":[{"component_id":"1643225493","options_modifier":"in","component_options":[9529]}],"actions":[{"action_id":"compat_group","is_active":false},{"action_id":"conditional_components","is_active":false,"hidden_components":[]},{"action_id":"conditional_options","is_active":true,"hidden_options":[{"component_id":"1643225494","component_options":[-1,8376,8646],"options_modifier":"not-in"}]}],"enabled":true},{"id":"1643368234","name":"Frame visibility - 43 - M - Aluminium dibond","description":"","configuration":[{"component_id":"1643225493","options_modifier":"in","component_options":[9526]}],"actions":[{"action_id":"compat_group","is_active":false},{"action_id":"conditional_components","is_active":false,"hidden_components":[]},{"action_id":"conditional_options","is_active":true,"hidden_options":[{"component_id":"1643225494","component_options":[-1,8375,8644],"options_modifier":"not-in"}]}],"enabled":true},{"id":"1643368235","name":"Frame visibility - 43 - L - Aluminium dibond","description":"","configuration":[{"component_id":"1643225493","options_modifier":"in","component_options":[9523]}],"actions":[{"action_id":"compat_group","is_active":false},{"action_id":"conditional_components","is_active":false,"hidden_components":[]},{"action_id":"conditional_options","is_active":true,"hidden_options":[{"component_id":"1643225494","component_options":[-1,8374,8642],"options_modifier":"not-in"}]}],"enabled":true},{"id":"1643368236","name":"Frame visibility - 43 - XL - Aluminium dibond","description":"","configuration":[{"component_id":"1643225493","options_modifier":"in","component_options":[9520]}],"actions":[{"action_id":"compat_group","is_active":false},{"action_id":"conditional_components","is_active":false,"hidden_components":[]},{"action_id":"conditional_options","is_active":true,"hidden_options":[{"component_id":"1643225494","component_options":[-1,8373,8640],"options_modifier":"not-in"}]}],"enabled":true},{"id":"1643368237","name":"Frame visibility - 43 - S - Paper","description":"","configuration":[{"component_id":"1643225493","options_modifier":"in","component_options":[9530]}],"actions":[{"action_id":"compat_group","is_active":false},{"action_id":"conditional_components","is_active":false,"hidden_components":[]},{"action_id":"conditional_options","is_active":true,"hidden_options":[{"component_id":"1643225494","component_options":[-1,7749],"options_modifier":"not-in"}]}],"enabled":true},{"id":"1643368238","name":"Frame visibility - 43 - M - Paper","description":"","configuration":[{"component_id":"1643225493","options_modifier":"in","component_options":[9527]}],"actions":[{"action_id":"compat_group","is_active":false},{"action_id":"conditional_components","is_active":false,"hidden_components":[]},{"action_id":"conditional_options","is_active":true,"hidden_options":[{"component_id":"1643225494","component_options":[-1,8283],"options_modifier":"not-in"}]}],"enabled":true},{"id":"1643368239","name":"Frame visibility - 43 - L - Paper","description":"","configuration":[{"component_id":"1643225493","options_modifier":"in","component_options":[9524]}],"actions":[{"action_id":"compat_group","is_active":false},{"action_id":"conditional_components","is_active":false,"hidden_components":[]},{"action_id":"conditional_options","is_active":true,"hidden_options":[{"component_id":"1643225494","component_options":[-1,8290],"options_modifier":"not-in"}]}],"enabled":true},{"id":"1644004248","name":"Frame visibility - 43 - XL - Paper","description":"","configuration":[{"component_id":"1643225493","options_modifier":"in","component_options":[9521]}],"actions":[{"action_id":"compat_group","is_active":false},{"action_id":"conditional_components","is_active":true,"hidden_components":["1643225494"]},{"action_id":"conditional_options","is_active":false,"hidden_options":[]}],"enabled":true},{"id":"1643232078","name":"HIDE - No selection","description":"","configuration":[{"component_id":"1643225493","options_modifier":"in","component_options":[-1]}],"actions":[{"action_id":"compat_group","is_active":false},{"action_id":"conditional_components","is_active":true,"hidden_components":["1643225494"]},{"action_id":"conditional_options","is_active":false,"hidden_options":[]}],"enabled":true}],"uagb_featured_image_src":{"full":["https:\/\/www.skywavenstudios.com\/wp-content\/uploads\/2024\/12\/Golden-gate-waves.jpg",1541,1920,false],"thumbnail":["https:\/\/www.skywavenstudios.com\/wp-content\/uploads\/2024\/12\/Golden-gate-waves-150x150.jpg",150,150,true],"medium":["https:\/\/www.skywavenstudios.com\/wp-content\/uploads\/2024\/12\/Golden-gate-waves-241x300.jpg",241,300,true],"medium_large":["https:\/\/www.skywavenstudios.com\/wp-content\/uploads\/2024\/12\/Golden-gate-waves-768x957.jpg",768,957,true],"large":["https:\/\/www.skywavenstudios.com\/wp-content\/uploads\/2024\/12\/Golden-gate-waves-822x1024.jpg",822,1024,true],"1536x1536":["https:\/\/www.skywavenstudios.com\/wp-content\/uploads\/2024\/12\/Golden-gate-waves-1233x1536.jpg",1233,1536,true],"2048x2048":["https:\/\/www.skywavenstudios.com\/wp-content\/uploads\/2024\/12\/Golden-gate-waves.jpg",1541,1920,false],"woocommerce_thumbnail":["https:\/\/www.skywavenstudios.com\/wp-content\/uploads\/2024\/12\/Golden-gate-waves-300x374.jpg",300,374,true],"woocommerce_single":["https:\/\/www.skywavenstudios.com\/wp-content\/uploads\/2024\/12\/Golden-gate-waves-600x748.jpg",600,748,true],"woocommerce_gallery_thumbnail":["https:\/\/www.skywavenstudios.com\/wp-content\/uploads\/2024\/12\/Golden-gate-waves-100x100.jpg",100,100,true]},"uagb_author_info":{"display_name":"Sebastien Kech","author_link":"https:\/\/www.skywavenstudios.com\/es\/author\/"},"uagb_comment_info":0,"uagb_excerpt":"Esta foto fue premiada en 2024 por el concurso internacional de fotograf\u00eda Premios de Fotograf\u00eda de Densidad Neutra (Premios ND) con una menci\u00f3n honor\u00edfica en la secci\u00f3n Profesional, categor\u00eda Arquitectura &#8211; Puentes. A primera hora del atardecer, esta foto capta el emblem\u00e1tico puente Golden Gate que se alza majestuoso al fondo, ba\u00f1ado por los suaves&hellip;","jetpack_sharing_enabled":true,"_links":{"self":[{"href":"https:\/\/www.skywavenstudios.com\/es\/wp-json\/wp\/v2\/product\/65458","targetHints":{"allow":["GET"]}}],"collection":[{"href":"https:\/\/www.skywavenstudios.com\/es\/wp-json\/wp\/v2\/product"}],"about":[{"href":"https:\/\/www.skywavenstudios.com\/es\/wp-json\/wp\/v2\/types\/product"}],"wp:featuredmedia":[{"embeddable":true,"href":"https:\/\/www.skywavenstudios.com\/es\/wp-json\/wp\/v2\/media\/65166"}],"wp:attachment":[{"href":"https:\/\/www.skywavenstudios.com\/es\/wp-json\/wp\/v2\/media?parent=65458"}],"wp:term":[{"taxonomy":"product_brand","embeddable":true,"href":"https:\/\/www.skywavenstudios.com\/es\/wp-json\/wp\/v2\/product_brand?post=65458"},{"taxonomy":"product_cat","embeddable":true,"href":"https:\/\/www.skywavenstudios.com\/es\/wp-json\/wp\/v2\/product_cat?post=65458"},{"taxonomy":"product_tag","embeddable":true,"href":"https:\/\/www.skywavenstudios.com\/es\/wp-json\/wp\/v2\/product_tag?post=65458"}],"curies":[{"name":"wp","href":"https:\/\/api.w.org\/{rel}","templated":true}]}}