{"id":7694,"date":"2022-01-25T19:46:48","date_gmt":"2022-01-25T18:46:48","guid":{"rendered":"https:\/\/skywavenstudios.com\/product\/marco-flotante\/"},"modified":"2025-09-14T14:00:50","modified_gmt":"2025-09-14T12:00:50","slug":"marco-flotante","status":"publish","type":"product","link":"https:\/\/www.skywavenstudios.com\/es\/producto\/marco-flotante\/","title":{"rendered":"Marco flotante"},"content":{"rendered":"<p>El marco flotante es un marco de dise\u00f1o y moderno, hecho a medida, que resalta la foto y da la impresi\u00f3n de que est\u00e1 flotando en una vitrina.<br \/>\nEs un acabado cada vez m\u00e1s popular entre fot\u00f3grafos y galer\u00edas, pero tambi\u00e9n para la decoraci\u00f3n de interiores.<br \/>\nAporta mucho estilo y un original efecto de profundidad.<\/p>\n<p>Todos los marcos flotantes se proponen en aluminio negro, blanco o gris natural.<\/p>\n","protected":false},"excerpt":{"rendered":"<p>El marco flotante es un marco de dise\u00f1o y moderno, hecho a medida, que resalta la foto y da la impresi\u00f3n de que est\u00e1 flotando en una vitrina. Es un acabado cada vez m\u00e1s popular entre fot\u00f3grafos y galer\u00edas, pero tambi\u00e9n para la decoraci\u00f3n de interiores. Aporta mucho estilo y un original efecto de profundidad. [&hellip;]<\/p>\n","protected":false},"featured_media":7742,"template":"","meta":{"_uag_custom_page_level_css":"","site-sidebar-layout":"default","site-content-layout":"default","ast-site-content-layout":"default","site-content-style":"default","site-sidebar-style":"default","ast-global-header-display":"","ast-banner-title-visibility":"","ast-main-header-display":"","ast-hfb-above-header-display":"","ast-hfb-below-header-display":"","ast-hfb-mobile-header-display":"","site-post-title":"","ast-breadcrumbs-content":"","ast-featured-img":"","footer-sml-layout":"","ast-disable-related-posts":"","theme-transparent-header-meta":"default","adv-header-id-meta":"","stick-header-meta":"default","header-above-stick-meta":"","header-main-stick-meta":"","header-below-stick-meta":"","astra-migrate-meta-layouts":"default","ast-page-background-enabled":"default","ast-page-background-meta":{"desktop":{"background-color":"","background-image":"","background-repeat":"repeat","background-position":"center center","background-size":"auto","background-attachment":"scroll","background-type":"","background-media":"","overlay-type":"","overlay-color":"","overlay-opacity":"","overlay-gradient":""},"tablet":{"background-color":"","background-image":"","background-repeat":"repeat","background-position":"center center","background-size":"auto","background-attachment":"scroll","background-type":"","background-media":"","overlay-type":"","overlay-color":"","overlay-opacity":"","overlay-gradient":""},"mobile":{"background-color":"","background-image":"","background-repeat":"repeat","background-position":"center center","background-size":"auto","background-attachment":"scroll","background-type":"","background-media":"","overlay-type":"","overlay-color":"","overlay-opacity":"","overlay-gradient":""}},"ast-content-background-meta":{"desktop":{"background-color":"var(--ast-global-color-5)","background-image":"","background-repeat":"repeat","background-position":"center center","background-size":"auto","background-attachment":"scroll","background-type":"","background-media":"","overlay-type":"","overlay-color":"","overlay-opacity":"","overlay-gradient":""},"tablet":{"background-color":"var(--ast-global-color-5)","background-image":"","background-repeat":"repeat","background-position":"center center","background-size":"auto","background-attachment":"scroll","background-type":"","background-media":"","overlay-type":"","overlay-color":"","overlay-opacity":"","overlay-gradient":""},"mobile":{"background-color":"var(--ast-global-color-5)","background-image":"","background-repeat":"repeat","background-position":"center center","background-size":"auto","background-attachment":"scroll","background-type":"","background-media":"","overlay-type":"","overlay-color":"","overlay-opacity":"","overlay-gradient":""}}},"product_brand":[],"product_cat":[401],"product_tag":[480],"class_list":{"0":"post-7694","1":"product","2":"type-product","3":"status-publish","4":"has-post-thumbnail","6":"product_cat-marco","7":"product_tag-marco","8":"pa_aspect-ratio-11-es","9":"pa_aspect-ratio-31-es","10":"pa_aspect-ratio-32-es","11":"pa_aspect-ratio-43-es","12":"pa_color-blanco","13":"pa_color-gris","14":"pa_color-negro","15":"pa_medium-dibond-de-aluminio","16":"pa_medium-plexiglas-es","17":"pa_size-extra-grande","18":"pa_size-grande-es","19":"pa_size-medio","20":"pa_size-pequeno","21":"desktop-align-center","22":"tablet-align-center","23":"mobile-align-center","24":"ast-product-gallery-layout-horizontal-slider","25":"ast-product-gallery-with-no-image","26":"ast-product-single-variable","27":"ast-product-tabs-layout-horizontal","29":"first","30":"instock","31":"taxable","32":"shipping-taxable","33":"purchasable","34":"product-type-variable"},"composite_virtual":false,"composite_layout":"","composite_add_to_cart_form_location":"","composite_editable_in_cart":false,"composite_sold_individually_context":"","composite_shop_price_calc":"","composite_components":[],"composite_scenarios":[],"uagb_featured_image_src":{"full":["https:\/\/www.skywavenstudios.com\/wp-content\/uploads\/2022\/01\/floater_frame-1.jpg",2000,1333,false],"thumbnail":["https:\/\/www.skywavenstudios.com\/wp-content\/uploads\/2022\/01\/floater_frame-1-150x150.jpg",150,150,true],"medium":["https:\/\/www.skywavenstudios.com\/wp-content\/uploads\/2022\/01\/floater_frame-1-300x200.jpg",300,200,true],"medium_large":["https:\/\/www.skywavenstudios.com\/wp-content\/uploads\/2022\/01\/floater_frame-1-768x512.jpg",768,512,true],"large":["https:\/\/www.skywavenstudios.com\/wp-content\/uploads\/2022\/01\/floater_frame-1-1024x682.jpg",1024,682,true],"1536x1536":["https:\/\/www.skywavenstudios.com\/wp-content\/uploads\/2022\/01\/floater_frame-1-1536x1024.jpg",1536,1024,true],"2048x2048":["https:\/\/www.skywavenstudios.com\/wp-content\/uploads\/2022\/01\/floater_frame-1.jpg",2000,1333,false],"woocommerce_thumbnail":["https:\/\/www.skywavenstudios.com\/wp-content\/uploads\/2022\/01\/floater_frame-1-300x200.jpg",300,200,true],"woocommerce_single":["https:\/\/www.skywavenstudios.com\/wp-content\/uploads\/2022\/01\/floater_frame-1-600x400.jpg",600,400,true],"woocommerce_gallery_thumbnail":["https:\/\/www.skywavenstudios.com\/wp-content\/uploads\/2022\/01\/floater_frame-1-100x100.jpg",100,100,true]},"uagb_author_info":{"display_name":"Sebastien Kech","author_link":"https:\/\/www.skywavenstudios.com\/es\/author\/"},"uagb_comment_info":0,"uagb_excerpt":"El marco flotante es un marco de dise\u00f1o y moderno, hecho a medida, que resalta la foto y da la impresi\u00f3n de que est\u00e1 flotando en una vitrina. Es un acabado cada vez m\u00e1s popular entre fot\u00f3grafos y galer\u00edas, pero tambi\u00e9n para la decoraci\u00f3n de interiores. Aporta mucho estilo y un original efecto de profundidad.&hellip;","jetpack_sharing_enabled":true,"_links":{"self":[{"href":"https:\/\/www.skywavenstudios.com\/es\/wp-json\/wp\/v2\/product\/7694","targetHints":{"allow":["GET"]}}],"collection":[{"href":"https:\/\/www.skywavenstudios.com\/es\/wp-json\/wp\/v2\/product"}],"about":[{"href":"https:\/\/www.skywavenstudios.com\/es\/wp-json\/wp\/v2\/types\/product"}],"wp:featuredmedia":[{"embeddable":true,"href":"https:\/\/www.skywavenstudios.com\/es\/wp-json\/wp\/v2\/media\/7742"}],"wp:attachment":[{"href":"https:\/\/www.skywavenstudios.com\/es\/wp-json\/wp\/v2\/media?parent=7694"}],"wp:term":[{"taxonomy":"product_brand","embeddable":true,"href":"https:\/\/www.skywavenstudios.com\/es\/wp-json\/wp\/v2\/product_brand?post=7694"},{"taxonomy":"product_cat","embeddable":true,"href":"https:\/\/www.skywavenstudios.com\/es\/wp-json\/wp\/v2\/product_cat?post=7694"},{"taxonomy":"product_tag","embeddable":true,"href":"https:\/\/www.skywavenstudios.com\/es\/wp-json\/wp\/v2\/product_tag?post=7694"}],"curies":[{"name":"wp","href":"https:\/\/api.w.org\/{rel}","templated":true}]}}