{"id":1410,"date":"2020-05-12T03:43:04","date_gmt":"2020-05-12T01:43:04","guid":{"rendered":"https:\/\/skywavenstudios.com\/a-propos\/"},"modified":"2026-04-12T10:31:43","modified_gmt":"2026-04-12T08:31:43","slug":"a-propos","status":"publish","type":"page","link":"https:\/\/www.skywavenstudios.com\/fr\/a-propos\/","title":{"rendered":"A propos"},"content":{"rendered":"\n<div class=\"inherit-container-width wp-block-group alignfull is-layout-constrained wp-block-group-is-layout-constrained\"><div class=\"wp-block-group__inner-container\">\n<div class=\"wp-block-columns is-layout-flex wp-container-core-columns-is-layout-28f84493 wp-block-columns-is-layout-flex\">\n<div class=\"wp-block-column is-layout-flow wp-block-column-is-layout-flow\">\n<figure class=\"wp-block-image size-large is-style-default\"><img decoding=\"async\" width=\"768\" height=\"1024\" src=\"https:\/\/www.skywavenstudios.com\/wp-content\/uploads\/2021\/10\/portrait_sebastien-768x1024.jpg\" alt=\"Portrait de S&#xE9;bastien Kech\" class=\"wp-image-1992\" srcset=\"https:\/\/www.skywavenstudios.com\/wp-content\/uploads\/2021\/10\/portrait_sebastien-768x1024.jpg 768w, https:\/\/www.skywavenstudios.com\/wp-content\/uploads\/2021\/10\/portrait_sebastien-300x400.jpg 300w, https:\/\/www.skywavenstudios.com\/wp-content\/uploads\/2021\/10\/portrait_sebastien-600x800.jpg 600w, https:\/\/www.skywavenstudios.com\/wp-content\/uploads\/2021\/10\/portrait_sebastien-225x300.jpg 225w, https:\/\/www.skywavenstudios.com\/wp-content\/uploads\/2021\/10\/portrait_sebastien.jpg 900w\" sizes=\"(max-width: 768px) 100vw, 768px\" \/><\/figure>\n\n\n\n<h2 class=\"wp-block-heading\">Prix internationaux<\/h2>\n\n\n\n<ul class=\"wp-block-list\">\n<li><strong>2025 &#8211; Prix de la photographie d&rsquo;art<\/strong>\n<ul class=\"wp-block-list\">\n<li>Nomm\u00e9 dans la cat\u00e9gorie Paysage &#8211; Professionnel &#8211; pour l&rsquo;\u0153uvre <em><a href=\"https:\/\/fineartphotoawards.com\/winners-gallery\/fapa-2025-2026\/professional\/landscape\/hm\/23815\" rel=\"nofollow noopener\" target=\"_blank\">\u00ab Nuances de vert \u00bb<\/a><\/em><\/li>\n\n\n\n<li>Nomm\u00e9 dans la cat\u00e9gorie Paysage &#8211; Professionnel &#8211; pour l&rsquo;\u0153uvre <em><a href=\"https:\/\/fineartphotoawards.com\/winners-gallery\/fapa-2025-2026\/professional\/landscape\/hm\/23817\" rel=\"nofollow noopener\" target=\"_blank\">\u00ab La roche perc\u00e9e \u00bb<\/a><\/em><\/li>\n\n\n\n<li>Nomm\u00e9 dans la cat\u00e9gorie Nature &#8211; Professionnel &#8211; pour l&rsquo;\u0153uvre <em><a href=\"https:\/\/fineartphotoawards.com\/winners-gallery\/fapa-2025-2026\/professional\/nature\/hm\/23878\" rel=\"nofollow noopener\" target=\"_blank\">\u00ab \u00c9t\u00e9 f\u00e9erique \u00bb<\/a><\/em><\/li>\n<\/ul>\n<\/li>\n\n\n\n<li><strong>2025 &#8211; Prix annuels de la photographie<\/strong>\n<ul class=\"wp-block-list\">\n<li>Mention honorable dans la cat\u00e9gorie Nature\/Paysages &#8211; Professionnel &#8211; pour l&rsquo;\u0153uvre <em><a href=\"https:\/\/annualphotoawards.com\/winners\/annual-photography-awards-2025\/award\/nature\/landscapes\/honorable-mention\/4111\" rel=\"nofollow noopener\" target=\"_blank\">\u00ab \u00c9t\u00e9 f\u00e9erique \u00bb<\/a><\/em><\/li>\n\n\n\n<li>Mention honorable dans la cat\u00e9gorie Nature\/Paysages &#8211; Professionnel &#8211; pour l&rsquo;\u0153uvre <em><a href=\"https:\/\/annualphotoawards.com\/winners\/annual-photography-awards-2025\/award\/nature\/landscapes\/honorable-mention\/4134\" rel=\"nofollow noopener\" target=\"_blank\">\u00ab La roche perc\u00e9e \u00bb<\/a><\/em><\/li>\n\n\n\n<li>Mention honorable dans la cat\u00e9gorie Nature\/Arbres &amp; Fleurs &#8211; Professionnel &#8211; pour l&rsquo;\u0153uvre <em><a href=\"https:\/\/annualphotoawards.com\/winners\/annual-photography-awards-2025\/award\/nature\/trees-flowers\/honorable-mention\/4191\" rel=\"nofollow noopener\" target=\"_blank\">\u00ab For\u00eat illumin\u00e9e \u00bb<\/a><\/em><\/li>\n<\/ul>\n<\/li>\n\n\n\n<li><strong>2025 &#8211; Chromatic Awards<\/strong>\n<ul class=\"wp-block-list\">\n<li>Mention honorable dans la cat\u00e9gorie Paysages &#8211; Professionnel &#8211; pour la participation <em><a href=\"https:\/\/chromaticawards.com\/winners-gallery\/chromatic-awards-2025\/professional\/landscapes\/hm\/7579\" rel=\"nofollow noopener\" target=\"_blank\">\u00ab Sandwalk \u00bb<\/a><\/em><\/li>\n\n\n\n<li>Mention honorable dans la cat\u00e9gorie Nature &#8211; Professionnel &#8211; pour la participation <em><a href=\"https:\/\/chromaticawards.com\/winners-gallery\/chromatic-awards-2025\/professional\/nature\/hm\/7626\" rel=\"nofollow noopener\" target=\"_blank\">\u00ab Fairy summer \u00bb<\/a><\/em><\/li>\n<\/ul>\n<\/li>\n\n\n\n<li><strong>2025 &#8211; Prix de la Photographie Paris (PX3)<\/strong>\n<ul class=\"wp-block-list\">\n<li>Mention honorable dans la cat\u00e9gorie Nature\/Faune sauvage &#8211; Professionnel pour l&rsquo;\u0153uvre <em><a href=\"https:\/\/px3.fr\/winners\/hm\/2025\/1-122217-25\" rel=\"nofollow noopener\" target=\"_blank\">\u00ab S&rsquo;accrocher au tronc \u00bb<\/a><\/em><\/li>\n\n\n\n<li>Mention honorable dans la cat\u00e9gorie Nature\/Saisons &#8211; Professionnel pour l&rsquo;\u0153uvre <em><a href=\"https:\/\/px3.fr\/winners\/hm\/2025\/1-122216-25\/\" rel=\"nofollow noopener\" target=\"_blank\">\u00ab Flammes printani\u00e8res \u00bb<\/a><\/em><\/li>\n\n\n\n<li>Mention honorable dans la cat\u00e9gorie Nature\/Lever\/Coucher de soleil &#8211; Professionnel pour l&rsquo;\u0153uvre <em><a href=\"https:\/\/px3.fr\/winners\/hm\/2025\/1-122214-25\/\" rel=\"nofollow noopener\" target=\"_blank\">\u00ab Formes de pin \u00bb<\/a><\/em><\/li>\n<\/ul>\n<\/li>\n\n\n\n<li><strong>2025 &#8211; Prix de la photographie minimaliste<\/strong>\n<ul class=\"wp-block-list\">\n<li>Mention honorable dans la cat\u00e9gorie Beaux-Arts &#8211; Professionnels pour l&rsquo;entr\u00e9e <em><a href=\"https:\/\/minimalistphotographyawards.com\/2025\/08\/22\/cross-the-sky\/\" rel=\"nofollow noopener\" target=\"_blank\">\u00ab\u00a0Traverser le ciel<\/a><\/em><\/li>\n<\/ul>\n<\/li>\n\n\n\n<li><strong>2025 &#8211; Prix europ\u00e9en de la photographie (EPA)<\/strong>\n<ul class=\"wp-block-list\">\n<li><strong>Laur\u00e9at or 2025<\/strong> dans la cat\u00e9gorie France photographie &#8211; Paysage &#8211; Professionnel &#8211; pour l&rsquo;article <em><a href=\"https:\/\/europeanphotoawards.com\/winner-info.php?id=4985\" rel=\"nofollow noopener\" target=\"_blank\">\u00ab\u00a0Marche sur le sable\u00a0\u00bb<\/a><\/em><\/li>\n\n\n\n<li>Mention honorable dans la cat\u00e9gorie Beaux-Arts &#8211; Paysage &#8211; Professionnel pour l&rsquo;entr\u00e9e <em><a href=\"https:\/\/europeanphotoawards.com\/winner-info.php?id=4987\" rel=\"nofollow noopener\" target=\"_blank\">\u00ab\u00a0Champs b\u00e9nis<\/a><\/em><\/li>\n\n\n\n<li>Mention honorable dans la cat\u00e9gorie Fine Art &#8211; Golden Hour &#8211; Professional pour l&rsquo;entr\u00e9e <em><a href=\"https:\/\/europeanphotoawards.com\/winner-info.php?id=4986\" rel=\"nofollow noopener\" target=\"_blank\">\u00ab\u00a0Formes de pin\u00a0\u00bb<\/a><\/em><\/li>\n<\/ul>\n<\/li>\n\n\n\n<li><strong>2025 &#8211; Prix internationaux de la photographie (IPA)<\/strong>\n<ul class=\"wp-block-list\">\n<li>Mention honorable dans la cat\u00e9gorie Nature-Saisons &#8211; Professionnel &#8211; pour l&rsquo;entr\u00e9e <em><a href=\"https:\/\/photoawards.com\/winner\/zoom.php?eid=8-1722605981-25\" rel=\"nofollow noopener\" target=\"_blank\">\u00ab\u00a0Flammes printani\u00e8res<\/a><\/em><\/li>\n\n\n\n<li>S\u00e9lection officielle dans la cat\u00e9gorie Nature-Paysage &#8211; Professionnel &#8211; pour l&rsquo;oeuvre <em><a href=\"https:\/\/www.photoawards.com\/winner\/zoom.php?eid=8-1722605985-25\" rel=\"nofollow noopener\" target=\"_blank\">\u00ab\u00a0Formes de pins<\/a><\/em><\/li>\n\n\n\n<li>S\u00e9lection officielle dans la cat\u00e9gorie Nature &#8211; Lever \/ Coucher de soleil &#8211; Professionnel &#8211; pour l&rsquo;oeuvre <em><a href=\"https:\/\/www.photoawards.com\/winner\/zoom.php?eid=8-1722605982-25\" rel=\"nofollow noopener\" target=\"_blank\">\u00ab\u00a0Sandwalk\u00a0\u00bb<\/a><\/em><\/li>\n<\/ul>\n<\/li>\n\n\n\n<li><strong>2025 &#8211; Prix reFocus<\/strong>\n<ul class=\"wp-block-list\">\n<li>Nomin\u00e9 au concours Color Photography &#8211; Minimalisme &#8211; Cat\u00e9gorie professionnelle &#8211; pour l&rsquo;entr\u00e9e <em><a href=\"https:\/\/refocus-awards.com\/contests\/winners\/color?entry_level=PROFESSIONAL&amp;q=kech&amp;entry=spring-flames\" rel=\"nofollow noopener\" target=\"_blank\">\u00ab\u00a0Flammes de printemps\u00a0\u00bb<\/a><\/em><\/li>\n<\/ul>\n<\/li>\n\n\n\n<li><strong>2024 &#8211; Prix de la photographie d&rsquo;art (FAPA)<\/strong>\n<ul class=\"wp-block-list\">\n<li>Nomin\u00e9 dans la cat\u00e9gorie Nature &#8211; Professionnel &#8211; pour l&rsquo;entr\u00e9e <em><a href=\"https:\/\/fineartphotoawards.com\/winners-gallery\/fapa-2024-2025\/professional\/nature\/hm\/22160\" rel=\"nofollow noopener\" target=\"_blank\">\u00ab\u00a0Canop\u00e9e de Stangala<\/a><\/em><\/li>\n\n\n\n<li>Nomin\u00e9 dans la cat\u00e9gorie Voyage &#8211; Professionnel &#8211; pour l&rsquo;entr\u00e9e <em><a href=\"https:\/\/fineartphotoawards.com\/winners-gallery\/fapa-2024-2025\/professional\/travel\/hm\/22492\" data-type=\"link\" data-id=\"https:\/\/fineartphotoawards.com\/winners-gallery\/fapa-2024-2025\/professional\/travel\/hm\/22492\" rel=\"nofollow noopener\" target=\"_blank\">\u00ab\u00a0Coucher de soleil sur la plage de Marshall\u00a0\u00bb<\/a><\/em><\/li>\n\n\n\n<li>Nomin\u00e9 dans la cat\u00e9gorie Paysage &#8211; Professionnel &#8211; pour l&rsquo;entr\u00e9e <em><a href=\"https:\/\/fineartphotoawards.com\/winners-gallery\/fapa-2024-2025\/professional\/landscape\/hm\/22117\" rel=\"nofollow noopener\" target=\"_blank\">\u00ab\u00a0Cadran solaire en pierre\u00a0\u00bb<\/a><\/em><\/li>\n<\/ul>\n<\/li>\n\n\n\n<li><strong>2024 &#8211; Prix Monochrome<\/strong>\n<ul class=\"wp-block-list\">\n<li>Mention honorable dans la cat\u00e9gorie Street &#8211; Professional &#8211; pour l&rsquo;entr\u00e9e <em><a href=\"https:\/\/monoawards.com\/winners-gallery\/monochrome-awards-2024\/professional\/street\/hm\/20783\" rel=\"nofollow noopener\" target=\"_blank\">\u00ab\u00a0All\u00e9gorie de la procession de Covid\u00a0\u00bb<\/a><\/em><\/li>\n\n\n\n<li>Mention honorable dans la cat\u00e9gorie Faune et flore &#8211; Professionnel &#8211; pour l&rsquo;entr\u00e9e <em><a href=\"https:\/\/monoawards.com\/winners-gallery\/monochrome-awards-2024\/professional\/wildlife\/hm\/20875\" rel=\"nofollow noopener\" target=\"_blank\">\u00ab\u00a0Darth deer\u00a0\u00bb<\/a><\/em><\/li>\n<\/ul>\n<\/li>\n\n\n\n<li><strong>2024 &#8211; Chromatic Awards<\/strong>\n<ul class=\"wp-block-list\">\n<li>Mention honorable dans la cat\u00e9gorie Nature &#8211; Professionnel &#8211; pour l&rsquo;entr\u00e9e <em><a href=\"https:\/\/chromaticawards.com\/winners-gallery\/chromatic-awards-2024\/professional\/nature\/hm\/6887\" rel=\"nofollow noopener\" target=\"_blank\">\u00ab\u00a0Cadran solaire en pierre\u00a0\u00bb<\/a><\/em><\/li>\n\n\n\n<li>Mention honorable dans la cat\u00e9gorie Nature &#8211; Professionnel &#8211; pour l&rsquo;entr\u00e9e <em><a href=\"https:\/\/chromaticawards.com\/winners-gallery\/chromatic-awards-2024\/professional\/nature\/hm\/6889\" rel=\"nofollow noopener\" target=\"_blank\">\u00ab\u00a0Jour de brouillard \u00e0 Stangala\u00a0\u00bb<\/a><\/em><\/li>\n\n\n\n<li>Mention honorable dans la cat\u00e9gorie Paysages &#8211; Professionnels &#8211; pour l&rsquo;entr\u00e9e <em><a href=\"https:\/\/chromaticawards.com\/winners-gallery\/chromatic-awards-2024\/professional\/landscapes\/hm\/6869\" rel=\"nofollow noopener\" target=\"_blank\">\u00ab\u00a0Vagues blanches\u00a0\u00bb<\/a><\/em><\/li>\n\n\n\n<li>Mention honorable dans la cat\u00e9gorie Beaux-Arts &#8211; Professionnels &#8211; pour l&rsquo;entr\u00e9e <em><a href=\"https:\/\/chromaticawards.com\/winners-gallery\/chromatic-awards-2024\/professional\/fine-art\/hm\/6838\" rel=\"nofollow noopener\" target=\"_blank\">\u00ab\u00a0Stangala canopy\u00a0\u00bb<\/a><\/em><\/li>\n<\/ul>\n<\/li>\n\n\n\n<li><strong>2024 &#8211; reFocus Awards<\/strong>\n<ul class=\"wp-block-list\">\n<li>Nomin\u00e9 au concours de photographie noir et blanc &#8211; Paysages &#8211; Cat\u00e9gorie Professionnelle &#8211; pour l&rsquo;entr\u00e9e <em><a href=\"https:\/\/refocus-awards.com\/entry\/clouds-ocean\" rel=\"nofollow noopener\" target=\"_blank\">\u00ab\u00a0Clouds ocean\u00a0\u00bb<\/a><\/em><\/li>\n<\/ul>\n<\/li>\n\n\n\n<li><strong>2024 &#8211; Prix de la Photographie Paris (PX3)<\/strong>\n<ul class=\"wp-block-list\">\n<li>Mention honorable dans la cat\u00e9gorie Nature\/coucher de soleil\/aube &#8211; Professionnel &#8211; pour l&rsquo;entr\u00e9e <em><a href=\"https:\/\/px3.fr\/winners\/hm\/2024\/1-118438-24\/\" rel=\"nofollow noopener\" target=\"_blank\">\u00ab\u00a0Cadran solaire en pierre\u00a0\u00bb<\/a><\/em><\/li>\n<\/ul>\n<\/li>\n\n\n\n<li><strong>2024 &#8211; Neutral Density Photography Awards (ND Awards)<\/strong>\n<ul class=\"wp-block-list\">\n<li>Mention honorable dans la cat\u00e9gorie Nature &#8211; Paysages &#8211; Professionnel &#8211; pour l&rsquo;entr\u00e9e <em><a href=\"https:\/\/ndawards.net\/winners-gallery\/nd-awards-2024\/professional\/landscapes\/hm\/21116\/\" rel=\"nofollow noopener\" target=\"_blank\">\u00ab\u00a0Canop\u00e9e de Stangala\u00a0\u00bb<\/a><\/em><\/li>\n\n\n\n<li>Mention honorable dans la cat\u00e9gorie Nature &#8211; Paysages &#8211; Professionnel &#8211; pour l&rsquo;entr\u00e9e <em><a href=\"https:\/\/ndawards.net\/winners-gallery\/nd-awards-2024\/professional\/landscapes\/hm\/21111\/\" rel=\"nofollow noopener\" target=\"_blank\">\u00ab\u00a0Journ\u00e9e brumeuse \u00e0 Stangala\u00a0\u00bb<\/a><\/em><\/li>\n\n\n\n<li>Mention honorable dans la cat\u00e9gorie Architecture &#8211; Ponts &#8211; Professionnel &#8211; pour l&rsquo;entr\u00e9e <em><a href=\"https:\/\/ndawards.net\/winners-gallery\/nd-awards-2024\/professional\/bridges\/hm\/20760\/\" rel=\"nofollow noopener\" target=\"_blank\">\u00ab\u00a0vagues du Golden Gate\u00a0\u00bb<\/a><\/em><\/li>\n<\/ul>\n<\/li>\n\n\n\n<li><strong>2024 &#8211; European Photography Awards (EPA)<\/strong>\n<ul class=\"wp-block-list\">\n<li>Mention honorable dans la cat\u00e9gorie Paysage &#8211; France photographie &#8211; Professionnel pour l&rsquo;entr\u00e9e <em><a href=\"https:\/\/europeanphotoawards.com\/winner-info.php?id=3583\" rel=\"nofollow noopener\" target=\"_blank\">\u00ab\u00a0Cadran solaire en pierre\u00a0\u00bb<\/a><\/em><\/li>\n<\/ul>\n<\/li>\n\n\n\n<li><strong>2023 &#8211; Prix de la photographie d&rsquo;art (FAPA)<\/strong>\n<ul class=\"wp-block-list\">\n<li>Nomination dans la cat\u00e9gorie Professionnels du paysage pour l&rsquo;entr\u00e9e <em><a href=\"https:\/\/fineartphotoawards.com\/winners-gallery\/fapa-2023-2024\/professional\/landscape\/hm\/20474\" rel=\"nofollow noopener\" target=\"_blank\">\u00ab\u00a0For\u00eat des sorciers<\/a><\/em><\/li>\n\n\n\n<li>Nomination dans la cat\u00e9gorie Professionnels du paysage pour l&rsquo;entr\u00e9e <em><a href=\"https:\/\/fineartphotoawards.com\/winners-gallery\/fapa-2023-2024\/professional\/landscape\/hm\/20449\" rel=\"nofollow noopener\" target=\"_blank\">\u00ab\u00a0Foug\u00e8res dans le chaos\u00a0\u00bb<\/a><\/em><\/li>\n<\/ul>\n<\/li>\n\n\n\n<li><strong>2023 &#8211; Chromatic Awards<\/strong>\n<ul class=\"wp-block-list\">\n<li>Mention honorable dans la cat\u00e9gorie Paysages &#8211; Professionnels &#8211; pour l&rsquo;entr\u00e9e <em><a href=\"https:\/\/chromaticawards.com\/winners-gallery\/chromatic-awards-2023\/professional\/landscapes\/hm\/5805\" rel=\"nofollow noopener\" target=\"_blank\">\u00ab\u00a0Arche de verdure\u00a0\u00bb<\/a><\/em><\/li>\n\n\n\n<li>Mention honorable dans la cat\u00e9gorie Nature &#8211; Professionnel &#8211; pour l&rsquo;entr\u00e9e <em><a href=\"https:\/\/chromaticawards.com\/winners-gallery\/chromatic-awards-2023\/professional\/nature\/hm\/5829\" rel=\"nofollow noopener\" target=\"_blank\">\u00ab\u00a0Foug\u00e8res dans le chaos\u00a0\u00bb<\/a><\/em><\/li>\n<\/ul>\n<\/li>\n<\/ul>\n\n\n\n<p><\/p>\n<\/div>\n\n\n\n<div class=\"wp-block-column is-layout-flow wp-block-column-is-layout-flow\" style=\"flex-basis:2%\"><\/div>\n\n\n\n<div class=\"wp-block-column is-vertically-aligned-center is-layout-flow wp-block-column-is-layout-flow\">\n<h2 class=\"wp-block-heading\">A propos de moi<\/h2>\n\n\n\n<p>Que ce soit pour d\u00e9corer votre int\u00e9rieur, pour vous diff\u00e9rencier avec de belles images sur votre site web, ou pour offrir un beau cadeau, je me ferai un plaisir de vous conseiller et de vous livrer <strong>un objet unique et sur mesure<\/strong>.<\/p>\n\n\n\n<p>Les <strong>photographies d&rsquo;<\/strong><strong>art<\/strong> propos\u00e9es sur mon site, toutes prises et \u00e9dit\u00e9es par mes soins, sont imprim\u00e9es en partenariat avec un <strong>laboratoire sp\u00e9cialis\u00e9 dans l&rsquo;impression de photographies d&rsquo;art<\/strong>. Le plus grand soin est apport\u00e9 \u00e0 toutes les \u00e9tapes, de la prise de vue \u00e0 la livraison, pour vous offrir une qualit\u00e9 d&rsquo;image optimale. Chaque tirage est num\u00e9rot\u00e9 et sign\u00e9, en <strong>\u00e9dition limit\u00e9e<\/strong> \u00e0 20 exemplaires dans le monde.<\/p>\n\n\n\n<p>Des <strong>cessions de droits d&rsquo;auteur <\/strong>sont \u00e9galement possibles pour certaines photos, sur demande, pour illustrer des livres, des magazines, des sites web, ou pour des expositions&#8230;<\/p>\n\n\n\n<p>Curieux du monde qui m&rsquo;entoure depuis toujours, j&rsquo;apprends chaque jour. Ma formation scientifique de g\u00e9ophysicien et mon int\u00e9r\u00eat de longue date pour l&rsquo;art, la litt\u00e9rature et la po\u00e9sie m&rsquo;inspirent pour observer le monde \u00e0 travers mon appareil photo. Le d\u00e9fi que je m&rsquo;\u00e9tais fix\u00e9 pendant les confinements du Covid-19 \u00e9tait d&rsquo;atteindre un niveau professionnel en photographie, et apr\u00e8s quelques \u00e9tudes et examens, j&rsquo;ai obtenu mon dipl\u00f4me avec mention tr\u00e8s bien \u00e0 l&rsquo;\u00e9t\u00e9 2021, et cela a \u00e9t\u00e9 pour moi un v\u00e9ritable accomplissement personnel. Depuis, j&rsquo;ai re\u00e7u plusieurs prix lors de concours internationaux de photographie professionnelle renomm\u00e9s dans les cat\u00e9gories paysages, nature, noir et blanc et architecture.<\/p>\n\n\n\n<p>Ma formation scientifique m&rsquo;a permis de comprendre en profondeur les forces naturelles qui fa\u00e7onnent notre Terre, et elle enrichit mon approche de la photographie, me permettant de r\u00e9v\u00e9ler la magie cach\u00e9e derri\u00e8re chaque paysage, chaque rocher et chaque nuage.<\/p>\n\n\n\n<p>Inspir\u00e9 par les ma\u00eetres de la peinture qui ma\u00eetrisaient l&rsquo;art du clair-obscur, je cherche \u00e0 cr\u00e9er des images qui capturent l&rsquo;essence m\u00eame de l&rsquo;ombre et de la lumi\u00e8re, donnant vie \u00e0 des paysages qui semblent tout droit sortis d&rsquo;un r\u00eave. Chaque prise de vue est une toile, et chaque moment est l&rsquo;occasion d&rsquo;explorer les d\u00e9tails subtils de notre plan\u00e8te, tout en racontant une histoire unique.<\/p>\n\n\n\n<p>\u00c0 travers mes photographies, je veux vous emmener avec moi dans ces voyages visuels, vous faire ressentir l&rsquo;\u00e9motion de chaque lieu que je capture. J&rsquo;esp\u00e8re que mes images \u00e9veilleront votre propre curiosit\u00e9 et vous inciteront \u00e0 explorer, prot\u00e9ger et ch\u00e9rir notre pr\u00e9cieuse plan\u00e8te.<\/p>\n\n\n\n<p>Si le mot photographie signifie litt\u00e9ralement \u00ab\u00a0\u00e9crire avec la lumi\u00e8re\u00a0\u00bb, alors je pense que cette activit\u00e9 est pour moi un parfait compromis, quelque part entre art et science. Car, finalement, la photographie s&rsquo;appuie sur les propri\u00e9t\u00e9s optiques de la lumi\u00e8re, et sa fameuse dualit\u00e9 \u00ab onde \u00bb et \u00ab particule \u00bb d\u00e9crite par la m\u00e9canique quantique, utilis\u00e9e \u00e0 des fins cr\u00e9atives.<\/p>\n\n\n\n<p>Un brin m\u00e9taphysique, vous ne trouvez pas ?<\/p>\n\n\n\n<h3 class=\"wp-block-heading\" id=\"sebastien-kech\">Sebastien Kech<\/h3>\n\n\n\n<p><em>Auteur Photographe<\/em><br\/>Fondateur de Skywaven Studios<\/p>\n<\/div>\n<\/div>\n<\/div><\/div>\n\n<div class=\"inherit-container-width wp-block-group alignfull has-background is-layout-constrained wp-block-group-is-layout-constrained\" style=\"background-color:#e6f4f6\"><div class=\"wp-block-group__inner-container\">\n<div class=\"wp-block-columns has-background is-layout-flex wp-container-core-columns-is-layout-28f84493 wp-block-columns-is-layout-flex\" style=\"background-color:#e6f4f6\">\n<div class=\"wp-block-column is-layout-flow wp-block-column-is-layout-flow\">\n<h2 class=\"wp-block-heading\" id=\"prints\">Impressions<\/h2>\n\n\n\n<p>Visitez mon portfolio en ligne, choisissez votre photographie. N&rsquo;h\u00e9sitez pas \u00e0 me contacter, je pourrais vous donner des conseils sur le meilleur format et le meilleur support (type d&rsquo;impression, type de papier, type de cadre&#8230;).<\/p>\n<\/div>\n\n\n\n<div class=\"wp-block-column is-layout-flow wp-block-column-is-layout-flow\">\n<h2 class=\"wp-block-heading\" id=\"photography-services\">Services<\/h2>\n\n\n\n<ul class=\"wp-block-list\">\n<li>Tirages photographiques d&rsquo;art<\/li>\n\n\n\n<li>Cessions de droits d&rsquo;auteur<\/li>\n<\/ul>\n<\/div>\n\n\n\n<div class=\"wp-block-column is-layout-flow wp-block-column-is-layout-flow\">\n<h2 class=\"wp-block-heading\" id=\"my-values\">Valeurs<\/h2>\n\n\n\n<ul class=\"wp-block-list\">\n<li>Rester curieux et ouvert d&rsquo;esprit<\/li>\n\n\n\n<li>Apprendre chaque jour<\/li>\n\n\n\n<li>Observer le monde<\/li>\n<\/ul>\n<\/div>\n<\/div>\n<\/div><\/div>\n\n<p><\/p>\n","protected":false},"excerpt":{"rendered":"<p>Prix internationaux A propos de moi Que ce soit pour d\u00e9corer votre int\u00e9rieur, pour vous diff\u00e9rencier avec de belles images sur votre site web, ou pour offrir un beau cadeau, je me ferai un plaisir de vous conseiller et de vous livrer un objet unique et sur mesure. Les photographies d&rsquo;art propos\u00e9es sur mon site, [&hellip;]<\/p>\n","protected":false},"author":1,"featured_media":0,"parent":0,"menu_order":0,"comment_status":"closed","ping_status":"closed","template":"","meta":{"_uag_custom_page_level_css":"","site-sidebar-layout":"no-sidebar","site-content-layout":"plain-container","ast-site-content-layout":"normal-width-container","site-content-style":"unboxed","site-sidebar-style":"unboxed","ast-global-header-display":"","ast-banner-title-visibility":"","ast-main-header-display":"","ast-hfb-above-header-display":"","ast-hfb-below-header-display":"","ast-hfb-mobile-header-display":"","site-post-title":"disabled","ast-breadcrumbs-content":"","ast-featured-img":"disabled","footer-sml-layout":"","ast-disable-related-posts":"","theme-transparent-header-meta":"disabled","adv-header-id-meta":"","stick-header-meta":"default","header-above-stick-meta":"","header-main-stick-meta":"","header-below-stick-meta":"","astra-migrate-meta-layouts":"default","ast-page-background-enabled":"default","ast-page-background-meta":{"desktop":{"background-color":"","background-image":"","background-repeat":"repeat","background-position":"center center","background-size":"auto","background-attachment":"scroll","background-type":"","background-media":"","overlay-type":"","overlay-color":"","overlay-opacity":"","overlay-gradient":""},"tablet":{"background-color":"","background-image":"","background-repeat":"repeat","background-position":"center center","background-size":"auto","background-attachment":"scroll","background-type":"","background-media":"","overlay-type":"","overlay-color":"","overlay-opacity":"","overlay-gradient":""},"mobile":{"background-color":"","background-image":"","background-repeat":"repeat","background-position":"center center","background-size":"auto","background-attachment":"scroll","background-type":"","background-media":"","overlay-type":"","overlay-color":"","overlay-opacity":"","overlay-gradient":""}},"ast-content-background-meta":{"desktop":{"background-color":"var(--ast-global-color-5)","background-image":"","background-repeat":"repeat","background-position":"center center","background-size":"auto","background-attachment":"scroll","background-type":"","background-media":"","overlay-type":"","overlay-color":"","overlay-opacity":"","overlay-gradient":""},"tablet":{"background-color":"var(--ast-global-color-5)","background-image":"","background-repeat":"repeat","background-position":"center center","background-size":"auto","background-attachment":"scroll","background-type":"","background-media":"","overlay-type":"","overlay-color":"","overlay-opacity":"","overlay-gradient":""},"mobile":{"background-color":"var(--ast-global-color-5)","background-image":"","background-repeat":"repeat","background-position":"center center","background-size":"auto","background-attachment":"scroll","background-type":"","background-media":"","overlay-type":"","overlay-color":"","overlay-opacity":"","overlay-gradient":""}},"footnotes":""},"class_list":["post-1410","page","type-page","status-publish","hentry"],"uagb_featured_image_src":{"full":false,"thumbnail":false,"medium":false,"medium_large":false,"large":false,"1536x1536":false,"2048x2048":false,"woocommerce_thumbnail":false,"woocommerce_single":false,"woocommerce_gallery_thumbnail":false},"uagb_author_info":{"display_name":"Sebastien Kech","author_link":"https:\/\/www.skywavenstudios.com\/fr\/author\/skywavenstudiosgmail-com\/"},"uagb_comment_info":0,"uagb_excerpt":"Prix internationaux A propos de moi Que ce soit pour d\u00e9corer votre int\u00e9rieur, pour vous diff\u00e9rencier avec de belles images sur votre site web, ou pour offrir un beau cadeau, je me ferai un plaisir de vous conseiller et de vous livrer un objet unique et sur mesure. Les photographies d&rsquo;art propos\u00e9es sur mon site,\u2026","jetpack_sharing_enabled":true,"_links":{"self":[{"href":"https:\/\/www.skywavenstudios.com\/fr\/wp-json\/wp\/v2\/pages\/1410","targetHints":{"allow":["GET"]}}],"collection":[{"href":"https:\/\/www.skywavenstudios.com\/fr\/wp-json\/wp\/v2\/pages"}],"about":[{"href":"https:\/\/www.skywavenstudios.com\/fr\/wp-json\/wp\/v2\/types\/page"}],"author":[{"embeddable":true,"href":"https:\/\/www.skywavenstudios.com\/fr\/wp-json\/wp\/v2\/users\/1"}],"replies":[{"embeddable":true,"href":"https:\/\/www.skywavenstudios.com\/fr\/wp-json\/wp\/v2\/comments?post=1410"}],"version-history":[{"count":16,"href":"https:\/\/www.skywavenstudios.com\/fr\/wp-json\/wp\/v2\/pages\/1410\/revisions"}],"predecessor-version":[{"id":68651,"href":"https:\/\/www.skywavenstudios.com\/fr\/wp-json\/wp\/v2\/pages\/1410\/revisions\/68651"}],"wp:attachment":[{"href":"https:\/\/www.skywavenstudios.com\/fr\/wp-json\/wp\/v2\/media?parent=1410"}],"curies":[{"name":"wp","href":"https:\/\/api.w.org\/{rel}","templated":true}]}}