{"id":1444,"date":"2020-05-12T03:43:03","date_gmt":"2020-05-12T01:43:03","guid":{"rendered":"https:\/\/skywavenstudios.com\/accueil\/"},"modified":"2025-01-12T16:24:03","modified_gmt":"2025-01-12T15:24:03","slug":"domicile","status":"publish","type":"page","link":"https:\/\/www.skywavenstudios.com\/fr\/","title":{"rendered":"Accueil"},"content":{"rendered":"\n<div class=\"wp-block-cover alignfull is-light\" style=\"min-height:800px;aspect-ratio:unset;\"><span aria-hidden=\"true\" class=\"wp-block-cover__background has-background-dim wp-block-cover__gradient-background has-background-gradient\" style=\"background:linear-gradient(100deg,rgb(21,50,67) 0%,rgb(26,108,122) 100%)\"><\/span><img decoding=\"async\" width=\"1920\" height=\"1280\" class=\"wp-block-cover__image-background wp-image-2049\" alt=\"\" src=\"https:\/\/www.skywavenstudios.com\/wp-content\/uploads\/2021\/10\/landscape_lavanda-1.jpg\" style=\"object-position:0% 0%\" data-object-fit=\"cover\" data-object-position=\"0% 0%\" srcset=\"https:\/\/www.skywavenstudios.com\/wp-content\/uploads\/2021\/10\/landscape_lavanda-1.jpg 1920w, https:\/\/www.skywavenstudios.com\/wp-content\/uploads\/2021\/10\/landscape_lavanda-1-300x200.jpg 300w, https:\/\/www.skywavenstudios.com\/wp-content\/uploads\/2021\/10\/landscape_lavanda-1-600x400.jpg 600w, https:\/\/www.skywavenstudios.com\/wp-content\/uploads\/2021\/10\/landscape_lavanda-1-1024x683.jpg 1024w, https:\/\/www.skywavenstudios.com\/wp-content\/uploads\/2021\/10\/landscape_lavanda-1-768x512.jpg 768w, https:\/\/www.skywavenstudios.com\/wp-content\/uploads\/2021\/10\/landscape_lavanda-1-1536x1024.jpg 1536w, https:\/\/www.skywavenstudios.com\/wp-content\/uploads\/2021\/10\/landscape_lavanda-1-1320x880.jpg 1320w\" sizes=\"(max-width: 1920px) 100vw, 1920px\" \/><div class=\"wp-block-cover__inner-container is-layout-flow wp-block-cover-is-layout-flow\">\n<h1 class=\"wp-block-heading has-text-align-center has-white-color has-text-color\"><strong>Skywaven Studios<\/strong><\/h1>\n\n\n\n<p class=\"has-text-align-center has-white-color has-text-color has-medium-font-size\">Photographie d&rsquo;art<\/p>\n\n\n\n<div class=\"wp-block-buttons is-horizontal is-content-justification-center is-layout-flex wp-container-core-buttons-is-layout-03627597 wp-block-buttons-is-layout-flex\">\n\n<\/div>\n<\/div><\/div>\n\n<div class=\"inherit-container-width wp-block-group alignfull has-white-background-color has-background is-layout-constrained wp-block-group-is-layout-constrained\"><div class=\"wp-block-group__inner-container\">\n<div class=\"wp-block-columns are-vertically-aligned-center is-layout-flex wp-container-core-columns-is-layout-28f84493 wp-block-columns-is-layout-flex\">\n<div class=\"wp-block-column is-vertically-aligned-center is-layout-flow wp-block-column-is-layout-flow\">\n<div class=\"wp-block-cover is-light\" style=\"margin-top:0;margin-bottom:0;padding-top:0px;padding-right:0px;padding-bottom:0px;padding-left:0px\"><span aria-hidden=\"true\" class=\"wp-block-cover__background has-black-background-color has-background-dim-30 has-background-dim\"><\/span><img decoding=\"async\" width=\"900\" height=\"1200\" class=\"wp-block-cover__image-background wp-image-1938\" alt=\"\" src=\"https:\/\/www.skywavenstudios.com\/wp-content\/uploads\/2021\/10\/landscape_photo.jpg\" style=\"object-position:34% 0%\" data-object-fit=\"cover\" data-object-position=\"34% 0%\" srcset=\"https:\/\/www.skywavenstudios.com\/wp-content\/uploads\/2021\/10\/landscape_photo.jpg 900w, https:\/\/www.skywavenstudios.com\/wp-content\/uploads\/2021\/10\/landscape_photo-300x400.jpg 300w, https:\/\/www.skywavenstudios.com\/wp-content\/uploads\/2021\/10\/landscape_photo-600x800.jpg 600w, https:\/\/www.skywavenstudios.com\/wp-content\/uploads\/2021\/10\/landscape_photo-225x300.jpg 225w, https:\/\/www.skywavenstudios.com\/wp-content\/uploads\/2021\/10\/landscape_photo-768x1024.jpg 768w\" sizes=\"(max-width: 900px) 100vw, 900px\" \/><div class=\"wp-block-cover__inner-container is-layout-flow wp-block-cover-is-layout-flow\">\n<h2 class=\"wp-block-heading has-text-align-center has-white-color has-text-color\">Paysage<\/h2>\n\n\n\n<p><\/p>\n<\/div><\/div>\n<\/div>\n\n\n\n<div class=\"wp-block-column is-layout-flow wp-block-column-is-layout-flow\" style=\"flex-basis:2%\"><\/div>\n\n\n\n<div class=\"wp-block-column is-vertically-aligned-center is-layout-flow wp-block-column-is-layout-flow\">\n<div class=\"wp-block-cover is-light\" style=\"margin-top:0;margin-bottom:0\"><span aria-hidden=\"true\" class=\"wp-block-cover__background has-background-dim-30 has-background-dim\" style=\"background-color:#153243\"><\/span><img decoding=\"async\" width=\"800\" height=\"1200\" class=\"wp-block-cover__image-background wp-image-1942\" alt=\"\" src=\"https:\/\/www.skywavenstudios.com\/wp-content\/uploads\/2021\/10\/street_life_photo.jpg\" data-object-fit=\"cover\" srcset=\"https:\/\/www.skywavenstudios.com\/wp-content\/uploads\/2021\/10\/street_life_photo.jpg 800w, https:\/\/www.skywavenstudios.com\/wp-content\/uploads\/2021\/10\/street_life_photo-300x450.jpg 300w, https:\/\/www.skywavenstudios.com\/wp-content\/uploads\/2021\/10\/street_life_photo-600x900.jpg 600w, https:\/\/www.skywavenstudios.com\/wp-content\/uploads\/2021\/10\/street_life_photo-200x300.jpg 200w, https:\/\/www.skywavenstudios.com\/wp-content\/uploads\/2021\/10\/street_life_photo-683x1024.jpg 683w, https:\/\/www.skywavenstudios.com\/wp-content\/uploads\/2021\/10\/street_life_photo-768x1152.jpg 768w\" sizes=\"(max-width: 800px) 100vw, 800px\" \/><div class=\"wp-block-cover__inner-container is-layout-flow wp-block-cover-is-layout-flow\">\n<h2 class=\"wp-block-heading has-text-align-center has-white-color has-text-color\">Street life<\/h2>\n<\/div><\/div>\n<\/div>\n\n\n\n<div class=\"wp-block-column is-layout-flow wp-block-column-is-layout-flow\" style=\"flex-basis:2%\"><\/div>\n\n\n\n<div class=\"wp-block-column is-vertically-aligned-center is-layout-flow wp-block-column-is-layout-flow\">\n<div class=\"wp-block-cover is-light\"><span aria-hidden=\"true\" class=\"wp-block-cover__background has-black-background-color has-background-dim-30 has-background-dim\"><\/span><img decoding=\"async\" width=\"800\" height=\"1200\" class=\"wp-block-cover__image-background wp-image-14304\" alt=\"Cormorants flying over Marquenterre Park, France\" src=\"https:\/\/www.skywavenstudios.com\/wp-content\/uploads\/2022\/02\/Cormorant-trio.jpg\" style=\"object-position:57% 26%\" data-object-fit=\"cover\" data-object-position=\"57% 26%\" srcset=\"https:\/\/www.skywavenstudios.com\/wp-content\/uploads\/2022\/02\/Cormorant-trio.jpg 800w, https:\/\/www.skywavenstudios.com\/wp-content\/uploads\/2022\/02\/Cormorant-trio-200x300.jpg 200w, https:\/\/www.skywavenstudios.com\/wp-content\/uploads\/2022\/02\/Cormorant-trio-683x1024.jpg 683w, https:\/\/www.skywavenstudios.com\/wp-content\/uploads\/2022\/02\/Cormorant-trio-768x1152.jpg 768w, https:\/\/www.skywavenstudios.com\/wp-content\/uploads\/2022\/02\/Cormorant-trio-300x450.jpg 300w, https:\/\/www.skywavenstudios.com\/wp-content\/uploads\/2022\/02\/Cormorant-trio-600x900.jpg 600w\" sizes=\"(max-width: 800px) 100vw, 800px\" \/><div class=\"wp-block-cover__inner-container is-layout-flow wp-block-cover-is-layout-flow\">\n<h2 class=\"wp-block-heading alignwide has-text-align-center has-white-color has-text-color\">Wild life<\/h2>\n<\/div><\/div>\n<\/div>\n\n\n\n<div class=\"wp-block-column is-layout-flow wp-block-column-is-layout-flow\" style=\"flex-basis:2%\"><\/div>\n\n\n\n<div class=\"wp-block-column is-vertically-aligned-center is-layout-flow wp-block-column-is-layout-flow\">\n<div class=\"wp-block-cover is-light\"><span aria-hidden=\"true\" class=\"wp-block-cover__background has-black-background-color has-background-dim-30 has-background-dim\"><\/span><img decoding=\"async\" width=\"1200\" height=\"900\" class=\"wp-block-cover__image-background wp-image-1950\" alt=\"\" src=\"https:\/\/www.skywavenstudios.com\/wp-content\/uploads\/2021\/10\/architecture_photo.jpg\" style=\"object-position:56% 49%\" data-object-fit=\"cover\" data-object-position=\"56% 49%\" srcset=\"https:\/\/www.skywavenstudios.com\/wp-content\/uploads\/2021\/10\/architecture_photo.jpg 1200w, https:\/\/www.skywavenstudios.com\/wp-content\/uploads\/2021\/10\/architecture_photo-300x225.jpg 300w, https:\/\/www.skywavenstudios.com\/wp-content\/uploads\/2021\/10\/architecture_photo-600x450.jpg 600w, https:\/\/www.skywavenstudios.com\/wp-content\/uploads\/2021\/10\/architecture_photo-1024x768.jpg 1024w, https:\/\/www.skywavenstudios.com\/wp-content\/uploads\/2021\/10\/architecture_photo-768x576.jpg 768w\" sizes=\"(max-width: 1200px) 100vw, 1200px\" \/><div class=\"wp-block-cover__inner-container is-layout-flow wp-block-cover-is-layout-flow\">\n<h2 class=\"wp-block-heading alignwide has-text-align-center has-white-color has-text-color\">Architecture<\/h2>\n<\/div><\/div>\n<\/div>\n<\/div>\n<\/div><\/div>\n\n<div class=\"inherit-container-width wp-block-group alignfull has-white-background-color has-background is-layout-constrained wp-block-group-is-layout-constrained\"><div class=\"wp-block-group__inner-container\">\n<div class=\"wp-block-columns is-layout-flex wp-container-core-columns-is-layout-28f84493 wp-block-columns-is-layout-flex\">\n<div class=\"wp-block-column is-layout-flow wp-block-column-is-layout-flow\">\n<h2 class=\"wp-block-heading\">Tirages limit\u00e9s de photographie d&rsquo;art<\/h2>\n<\/div>\n\n\n\n<div class=\"wp-block-column is-layout-flow wp-block-column-is-layout-flow\">\n<p>Toutes mes photographies d&rsquo;art sont imprim\u00e9es en \u00e9dition limit\u00e9e avec un maximum de 20 exemplaires dans le monde entier. Elles sont sign\u00e9es et fournies avec un certificat d&rsquo;authenticit\u00e9.<\/p>\n\n\n\n<p>Choisissez votre photo et demandez le format !<\/p>\n\n\n\n<div class=\"wp-block-buttons is-layout-flex wp-block-buttons-is-layout-flex\">\n<div class=\"wp-block-button\"><a class=\"wp-block-button__link wp-element-button\" href=\"https:\/\/www.skywavenstudios.com\/fr\/boutique\/\" rel=\"#\">Boutique<\/a><\/div>\n<\/div>\n<\/div>\n<\/div>\n<\/div><\/div>\n\n<div class=\"wp-block-cover alignfull has-parallax\" style=\"min-height:595px;aspect-ratio:unset;\"><span aria-hidden=\"true\" class=\"wp-block-cover__background has-background-dim-60 has-background-dim wp-block-cover__gradient-background has-background-gradient\" style=\"background:linear-gradient(100deg,rgb(21,50,67) 0%,rgb(26,108,122) 100%)\"><\/span><div class=\"wp-block-cover__image-background wp-image-1954 has-parallax\" style=\"background-position:50% 50%;background-image:url(http:\/\/skywavenstudios.com\/wp-content\/uploads\/2021\/10\/project_photo.jpg)\"><\/div><div class=\"wp-block-cover__inner-container is-layout-flow wp-block-cover-is-layout-flow\">\n<h2 class=\"wp-block-heading has-text-align-center has-white-color has-text-color\">Des questions sur mon portfolio ?<\/h2>\n\n\n\n<p class=\"has-text-align-center has-ast-global-color-5-color has-text-color has-link-color wp-elements-6be02d89767d64b190e75e915980511a\">Si vous avez des questions sur les photos de mon portfolio&#8230;<\/p>\n\n\n\n<p class=\"has-text-align-center has-ast-global-color-5-color has-text-color has-link-color wp-elements-d7f52940eddca86dca649dd91d070fc8\">N&rsquo;h\u00e9sitez pas \u00e0 me contacter, je serai ravi de discuter avec vous !<\/p>\n\n\n\n<div class=\"wp-block-uagb-buttons uagb-buttons__outer-wrap uagb-btn__default-btn uagb-btn-tablet__default-btn uagb-btn-mobile__default-btn uagb-block-1ad66f3c\"><div class=\"uagb-buttons__wrap uagb-buttons-layout-wrap \">\n<div class=\"wp-block-uagb-buttons-child uagb-buttons__outer-wrap uagb-block-f6aa4b99 wp-block-button\"><div class=\"uagb-button__wrapper\"><a class=\"uagb-buttons-repeater wp-block-button__link\" aria-label=\"\" href=\"https:\/\/www.skywavenstudios.com\/fr\/prendre-contact\/\" rel=\"follow noopener\" target=\"_self\" role=\"button\"><div class=\"uagb-button__link\">Contact<\/div><\/a><\/div><\/div>\n<\/div><\/div>\n<\/div><\/div>\n\n<div class=\"inherit-container-width wp-block-group alignfull has-background is-layout-constrained wp-block-group-is-layout-constrained\" style=\"background:linear-gradient(135deg,rgb(255,255,255) 0%,rgb(237,244,245) 100%)\"><div class=\"wp-block-group__inner-container\">\n<div class=\"wp-block-columns is-layout-flex wp-container-core-columns-is-layout-28f84493 wp-block-columns-is-layout-flex\">\n<div class=\"wp-block-column is-layout-flow wp-block-column-is-layout-flow\">\n<figure class=\"wp-block-image size-large has-custom-border is-style-default\"><img decoding=\"async\" width=\"1024\" height=\"683\" src=\"https:\/\/www.skywavenstudios.com\/wp-content\/uploads\/2021\/10\/architecture_ladefense_cityscape-1024x683.jpg\" alt=\"Architecture et paysage urbain\" class=\"wp-image-1958\" style=\"border-style:none;border-width:0%\" srcset=\"https:\/\/www.skywavenstudios.com\/wp-content\/uploads\/2021\/10\/architecture_ladefense_cityscape-1024x683.jpg 1024w, https:\/\/www.skywavenstudios.com\/wp-content\/uploads\/2021\/10\/architecture_ladefense_cityscape-300x200.jpg 300w, https:\/\/www.skywavenstudios.com\/wp-content\/uploads\/2021\/10\/architecture_ladefense_cityscape-600x400.jpg 600w, https:\/\/www.skywavenstudios.com\/wp-content\/uploads\/2021\/10\/architecture_ladefense_cityscape-768x512.jpg 768w, https:\/\/www.skywavenstudios.com\/wp-content\/uploads\/2021\/10\/architecture_ladefense_cityscape.jpg 1200w\" sizes=\"(max-width: 1024px) 100vw, 1024px\" \/><\/figure>\n<\/div>\n\n\n\n<div class=\"wp-block-column is-layout-flow wp-block-column-is-layout-flow\" style=\"flex-basis:2%\"><\/div>\n\n\n\n<div class=\"wp-block-column is-layout-flow wp-block-column-is-layout-flow\">\n<figure class=\"wp-block-image size-large has-custom-border\"><img decoding=\"async\" width=\"1024\" height=\"683\" src=\"https:\/\/www.skywavenstudios.com\/wp-content\/uploads\/2021\/12\/landscape_lac_noir-1-1024x683.jpg\" alt=\"Photographie de paysage\" class=\"wp-image-2635\" style=\"border-style:none;border-width:0%;border-radius:0px\" srcset=\"https:\/\/www.skywavenstudios.com\/wp-content\/uploads\/2021\/12\/landscape_lac_noir-1-1024x683.jpg 1024w, https:\/\/www.skywavenstudios.com\/wp-content\/uploads\/2021\/12\/landscape_lac_noir-1-300x200.jpg 300w, https:\/\/www.skywavenstudios.com\/wp-content\/uploads\/2021\/12\/landscape_lac_noir-1-600x400.jpg 600w, https:\/\/www.skywavenstudios.com\/wp-content\/uploads\/2021\/12\/landscape_lac_noir-1-768x512.jpg 768w, https:\/\/www.skywavenstudios.com\/wp-content\/uploads\/2021\/12\/landscape_lac_noir-1-1536x1024.jpg 1536w, https:\/\/www.skywavenstudios.com\/wp-content\/uploads\/2021\/12\/landscape_lac_noir-1-1320x880.jpg 1320w, https:\/\/www.skywavenstudios.com\/wp-content\/uploads\/2021\/12\/landscape_lac_noir-1.jpg 1800w\" sizes=\"(max-width: 1024px) 100vw, 1024px\" \/><\/figure>\n<\/div>\n\n\n\n<div class=\"wp-block-column is-layout-flow wp-block-column-is-layout-flow\" style=\"flex-basis:2%\"><\/div>\n\n\n\n<div class=\"wp-block-column is-layout-flow wp-block-column-is-layout-flow\">\n<figure class=\"wp-block-image size-large has-custom-border is-style-default\"><img decoding=\"async\" width=\"1024\" height=\"683\" src=\"https:\/\/skywavenstudios.com\/wp-content\/uploads\/2021\/10\/architecture_ladefense_night-1024x683.jpg\" alt=\"Paysage urbain de La D&#xE9;fense la nuit\" class=\"wp-image-1966\" style=\"border-style:none;border-width:0%\" srcset=\"https:\/\/www.skywavenstudios.com\/wp-content\/uploads\/2021\/10\/architecture_ladefense_night-1024x683.jpg 1024w, https:\/\/www.skywavenstudios.com\/wp-content\/uploads\/2021\/10\/architecture_ladefense_night-300x200.jpg 300w, https:\/\/www.skywavenstudios.com\/wp-content\/uploads\/2021\/10\/architecture_ladefense_night-600x400.jpg 600w, https:\/\/www.skywavenstudios.com\/wp-content\/uploads\/2021\/10\/architecture_ladefense_night-768x512.jpg 768w, https:\/\/www.skywavenstudios.com\/wp-content\/uploads\/2021\/10\/architecture_ladefense_night.jpg 1200w\" sizes=\"(max-width: 1024px) 100vw, 1024px\" \/><\/figure>\n<\/div>\n<\/div>\n\n\n\n<p><\/p>\n\n\n\n<div class=\"wp-block-columns is-layout-flex wp-container-core-columns-is-layout-28f84493 wp-block-columns-is-layout-flex\">\n<div class=\"wp-block-column is-layout-flow wp-block-column-is-layout-flow\">\n<figure class=\"wp-block-image size-large has-custom-border\"><img decoding=\"async\" width=\"1024\" height=\"683\" src=\"https:\/\/www.skywavenstudios.com\/wp-content\/uploads\/2021\/10\/street_life_couple_walking_floating-1024x683.jpg\" alt=\"Couple marchant sous le pont\" class=\"wp-image-1970\" style=\"border-style:none;border-width:0%\" srcset=\"https:\/\/www.skywavenstudios.com\/wp-content\/uploads\/2021\/10\/street_life_couple_walking_floating-1024x683.jpg 1024w, https:\/\/www.skywavenstudios.com\/wp-content\/uploads\/2021\/10\/street_life_couple_walking_floating-300x200.jpg 300w, https:\/\/www.skywavenstudios.com\/wp-content\/uploads\/2021\/10\/street_life_couple_walking_floating-600x400.jpg 600w, https:\/\/www.skywavenstudios.com\/wp-content\/uploads\/2021\/10\/street_life_couple_walking_floating-768x512.jpg 768w, https:\/\/www.skywavenstudios.com\/wp-content\/uploads\/2021\/10\/street_life_couple_walking_floating.jpg 1200w\" sizes=\"(max-width: 1024px) 100vw, 1024px\" \/><\/figure>\n<\/div>\n\n\n\n<div class=\"wp-block-column is-layout-flow wp-block-column-is-layout-flow\" style=\"flex-basis:2%\"><\/div>\n\n\n\n<div class=\"wp-block-column is-layout-flow wp-block-column-is-layout-flow\">\n<figure class=\"wp-block-image size-large has-custom-border\"><img decoding=\"async\" width=\"1024\" height=\"683\" src=\"https:\/\/www.skywavenstudios.com\/wp-content\/uploads\/2021\/10\/street_life_genesis-1-1024x683.jpg\" alt=\"Couple marchant sur le pont\" class=\"wp-image-1978\" style=\"border-style:none;border-width:0%\" srcset=\"https:\/\/www.skywavenstudios.com\/wp-content\/uploads\/2021\/10\/street_life_genesis-1-1024x683.jpg 1024w, https:\/\/www.skywavenstudios.com\/wp-content\/uploads\/2021\/10\/street_life_genesis-1-300x200.jpg 300w, https:\/\/www.skywavenstudios.com\/wp-content\/uploads\/2021\/10\/street_life_genesis-1-600x400.jpg 600w, https:\/\/www.skywavenstudios.com\/wp-content\/uploads\/2021\/10\/street_life_genesis-1-768x512.jpg 768w, https:\/\/www.skywavenstudios.com\/wp-content\/uploads\/2021\/10\/street_life_genesis-1.jpg 1200w\" sizes=\"(max-width: 1024px) 100vw, 1024px\" \/><\/figure>\n<\/div>\n\n\n\n<div class=\"wp-block-column is-layout-flow wp-block-column-is-layout-flow\" style=\"flex-basis:2%\"><\/div>\n\n\n\n<div class=\"wp-block-column is-layout-flow wp-block-column-is-layout-flow\">\n<figure class=\"wp-block-image size-large has-custom-border\"><img decoding=\"async\" width=\"1024\" height=\"683\" src=\"https:\/\/www.skywavenstudios.com\/wp-content\/uploads\/2021\/10\/street_life_notre_dame_evening_walk-1024x683.jpg\" alt=\"Couple marchant pr&#xE8;s de Notre-Dame de Paris\" class=\"wp-image-1982\" style=\"border-style:none;border-width:0%\" srcset=\"https:\/\/www.skywavenstudios.com\/wp-content\/uploads\/2021\/10\/street_life_notre_dame_evening_walk-1024x683.jpg 1024w, https:\/\/www.skywavenstudios.com\/wp-content\/uploads\/2021\/10\/street_life_notre_dame_evening_walk-300x200.jpg 300w, https:\/\/www.skywavenstudios.com\/wp-content\/uploads\/2021\/10\/street_life_notre_dame_evening_walk-600x400.jpg 600w, https:\/\/www.skywavenstudios.com\/wp-content\/uploads\/2021\/10\/street_life_notre_dame_evening_walk-768x512.jpg 768w, https:\/\/www.skywavenstudios.com\/wp-content\/uploads\/2021\/10\/street_life_notre_dame_evening_walk.jpg 1200w\" sizes=\"(max-width: 1024px) 100vw, 1024px\" \/><\/figure>\n<\/div>\n<\/div>\n<\/div><\/div>\n","protected":false},"excerpt":{"rendered":"<p>Tirages limit\u00e9s de photographie d&rsquo;art Toutes mes photographies d&rsquo;art sont imprim\u00e9es en \u00e9dition limit\u00e9e avec un maximum de 20 exemplaires dans le monde entier. Elles sont sign\u00e9es et fournies avec un certificat d&rsquo;authenticit\u00e9. Choisissez votre photo et demandez le format !<\/p>\n","protected":false},"author":1,"featured_media":0,"parent":0,"menu_order":0,"comment_status":"closed","ping_status":"closed","template":"","meta":{"_uag_custom_page_level_css":"","site-sidebar-layout":"no-sidebar","site-content-layout":"plain-container","ast-site-content-layout":"normal-width-container","site-content-style":"unboxed","site-sidebar-style":"unboxed","ast-global-header-display":"","ast-banner-title-visibility":"","ast-main-header-display":"","ast-hfb-above-header-display":"","ast-hfb-below-header-display":"","ast-hfb-mobile-header-display":"","site-post-title":"disabled","ast-breadcrumbs-content":"","ast-featured-img":"disabled","footer-sml-layout":"","ast-disable-related-posts":"","theme-transparent-header-meta":"enabled","adv-header-id-meta":"","stick-header-meta":"default","header-above-stick-meta":"","header-main-stick-meta":"","header-below-stick-meta":"","astra-migrate-meta-layouts":"default","ast-page-background-enabled":"default","ast-page-background-meta":{"desktop":{"background-color":"","background-image":"","background-repeat":"repeat","background-position":"center center","background-size":"auto","background-attachment":"scroll","background-type":"","background-media":"","overlay-type":"","overlay-color":"","overlay-opacity":"","overlay-gradient":""},"tablet":{"background-color":"","background-image":"","background-repeat":"repeat","background-position":"center center","background-size":"auto","background-attachment":"scroll","background-type":"","background-media":"","overlay-type":"","overlay-color":"","overlay-opacity":"","overlay-gradient":""},"mobile":{"background-color":"","background-image":"","background-repeat":"repeat","background-position":"center center","background-size":"auto","background-attachment":"scroll","background-type":"","background-media":"","overlay-type":"","overlay-color":"","overlay-opacity":"","overlay-gradient":""}},"ast-content-background-meta":{"desktop":{"background-color":"var(--ast-global-color-5)","background-image":"","background-repeat":"repeat","background-position":"center center","background-size":"auto","background-attachment":"scroll","background-type":"","background-media":"","overlay-type":"","overlay-color":"","overlay-opacity":"","overlay-gradient":""},"tablet":{"background-color":"var(--ast-global-color-5)","background-image":"","background-repeat":"repeat","background-position":"center center","background-size":"auto","background-attachment":"scroll","background-type":"","background-media":"","overlay-type":"","overlay-color":"","overlay-opacity":"","overlay-gradient":""},"mobile":{"background-color":"var(--ast-global-color-5)","background-image":"","background-repeat":"repeat","background-position":"center center","background-size":"auto","background-attachment":"scroll","background-type":"","background-media":"","overlay-type":"","overlay-color":"","overlay-opacity":"","overlay-gradient":""}},"footnotes":""},"class_list":["post-1444","page","type-page","status-publish","hentry"],"uagb_featured_image_src":{"full":false,"thumbnail":false,"medium":false,"medium_large":false,"large":false,"1536x1536":false,"2048x2048":false,"woocommerce_thumbnail":false,"woocommerce_single":false,"woocommerce_gallery_thumbnail":false},"uagb_author_info":{"display_name":"Sebastien Kech","author_link":"https:\/\/www.skywavenstudios.com\/fr\/author\/skywavenstudiosgmail-com\/"},"uagb_comment_info":0,"uagb_excerpt":"Tirages limit\u00e9s de photographie d&rsquo;art Toutes mes photographies d&rsquo;art sont imprim\u00e9es en \u00e9dition limit\u00e9e avec un maximum de 20 exemplaires dans le monde entier. Elles sont sign\u00e9es et fournies avec un certificat d&rsquo;authenticit\u00e9. Choisissez votre photo et demandez le format !","jetpack_sharing_enabled":true,"_links":{"self":[{"href":"https:\/\/www.skywavenstudios.com\/fr\/wp-json\/wp\/v2\/pages\/1444","targetHints":{"allow":["GET"]}}],"collection":[{"href":"https:\/\/www.skywavenstudios.com\/fr\/wp-json\/wp\/v2\/pages"}],"about":[{"href":"https:\/\/www.skywavenstudios.com\/fr\/wp-json\/wp\/v2\/types\/page"}],"author":[{"embeddable":true,"href":"https:\/\/www.skywavenstudios.com\/fr\/wp-json\/wp\/v2\/users\/1"}],"replies":[{"embeddable":true,"href":"https:\/\/www.skywavenstudios.com\/fr\/wp-json\/wp\/v2\/comments?post=1444"}],"version-history":[{"count":6,"href":"https:\/\/www.skywavenstudios.com\/fr\/wp-json\/wp\/v2\/pages\/1444\/revisions"}],"predecessor-version":[{"id":65618,"href":"https:\/\/www.skywavenstudios.com\/fr\/wp-json\/wp\/v2\/pages\/1444\/revisions\/65618"}],"wp:attachment":[{"href":"https:\/\/www.skywavenstudios.com\/fr\/wp-json\/wp\/v2\/media?parent=1444"}],"curies":[{"name":"wp","href":"https:\/\/api.w.org\/{rel}","templated":true}]}}