{"id":1478,"date":"2020-05-12T03:43:04","date_gmt":"2020-05-12T01:43:04","guid":{"rendered":"https:\/\/skywavenstudios.com\/services\/"},"modified":"2025-01-12T13:06:07","modified_gmt":"2025-01-12T12:06:07","slug":"themes","status":"publish","type":"page","link":"https:\/\/www.skywavenstudios.com\/fr\/themes\/","title":{"rendered":"Th\u00e8mes"},"content":{"rendered":"\n<div class=\"inherit-container-width wp-block-group alignfull has-white-background-color has-background is-layout-constrained wp-block-group-is-layout-constrained\"><div class=\"wp-block-group__inner-container\">\n<div class=\"wp-block-media-text alignwide has-media-on-the-right is-stacked-on-mobile\"><div class=\"wp-block-media-text__content\">\n<h2 class=\"wp-block-heading\">Paysage<\/h2>\n\n\n\n<p>Trouver le meilleur moment et le meilleur point de vue pour prendre la photo souhait\u00e9e. Je travaille g\u00e9n\u00e9ralement en couleur pour la photographie de paysage. Cependant, pour tirer le meilleur parti de certaines sc\u00e8nes, j&rsquo;utilise le noir et blanc.<\/p>\n\n\n\n<div class=\"wp-block-buttons is-layout-flex wp-block-buttons-is-layout-flex\">\n<div class=\"wp-block-button\"><a class=\"wp-block-button__link wp-element-button\" href=\"https:\/\/www.skywavenstudios.com\/envira\/landscape\/\" rel=\"#\">Galerie<\/a><\/div>\n<\/div>\n<\/div><figure class=\"wp-block-media-text__media\"><img decoding=\"async\" width=\"1024\" height=\"683\" src=\"https:\/\/www.skywavenstudios.com\/wp-content\/uploads\/2021\/12\/landscape_lac_noir-1-1024x683.jpg\" alt=\"Photographie de paysage\" class=\"wp-image-2635 size-full\" srcset=\"https:\/\/www.skywavenstudios.com\/wp-content\/uploads\/2021\/12\/landscape_lac_noir-1-1024x683.jpg 1024w, https:\/\/www.skywavenstudios.com\/wp-content\/uploads\/2021\/12\/landscape_lac_noir-1-300x200.jpg 300w, https:\/\/www.skywavenstudios.com\/wp-content\/uploads\/2021\/12\/landscape_lac_noir-1-600x400.jpg 600w, https:\/\/www.skywavenstudios.com\/wp-content\/uploads\/2021\/12\/landscape_lac_noir-1-768x512.jpg 768w, https:\/\/www.skywavenstudios.com\/wp-content\/uploads\/2021\/12\/landscape_lac_noir-1-1536x1024.jpg 1536w, https:\/\/www.skywavenstudios.com\/wp-content\/uploads\/2021\/12\/landscape_lac_noir-1-1320x880.jpg 1320w, https:\/\/www.skywavenstudios.com\/wp-content\/uploads\/2021\/12\/landscape_lac_noir-1.jpg 1800w\" sizes=\"(max-width: 1024px) 100vw, 1024px\" \/><\/figure><\/div>\n<\/div><\/div>\n\n<div class=\"inherit-container-width wp-block-group alignfull has-white-background-color has-background is-layout-constrained wp-block-group-is-layout-constrained\"><div class=\"wp-block-group__inner-container\">\n<div class=\"wp-block-media-text alignwide is-stacked-on-mobile\"><figure class=\"wp-block-media-text__media\"><img decoding=\"async\" width=\"1024\" height=\"683\" src=\"https:\/\/www.skywavenstudios.com\/wp-content\/uploads\/2021\/10\/street_life_genesis-1-1024x683.jpg\" alt=\"Couple marchant sur le pont\" class=\"wp-image-1978 size-full\" srcset=\"https:\/\/www.skywavenstudios.com\/wp-content\/uploads\/2021\/10\/street_life_genesis-1-1024x683.jpg 1024w, https:\/\/www.skywavenstudios.com\/wp-content\/uploads\/2021\/10\/street_life_genesis-1-300x200.jpg 300w, https:\/\/www.skywavenstudios.com\/wp-content\/uploads\/2021\/10\/street_life_genesis-1-600x400.jpg 600w, https:\/\/www.skywavenstudios.com\/wp-content\/uploads\/2021\/10\/street_life_genesis-1-768x512.jpg 768w, https:\/\/www.skywavenstudios.com\/wp-content\/uploads\/2021\/10\/street_life_genesis-1.jpg 1200w\" sizes=\"(max-width: 1024px) 100vw, 1024px\" \/><\/figure><div class=\"wp-block-media-text__content\">\n<h2 class=\"wp-block-heading\">Street life<\/h2>\n\n\n\n<p>Attendre le bon moment pour trouver l&rsquo;\u00e9quilibre parfait dans la composition et trouver la meilleure lumi\u00e8re et perspective. Je travaille principalement en noir et blanc pour la photographie de rue.<\/p>\n\n\n\n<div class=\"wp-block-buttons is-layout-flex wp-block-buttons-is-layout-flex\">\n<div class=\"wp-block-button\"><a class=\"wp-block-button__link wp-element-button\" href=\"https:\/\/www.skywavenstudios.com\/envira\/street-life\/\" rel=\"#\">Galerie<\/a><\/div>\n<\/div>\n<\/div><\/div>\n<\/div><\/div>\n\n<div class=\"inherit-container-width wp-block-group alignfull has-white-background-color has-background is-layout-constrained wp-block-group-is-layout-constrained\"><div class=\"wp-block-group__inner-container\">\n<div class=\"wp-block-media-text alignwide has-media-on-the-right is-stacked-on-mobile\"><div class=\"wp-block-media-text__content\">\n<h2 class=\"wp-block-heading\">Wild life<\/h2>\n\n\n\n<p>Patience, patience et calme ! Apr\u00e8s des centaines d&rsquo;essais, vous l&rsquo;obtenez soudain : le joyau photographique d&rsquo;un animal sauvage.<\/p>\n\n\n\n<div class=\"wp-block-buttons is-layout-flex wp-block-buttons-is-layout-flex\">\n<div class=\"wp-block-button\"><a class=\"wp-block-button__link wp-element-button\" href=\" &#10;https:\/\/www.skywavenstudios.com\/envira\/wildlife\/\" rel=\"#\">Galerie<\/a><\/div>\n<\/div>\n<\/div><figure class=\"wp-block-media-text__media\"><img decoding=\"async\" width=\"1024\" height=\"683\" src=\"https:\/\/www.skywavenstudios.com\/wp-content\/uploads\/2021\/12\/wildlife_photo-1024x683.jpg\" alt=\"\" class=\"wp-image-2626 size-full\" srcset=\"https:\/\/www.skywavenstudios.com\/wp-content\/uploads\/2021\/12\/wildlife_photo-1024x683.jpg 1024w, https:\/\/www.skywavenstudios.com\/wp-content\/uploads\/2021\/12\/wildlife_photo-300x200.jpg 300w, https:\/\/www.skywavenstudios.com\/wp-content\/uploads\/2021\/12\/wildlife_photo-600x400.jpg 600w, https:\/\/www.skywavenstudios.com\/wp-content\/uploads\/2021\/12\/wildlife_photo-768x512.jpg 768w, https:\/\/www.skywavenstudios.com\/wp-content\/uploads\/2021\/12\/wildlife_photo-1536x1024.jpg 1536w, https:\/\/www.skywavenstudios.com\/wp-content\/uploads\/2021\/12\/wildlife_photo-1320x880.jpg 1320w, https:\/\/www.skywavenstudios.com\/wp-content\/uploads\/2021\/12\/wildlife_photo.jpg 1800w\" sizes=\"(max-width: 1024px) 100vw, 1024px\" \/><\/figure><\/div>\n<\/div><\/div>\n\n<div class=\"inherit-container-width wp-block-group alignfull has-white-background-color has-background is-layout-constrained wp-block-group-is-layout-constrained\"><div class=\"wp-block-group__inner-container\">\n<div class=\"wp-block-media-text alignwide is-stacked-on-mobile\"><figure class=\"wp-block-media-text__media\"><img decoding=\"async\" width=\"1024\" height=\"683\" src=\"https:\/\/www.skywavenstudios.com\/wp-content\/uploads\/2021\/10\/architecture_ladefense_cityscape-1024x683.jpg\" alt=\"Architecture et paysage urbain\" class=\"wp-image-1958 size-full\" srcset=\"https:\/\/www.skywavenstudios.com\/wp-content\/uploads\/2021\/10\/architecture_ladefense_cityscape-1024x683.jpg 1024w, https:\/\/www.skywavenstudios.com\/wp-content\/uploads\/2021\/10\/architecture_ladefense_cityscape-300x200.jpg 300w, https:\/\/www.skywavenstudios.com\/wp-content\/uploads\/2021\/10\/architecture_ladefense_cityscape-600x400.jpg 600w, https:\/\/www.skywavenstudios.com\/wp-content\/uploads\/2021\/10\/architecture_ladefense_cityscape-768x512.jpg 768w, https:\/\/www.skywavenstudios.com\/wp-content\/uploads\/2021\/10\/architecture_ladefense_cityscape.jpg 1200w\" sizes=\"(max-width: 1024px) 100vw, 1024px\" \/><\/figure><div class=\"wp-block-media-text__content\">\n<h2 class=\"wp-block-heading\">Architecture<\/h2>\n\n\n\n<p>L&rsquo;architecture est la meilleure occasion de travailler sur les lignes, les sym\u00e9tries, les formes et la lumi\u00e8re.<\/p>\n\n\n\n<div class=\"wp-block-buttons is-layout-flex wp-block-buttons-is-layout-flex\">\n<div class=\"wp-block-button\"><a class=\"wp-block-button__link wp-element-button\" href=\" &#10;https:\/\/www.skywavenstudios.com\/envira\/architecture\/\" rel=\"#\">Galerie<\/a><\/div>\n<\/div>\n<\/div><\/div>\n<\/div><\/div>\n\n<div class=\"inherit-container-width wp-block-group alignfull has-background is-layout-constrained wp-block-group-is-layout-constrained\" style=\"background-color:#e6f4f6\"><div class=\"wp-block-group__inner-container\">\n<h2 class=\"wp-block-heading has-text-align-center has-background\" style=\"background-color:#e6f4f6\">Questions fr\u00e9quemment pos\u00e9es<\/h2>\n\n\n\n<div class=\"wp-block-columns has-background is-layout-flex wp-container-core-columns-is-layout-28f84493 wp-block-columns-is-layout-flex\" style=\"background-color:#e6f4f6\">\n<div class=\"wp-block-column is-layout-flow wp-block-column-is-layout-flow\">\n<h4 class=\"wp-block-heading has-text-align-left\">Photographiez-vous d&rsquo;autres sujets ?<\/h4>\n\n\n\n<p class=\"has-text-align-left\">Oui bien s\u00fbr. Il peut s&rsquo;agir d&rsquo;\u00e9v\u00e9nements sociaux ou personnels, de monuments, d&rsquo;objets&#8230; <\/p>\n\n\n\n<h4 class=\"wp-block-heading has-text-align-left\">Retouchez-vous vos photos ?<\/h4>\n\n\n\n<p class=\"has-text-align-left\">Je prends des photos en RAW puis je les retouche pour agrandir la sc\u00e8ne. Mais il y a toujours une limite \u00e0 cela. Ma r\u00e8gle est d&rsquo;am\u00e9liorer la photo par des changements subtils et de ne jamais tomber dans le pi\u00e8ge de la sur\u00e9dition.<\/p>\n\n\n\n<h4 class=\"wp-block-heading has-text-align-left\">Avez-vous du mat\u00e9riel de studio de photographie ?<\/h4>\n\n\n\n<p class=\"has-text-align-left\">J&rsquo;ai des flashs et des modificateurs de lumi\u00e8re pour la photographie en studio.<\/p>\n<\/div>\n\n\n\n<div class=\"wp-block-column is-layout-flow wp-block-column-is-layout-flow\">\n<h4 class=\"wp-block-heading has-text-align-left\">Avez-vous gagn\u00e9 des concours ?<\/h4>\n\n\n\n<p class=\"has-text-align-left\">J&rsquo;ai parfois soumis certaines de mes photos \u00e0 des concours de photographie professionnels et j&rsquo;ai d\u00e9j\u00e0 \u00e9t\u00e9 r\u00e9compens\u00e9 lors de plusieurs concours internationaux.<\/p>\n\n\n\n<h4 class=\"wp-block-heading has-text-align-left\">Qui vous inspire en tant que photographe ?<\/h4>\n\n\n\n<p class=\"has-text-align-left\">La peinture m&rsquo;inspire beaucoup et j&rsquo;ai beaucoup appris des r\u00e8gles de composition gr\u00e2ce \u00e0 elles. Surtout les peintres en clair-obscur (Le Caravage, Rembrandt, Vermeer, Georges de La Tour&#8230;). Ils sont une grande source d&rsquo;inspiration pour moi. J&rsquo;aime aussi le r\u00e9alisme de certains peintres comme Millet, Courbet ou R\u00e9pine.<\/p>\n\n\n\n<p class=\"has-text-align-left\">Il y a \u00e9videmment beaucoup de photographes que j&rsquo;admire comme Willy Ronis, Fan Ho, Sebastiao Salgado, Hermann Landshoff, Elliot Erwitt, Cartier-Bresson et son \u00ab\u00a0instant d\u00e9cisif\u00a0\u00bb, Ansel Adams, Brassa\u00ef&#8230;<\/p>\n<\/div>\n<\/div>\n<\/div><\/div>\n\n<p><\/p>\n","protected":false},"excerpt":{"rendered":"<p>Paysage Trouver le meilleur moment et le meilleur point de vue pour prendre la photo souhait\u00e9e. Je travaille g\u00e9n\u00e9ralement en couleur pour la photographie de paysage. Cependant, pour tirer le meilleur parti de certaines sc\u00e8nes, j&rsquo;utilise le noir et blanc. Street life Attendre le bon moment pour trouver l&rsquo;\u00e9quilibre parfait dans la composition et trouver [&hellip;]<\/p>\n","protected":false},"author":1,"featured_media":0,"parent":0,"menu_order":0,"comment_status":"closed","ping_status":"closed","template":"","meta":{"_uag_custom_page_level_css":"","site-sidebar-layout":"no-sidebar","site-content-layout":"plain-container","ast-site-content-layout":"normal-width-container","site-content-style":"unboxed","site-sidebar-style":"unboxed","ast-global-header-display":"","ast-banner-title-visibility":"","ast-main-header-display":"","ast-hfb-above-header-display":"","ast-hfb-below-header-display":"","ast-hfb-mobile-header-display":"","site-post-title":"disabled","ast-breadcrumbs-content":"","ast-featured-img":"disabled","footer-sml-layout":"","ast-disable-related-posts":"","theme-transparent-header-meta":"default","adv-header-id-meta":"","stick-header-meta":"default","header-above-stick-meta":"","header-main-stick-meta":"","header-below-stick-meta":"","astra-migrate-meta-layouts":"default","ast-page-background-enabled":"default","ast-page-background-meta":{"desktop":{"background-color":"","background-image":"","background-repeat":"repeat","background-position":"center center","background-size":"auto","background-attachment":"scroll","background-type":"","background-media":"","overlay-type":"","overlay-color":"","overlay-opacity":"","overlay-gradient":""},"tablet":{"background-color":"","background-image":"","background-repeat":"repeat","background-position":"center center","background-size":"auto","background-attachment":"scroll","background-type":"","background-media":"","overlay-type":"","overlay-color":"","overlay-opacity":"","overlay-gradient":""},"mobile":{"background-color":"","background-image":"","background-repeat":"repeat","background-position":"center center","background-size":"auto","background-attachment":"scroll","background-type":"","background-media":"","overlay-type":"","overlay-color":"","overlay-opacity":"","overlay-gradient":""}},"ast-content-background-meta":{"desktop":{"background-color":"var(--ast-global-color-5)","background-image":"","background-repeat":"repeat","background-position":"center center","background-size":"auto","background-attachment":"scroll","background-type":"","background-media":"","overlay-type":"","overlay-color":"","overlay-opacity":"","overlay-gradient":""},"tablet":{"background-color":"var(--ast-global-color-5)","background-image":"","background-repeat":"repeat","background-position":"center center","background-size":"auto","background-attachment":"scroll","background-type":"","background-media":"","overlay-type":"","overlay-color":"","overlay-opacity":"","overlay-gradient":""},"mobile":{"background-color":"var(--ast-global-color-5)","background-image":"","background-repeat":"repeat","background-position":"center center","background-size":"auto","background-attachment":"scroll","background-type":"","background-media":"","overlay-type":"","overlay-color":"","overlay-opacity":"","overlay-gradient":""}},"footnotes":""},"class_list":["post-1478","page","type-page","status-publish","hentry"],"uagb_featured_image_src":{"full":false,"thumbnail":false,"medium":false,"medium_large":false,"large":false,"1536x1536":false,"2048x2048":false,"woocommerce_thumbnail":false,"woocommerce_single":false,"woocommerce_gallery_thumbnail":false},"uagb_author_info":{"display_name":"Sebastien Kech","author_link":"https:\/\/www.skywavenstudios.com\/fr\/author\/skywavenstudiosgmail-com\/"},"uagb_comment_info":0,"uagb_excerpt":"Paysage Trouver le meilleur moment et le meilleur point de vue pour prendre la photo souhait\u00e9e. Je travaille g\u00e9n\u00e9ralement en couleur pour la photographie de paysage. Cependant, pour tirer le meilleur parti de certaines sc\u00e8nes, j&rsquo;utilise le noir et blanc. Street life Attendre le bon moment pour trouver l&rsquo;\u00e9quilibre parfait dans la composition et trouver\u2026","jetpack_sharing_enabled":true,"_links":{"self":[{"href":"https:\/\/www.skywavenstudios.com\/fr\/wp-json\/wp\/v2\/pages\/1478","targetHints":{"allow":["GET"]}}],"collection":[{"href":"https:\/\/www.skywavenstudios.com\/fr\/wp-json\/wp\/v2\/pages"}],"about":[{"href":"https:\/\/www.skywavenstudios.com\/fr\/wp-json\/wp\/v2\/types\/page"}],"author":[{"embeddable":true,"href":"https:\/\/www.skywavenstudios.com\/fr\/wp-json\/wp\/v2\/users\/1"}],"replies":[{"embeddable":true,"href":"https:\/\/www.skywavenstudios.com\/fr\/wp-json\/wp\/v2\/comments?post=1478"}],"version-history":[{"count":6,"href":"https:\/\/www.skywavenstudios.com\/fr\/wp-json\/wp\/v2\/pages\/1478\/revisions"}],"predecessor-version":[{"id":65647,"href":"https:\/\/www.skywavenstudios.com\/fr\/wp-json\/wp\/v2\/pages\/1478\/revisions\/65647"}],"wp:attachment":[{"href":"https:\/\/www.skywavenstudios.com\/fr\/wp-json\/wp\/v2\/media?parent=1478"}],"curies":[{"name":"wp","href":"https:\/\/api.w.org\/{rel}","templated":true}]}}