{"id":3121,"date":"2021-08-17T16:01:25","date_gmt":"2021-08-17T14:01:25","guid":{"rendered":"https:\/\/skywavenstudios.com\/mention-legale\/"},"modified":"2022-09-29T18:47:30","modified_gmt":"2022-09-29T16:47:30","slug":"mentions-legales","status":"publish","type":"page","link":"https:\/\/www.skywavenstudios.com\/fr\/mentions-legales\/","title":{"rendered":"Mentions l\u00e9gales"},"content":{"rendered":"\n<h2 class=\"wp-block-heading\">1. Identification<\/h2>\n\n<h3 class=\"wp-block-heading\">1.1 \u00c9diteur<\/h3>\n\n<p>Le site<a href=\"http:\/\/www.skywavenstudios.com\/fr\/\">www.skywavenstudios.com<\/a> est \u00e9dit\u00e9 par Skywaven Studios &#8211; Sebastien Kech, auteur photographe.<\/p>\n\n<h3 class=\"wp-block-heading\">1.2 <strong>Entreprise<\/strong><\/h3>\n\n<p>Skywaven Studios est une entreprise individuelle (EI) enregistr\u00e9e en France sous le r\u00e9gime d&rsquo;artiste-auteur au sein du r\u00e9pertoire <a rel=\"noreferrer noopener nofollow\" href=\"https:\/\/www.sirene.fr\/sirene\/public\/accueil\" target=\"_blank\">SIRENE<\/a>.<\/p>\n\n<ul class=\"wp-block-list\"><li>Si\u00e8ge social : 36 rue du pr\u00e9sident Wilson, 78230 Le Pecq, France.<\/li><li>SIREN : 918 437 955<\/li><li>SIRET : 918 437 955 00019<\/li><li>Code APE : 7420Z<\/li><li>Num\u00e9ro de TVA (intra-communautaire UE) : FR68918437955<\/li><li>Directeur : Sebastien Kech<\/li><li>Contact : <a href=\"mailto:skywavenstudios@gmail.com\">skywavenstudios@gmail.com<\/a> ou <a href=\"https:\/\/skywavenstudios.com\/fr\/prendre-contact\/\">formulaire de contact<\/a>.<\/li><\/ul>\n\n<h3 class=\"wp-block-heading\">1.3 <strong>H\u00e9bergement<\/strong><\/h3>\n\n<p>Hostinger, dont le si\u00e8ge social est Hostinger International Ltd, 61 Lordou Vironos Street, 6023 Larnaca, Chypre, joignable par les moyens suivants : <a href=\"https:\/\/www.hostinger.fr\/contact\" target=\"_blank\" rel=\"noreferrer noopener nofollow\">https:\/\/www.hostinger.fr\/contact<\/a>.<\/p>\n\n<h2 class=\"wp-block-heading\">2. Propri\u00e9t\u00e9 intellectuelle<\/h2>\n\n<p>Toutes les photographies, textes, commentaires, marques, logos, illustrations, images anim\u00e9es ou non, s\u00e9quences vid\u00e9o, sons, ainsi que toutes les applications informatiques qui pourraient \u00eatre utilis\u00e9es pour faire fonctionner ce site et plus g\u00e9n\u00e9ralement tous les \u00e9l\u00e9ments reproduits ou utilis\u00e9s sur ce site sont prot\u00e9g\u00e9s par les lois fran\u00e7aises et\/ou internationales en vigueur au titre de la propri\u00e9t\u00e9 intellectuelle et plus particuli\u00e8rement au titre du droit d&rsquo;auteur et des marques.<br\/>Ils sont la propri\u00e9t\u00e9 pleine et enti\u00e8re de l&rsquo;Editeur ou de ses partenaires, sauf mention contraire. Toute reproduction, repr\u00e9sentation, utilisation ou adaptation, sous quelque forme que ce soit, de tout ou partie de ces \u00e9l\u00e9ments, y compris des applications informatiques, sans l&rsquo;autorisation \u00e9crite et pr\u00e9alable de l&rsquo;Editeur, est strictement interdite. Le fait pour l&rsquo;Editeur de ne pas engager de proc\u00e9dure d\u00e8s la connaissance de ces utilisations non autoris\u00e9es ne vaut pas acceptation desdites utilisations et renonciation \u00e0 poursuivre.<br\/>Les \u00e9l\u00e9ments du site ne peuvent \u00eatre utilis\u00e9s sous quelque forme que ce soit sans l&rsquo;autorisation \u00e9crite de l&rsquo;Editeur ou de ses partenaires, sauf mention contraire, ou sans avoir sign\u00e9 un contrat de cession de droits d&rsquo;auteur pour une utilisation commerciale.<\/p>\n\n<p><strong>Tous droits r\u00e9serv\u00e9s &#8211; Skywaven Studios<\/strong><\/p>\n\n<p><\/p>\n","protected":false},"excerpt":{"rendered":"<p>1. Identification 1.1 \u00c9diteur Le sitewww.skywavenstudios.com est \u00e9dit\u00e9 par Skywaven Studios &#8211; Sebastien Kech, auteur photographe. 1.2 Entreprise Skywaven Studios est une entreprise individuelle (EI) enregistr\u00e9e en France sous le r\u00e9gime d&rsquo;artiste-auteur au sein du r\u00e9pertoire SIRENE. Si\u00e8ge social : 36 rue du pr\u00e9sident Wilson, 78230 Le Pecq, France. SIREN : 918 437 955 SIRET [&hellip;]<\/p>\n","protected":false},"author":1,"featured_media":0,"parent":0,"menu_order":0,"comment_status":"closed","ping_status":"closed","template":"","meta":{"_uag_custom_page_level_css":"","site-sidebar-layout":"no-sidebar","site-content-layout":"plain-container","ast-site-content-layout":"default","site-content-style":"default","site-sidebar-style":"default","ast-global-header-display":"","ast-banner-title-visibility":"","ast-main-header-display":"","ast-hfb-above-header-display":"","ast-hfb-below-header-display":"","ast-hfb-mobile-header-display":"","site-post-title":"enabled","ast-breadcrumbs-content":"","ast-featured-img":"enabled","footer-sml-layout":"","ast-disable-related-posts":"","theme-transparent-header-meta":"disabled","adv-header-id-meta":"","stick-header-meta":"default","header-above-stick-meta":"","header-main-stick-meta":"","header-below-stick-meta":"","astra-migrate-meta-layouts":"default","ast-page-background-enabled":"default","ast-page-background-meta":{"desktop":{"background-color":"","background-image":"","background-repeat":"repeat","background-position":"center center","background-size":"auto","background-attachment":"scroll","background-type":"","background-media":"","overlay-type":"","overlay-color":"","overlay-opacity":"","overlay-gradient":""},"tablet":{"background-color":"","background-image":"","background-repeat":"repeat","background-position":"center center","background-size":"auto","background-attachment":"scroll","background-type":"","background-media":"","overlay-type":"","overlay-color":"","overlay-opacity":"","overlay-gradient":""},"mobile":{"background-color":"","background-image":"","background-repeat":"repeat","background-position":"center center","background-size":"auto","background-attachment":"scroll","background-type":"","background-media":"","overlay-type":"","overlay-color":"","overlay-opacity":"","overlay-gradient":""}},"ast-content-background-meta":{"desktop":{"background-color":"var(--ast-global-color-5)","background-image":"","background-repeat":"repeat","background-position":"center center","background-size":"auto","background-attachment":"scroll","background-type":"","background-media":"","overlay-type":"","overlay-color":"","overlay-opacity":"","overlay-gradient":""},"tablet":{"background-color":"var(--ast-global-color-5)","background-image":"","background-repeat":"repeat","background-position":"center center","background-size":"auto","background-attachment":"scroll","background-type":"","background-media":"","overlay-type":"","overlay-color":"","overlay-opacity":"","overlay-gradient":""},"mobile":{"background-color":"var(--ast-global-color-5)","background-image":"","background-repeat":"repeat","background-position":"center center","background-size":"auto","background-attachment":"scroll","background-type":"","background-media":"","overlay-type":"","overlay-color":"","overlay-opacity":"","overlay-gradient":""}},"footnotes":""},"class_list":["post-3121","page","type-page","status-publish","hentry"],"uagb_featured_image_src":{"full":false,"thumbnail":false,"medium":false,"medium_large":false,"large":false,"1536x1536":false,"2048x2048":false,"woocommerce_thumbnail":false,"woocommerce_single":false,"woocommerce_gallery_thumbnail":false},"uagb_author_info":{"display_name":"Sebastien Kech","author_link":"https:\/\/www.skywavenstudios.com\/fr\/author\/skywavenstudiosgmail-com\/"},"uagb_comment_info":0,"uagb_excerpt":"1. Identification 1.1 \u00c9diteur Le sitewww.skywavenstudios.com est \u00e9dit\u00e9 par Skywaven Studios &#8211; Sebastien Kech, auteur photographe. 1.2 Entreprise Skywaven Studios est une entreprise individuelle (EI) enregistr\u00e9e en France sous le r\u00e9gime d&rsquo;artiste-auteur au sein du r\u00e9pertoire SIRENE. Si\u00e8ge social : 36 rue du pr\u00e9sident Wilson, 78230 Le Pecq, France. SIREN : 918 437 955 SIRET\u2026","jetpack_sharing_enabled":true,"_links":{"self":[{"href":"https:\/\/www.skywavenstudios.com\/fr\/wp-json\/wp\/v2\/pages\/3121","targetHints":{"allow":["GET"]}}],"collection":[{"href":"https:\/\/www.skywavenstudios.com\/fr\/wp-json\/wp\/v2\/pages"}],"about":[{"href":"https:\/\/www.skywavenstudios.com\/fr\/wp-json\/wp\/v2\/types\/page"}],"author":[{"embeddable":true,"href":"https:\/\/www.skywavenstudios.com\/fr\/wp-json\/wp\/v2\/users\/1"}],"replies":[{"embeddable":true,"href":"https:\/\/www.skywavenstudios.com\/fr\/wp-json\/wp\/v2\/comments?post=3121"}],"version-history":[{"count":6,"href":"https:\/\/www.skywavenstudios.com\/fr\/wp-json\/wp\/v2\/pages\/3121\/revisions"}],"predecessor-version":[{"id":61561,"href":"https:\/\/www.skywavenstudios.com\/fr\/wp-json\/wp\/v2\/pages\/3121\/revisions\/61561"}],"wp:attachment":[{"href":"https:\/\/www.skywavenstudios.com\/fr\/wp-json\/wp\/v2\/media?parent=3121"}],"curies":[{"name":"wp","href":"https:\/\/api.w.org\/{rel}","templated":true}]}}