{"id":4357,"date":"2022-01-24T23:22:41","date_gmt":"2022-01-24T22:22:41","guid":{"rendered":"https:\/\/skywavenstudios.com\/product\/imprimer\/"},"modified":"2025-09-14T16:37:56","modified_gmt":"2025-09-14T14:37:56","slug":"classic-frame","status":"publish","type":"product","link":"https:\/\/www.skywavenstudios.com\/fr\/produit\/classic-frame\/","title":{"rendered":"Cadre classique"},"content":{"rendered":"<p>Tous les cadres propos\u00e9s sont des cadres haut de gamme pour la photographie d&rsquo;art, utilis\u00e9s par les galeries photographiques et les mus\u00e9es pour mettre en valeur et prot\u00e9ger durablement les photos. Avec un design tr\u00e8s sobre, il s&rsquo;adapte \u00e0 tout type de photo et s&rsquo;int\u00e8gre parfaitement dans tout type de d\u00e9coration int\u00e9rieure.<br \/>\nDeux clips de suspension \u00e0 l&rsquo;arri\u00e8re permettent de l&rsquo;accrocher dans les deux sens. L&rsquo;installation de la photo, le montage et le d\u00e9montage sont tr\u00e8s faciles.<\/p>\n<p>Tous les cadres sont vendus avec un passe-partout blanc et un verre mus\u00e9e anti-reflet.<\/p>\n","protected":false},"excerpt":{"rendered":"<p>Tous les cadres propos\u00e9s sont des cadres haut de gamme pour la photographie d&rsquo;art, utilis\u00e9s par les galeries de photos et les mus\u00e9es pour mettre en valeur et prot\u00e9ger les photos sur le long terme.<\/p>\n<p>Tous les cadres sont vendus avec un passe-partout blanc et un verre mus\u00e9e anti-reflet.<\/p>\n","protected":false},"featured_media":68090,"template":"","meta":{"_uag_custom_page_level_css":"","site-sidebar-layout":"default","site-content-layout":"default","ast-site-content-layout":"default","site-content-style":"default","site-sidebar-style":"default","ast-global-header-display":"","ast-banner-title-visibility":"","ast-main-header-display":"","ast-hfb-above-header-display":"","ast-hfb-below-header-display":"","ast-hfb-mobile-header-display":"","site-post-title":"","ast-breadcrumbs-content":"","ast-featured-img":"","footer-sml-layout":"","ast-disable-related-posts":"","theme-transparent-header-meta":"default","adv-header-id-meta":"","stick-header-meta":"default","header-above-stick-meta":"","header-main-stick-meta":"","header-below-stick-meta":"","astra-migrate-meta-layouts":"default","ast-page-background-enabled":"default","ast-page-background-meta":{"desktop":{"background-color":"","background-image":"","background-repeat":"repeat","background-position":"center center","background-size":"auto","background-attachment":"scroll","background-type":"","background-media":"","overlay-type":"","overlay-color":"","overlay-opacity":"","overlay-gradient":""},"tablet":{"background-color":"","background-image":"","background-repeat":"repeat","background-position":"center center","background-size":"auto","background-attachment":"scroll","background-type":"","background-media":"","overlay-type":"","overlay-color":"","overlay-opacity":"","overlay-gradient":""},"mobile":{"background-color":"","background-image":"","background-repeat":"repeat","background-position":"center center","background-size":"auto","background-attachment":"scroll","background-type":"","background-media":"","overlay-type":"","overlay-color":"","overlay-opacity":"","overlay-gradient":""}},"ast-content-background-meta":{"desktop":{"background-color":"var(--ast-global-color-5)","background-image":"","background-repeat":"repeat","background-position":"center center","background-size":"auto","background-attachment":"scroll","background-type":"","background-media":"","overlay-type":"","overlay-color":"","overlay-opacity":"","overlay-gradient":""},"tablet":{"background-color":"var(--ast-global-color-5)","background-image":"","background-repeat":"repeat","background-position":"center center","background-size":"auto","background-attachment":"scroll","background-type":"","background-media":"","overlay-type":"","overlay-color":"","overlay-opacity":"","overlay-gradient":""},"mobile":{"background-color":"var(--ast-global-color-5)","background-image":"","background-repeat":"repeat","background-position":"center center","background-size":"auto","background-attachment":"scroll","background-type":"","background-media":"","overlay-type":"","overlay-color":"","overlay-opacity":"","overlay-gradient":""}}},"product_brand":[],"product_cat":[400],"product_tag":[478],"class_list":{"0":"post-4357","1":"product","2":"type-product","3":"status-publish","4":"has-post-thumbnail","6":"product_cat-cadre","7":"product_tag-cadre","8":"pa_aspect-ratio-11-fr","9":"pa_aspect-ratio-31-fr","10":"pa_aspect-ratio-32-fr","11":"pa_aspect-ratio-43-fr","12":"pa_color-blanc","13":"pa_color-chene","14":"pa_color-gris","15":"pa_color-noir","16":"pa_frame-cadre-nielsen","17":"pa_medium-papier-fr","18":"pa_model-aluminium","19":"pa_model-bois","20":"pa_size-extra-large-fr","21":"pa_size-grand","22":"pa_size-moyen","23":"pa_size-petit","24":"desktop-align-center","25":"tablet-align-center","26":"mobile-align-center","27":"ast-product-gallery-layout-horizontal-slider","28":"ast-product-single-variable","29":"ast-product-tabs-layout-horizontal","31":"first","32":"instock","33":"taxable","34":"shipping-taxable","35":"purchasable","36":"product-type-variable"},"composite_virtual":false,"composite_layout":"","composite_add_to_cart_form_location":"","composite_editable_in_cart":false,"composite_sold_individually_context":"","composite_shop_price_calc":"","composite_components":[],"composite_scenarios":[],"uagb_featured_image_src":{"full":["https:\/\/www.skywavenstudios.com\/wp-content\/uploads\/2022\/01\/black-color-frame.jpg",1200,1500,false],"thumbnail":["https:\/\/www.skywavenstudios.com\/wp-content\/uploads\/2022\/01\/black-color-frame-150x150.jpg",150,150,true],"medium":["https:\/\/www.skywavenstudios.com\/wp-content\/uploads\/2022\/01\/black-color-frame-240x300.jpg",240,300,true],"medium_large":["https:\/\/www.skywavenstudios.com\/wp-content\/uploads\/2022\/01\/black-color-frame-768x960.jpg",768,960,true],"large":["https:\/\/www.skywavenstudios.com\/wp-content\/uploads\/2022\/01\/black-color-frame-819x1024.jpg",819,1024,true],"1536x1536":["https:\/\/www.skywavenstudios.com\/wp-content\/uploads\/2022\/01\/black-color-frame.jpg",1200,1500,false],"2048x2048":["https:\/\/www.skywavenstudios.com\/wp-content\/uploads\/2022\/01\/black-color-frame.jpg",1200,1500,false],"woocommerce_thumbnail":["https:\/\/www.skywavenstudios.com\/wp-content\/uploads\/2022\/01\/black-color-frame-300x375.jpg",300,375,true],"woocommerce_single":["https:\/\/www.skywavenstudios.com\/wp-content\/uploads\/2022\/01\/black-color-frame-600x750.jpg",600,750,true],"woocommerce_gallery_thumbnail":["https:\/\/www.skywavenstudios.com\/wp-content\/uploads\/2022\/01\/black-color-frame-100x100.jpg",100,100,true]},"uagb_author_info":{"display_name":"Sebastien Kech","author_link":"https:\/\/www.skywavenstudios.com\/fr\/author\/"},"uagb_comment_info":0,"uagb_excerpt":"Tous les cadres propos\u00e9s sont des cadres haut de gamme pour la photographie d'art, utilis\u00e9s par les galeries de photos et les mus\u00e9es pour mettre en valeur et prot\u00e9ger les photos sur le long terme. Tous les cadres sont vendus avec un passe-partout blanc et un verre mus\u00e9e anti-reflet.","jetpack_sharing_enabled":true,"_links":{"self":[{"href":"https:\/\/www.skywavenstudios.com\/fr\/wp-json\/wp\/v2\/product\/4357","targetHints":{"allow":["GET"]}}],"collection":[{"href":"https:\/\/www.skywavenstudios.com\/fr\/wp-json\/wp\/v2\/product"}],"about":[{"href":"https:\/\/www.skywavenstudios.com\/fr\/wp-json\/wp\/v2\/types\/product"}],"wp:featuredmedia":[{"embeddable":true,"href":"https:\/\/www.skywavenstudios.com\/fr\/wp-json\/wp\/v2\/media\/68090"}],"wp:attachment":[{"href":"https:\/\/www.skywavenstudios.com\/fr\/wp-json\/wp\/v2\/media?parent=4357"}],"wp:term":[{"taxonomy":"product_brand","embeddable":true,"href":"https:\/\/www.skywavenstudios.com\/fr\/wp-json\/wp\/v2\/product_brand?post=4357"},{"taxonomy":"product_cat","embeddable":true,"href":"https:\/\/www.skywavenstudios.com\/fr\/wp-json\/wp\/v2\/product_cat?post=4357"},{"taxonomy":"product_tag","embeddable":true,"href":"https:\/\/www.skywavenstudios.com\/fr\/wp-json\/wp\/v2\/product_tag?post=4357"}],"curies":[{"name":"wp","href":"https:\/\/api.w.org\/{rel}","templated":true}]}}