{"id":7659,"date":"2022-01-25T19:46:48","date_gmt":"2022-01-25T18:46:48","guid":{"rendered":"https:\/\/skywavenstudios.com\/product\/cadre-flottant\/"},"modified":"2025-09-14T14:00:52","modified_gmt":"2025-09-14T12:00:52","slug":"cadre-flottant","status":"publish","type":"product","link":"https:\/\/www.skywavenstudios.com\/fr\/produit\/cadre-flottant\/","title":{"rendered":"Cadre flottant"},"content":{"rendered":"<p>Le cadre flottant est un cadre design et moderne, fabriqu\u00e9 sur mesure, qui met en valeur la photo et donne l&rsquo;impression qu&rsquo;elle flotte dans un bo\u00eetier.<br \/>\nCette finition est de plus en plus pris\u00e9e par les photographes et les galeries, mais aussi pour la d\u00e9coration d&rsquo;int\u00e9rieur.<br \/>\nElle apporte beaucoup de style et un effet original de profondeur.<\/p>\n<p>Tous les cadres flottants sont propos\u00e9s en aluminium noir, blanc ou gris naturel.<\/p>\n","protected":false},"excerpt":{"rendered":"<p>Le cadre flottant est un cadre design et moderne, fabriqu\u00e9 sur mesure, qui met en valeur la photo et donne l&rsquo;impression qu&rsquo;elle flotte dans un bo\u00eetier. Cette finition est de plus en plus pris\u00e9e par les photographes et les galeries, mais aussi pour la d\u00e9coration d&rsquo;int\u00e9rieur. Elle apporte beaucoup de style et un effet original [&hellip;]<\/p>\n","protected":false},"featured_media":7740,"template":"","meta":{"_uag_custom_page_level_css":"","site-sidebar-layout":"default","site-content-layout":"default","ast-site-content-layout":"default","site-content-style":"default","site-sidebar-style":"default","ast-global-header-display":"","ast-banner-title-visibility":"","ast-main-header-display":"","ast-hfb-above-header-display":"","ast-hfb-below-header-display":"","ast-hfb-mobile-header-display":"","site-post-title":"","ast-breadcrumbs-content":"","ast-featured-img":"","footer-sml-layout":"","ast-disable-related-posts":"","theme-transparent-header-meta":"default","adv-header-id-meta":"","stick-header-meta":"default","header-above-stick-meta":"","header-main-stick-meta":"","header-below-stick-meta":"","astra-migrate-meta-layouts":"default","ast-page-background-enabled":"default","ast-page-background-meta":{"desktop":{"background-color":"","background-image":"","background-repeat":"repeat","background-position":"center center","background-size":"auto","background-attachment":"scroll","background-type":"","background-media":"","overlay-type":"","overlay-color":"","overlay-opacity":"","overlay-gradient":""},"tablet":{"background-color":"","background-image":"","background-repeat":"repeat","background-position":"center center","background-size":"auto","background-attachment":"scroll","background-type":"","background-media":"","overlay-type":"","overlay-color":"","overlay-opacity":"","overlay-gradient":""},"mobile":{"background-color":"","background-image":"","background-repeat":"repeat","background-position":"center center","background-size":"auto","background-attachment":"scroll","background-type":"","background-media":"","overlay-type":"","overlay-color":"","overlay-opacity":"","overlay-gradient":""}},"ast-content-background-meta":{"desktop":{"background-color":"var(--ast-global-color-5)","background-image":"","background-repeat":"repeat","background-position":"center center","background-size":"auto","background-attachment":"scroll","background-type":"","background-media":"","overlay-type":"","overlay-color":"","overlay-opacity":"","overlay-gradient":""},"tablet":{"background-color":"var(--ast-global-color-5)","background-image":"","background-repeat":"repeat","background-position":"center center","background-size":"auto","background-attachment":"scroll","background-type":"","background-media":"","overlay-type":"","overlay-color":"","overlay-opacity":"","overlay-gradient":""},"mobile":{"background-color":"var(--ast-global-color-5)","background-image":"","background-repeat":"repeat","background-position":"center center","background-size":"auto","background-attachment":"scroll","background-type":"","background-media":"","overlay-type":"","overlay-color":"","overlay-opacity":"","overlay-gradient":""}}},"product_brand":[],"product_cat":[400],"product_tag":[478],"class_list":{"0":"post-7659","1":"product","2":"type-product","3":"status-publish","4":"has-post-thumbnail","6":"product_cat-cadre","7":"product_tag-cadre","8":"pa_aspect-ratio-11-fr","9":"pa_aspect-ratio-31-fr","10":"pa_aspect-ratio-32-fr","11":"pa_aspect-ratio-43-fr","12":"pa_color-blanc","13":"pa_color-gris","14":"pa_color-noir","15":"pa_medium-alu-dibond-fr","16":"pa_medium-plexiglas-fr","17":"pa_size-extra-large-fr","18":"pa_size-grand","19":"pa_size-moyen","20":"pa_size-petit","21":"desktop-align-center","22":"tablet-align-center","23":"mobile-align-center","24":"ast-product-gallery-layout-horizontal-slider","25":"ast-product-gallery-with-no-image","26":"ast-product-single-variable","27":"ast-product-tabs-layout-horizontal","29":"first","30":"instock","31":"taxable","32":"shipping-taxable","33":"purchasable","34":"product-type-variable"},"composite_virtual":false,"composite_layout":"","composite_add_to_cart_form_location":"","composite_editable_in_cart":false,"composite_sold_individually_context":"","composite_shop_price_calc":"","composite_components":[],"composite_scenarios":[],"uagb_featured_image_src":{"full":["https:\/\/www.skywavenstudios.com\/wp-content\/uploads\/2022\/01\/floater_frame-1.jpg",2000,1333,false],"thumbnail":["https:\/\/www.skywavenstudios.com\/wp-content\/uploads\/2022\/01\/floater_frame-1-150x150.jpg",150,150,true],"medium":["https:\/\/www.skywavenstudios.com\/wp-content\/uploads\/2022\/01\/floater_frame-1-300x200.jpg",300,200,true],"medium_large":["https:\/\/www.skywavenstudios.com\/wp-content\/uploads\/2022\/01\/floater_frame-1-768x512.jpg",768,512,true],"large":["https:\/\/www.skywavenstudios.com\/wp-content\/uploads\/2022\/01\/floater_frame-1-1024x682.jpg",1024,682,true],"1536x1536":["https:\/\/www.skywavenstudios.com\/wp-content\/uploads\/2022\/01\/floater_frame-1-1536x1024.jpg",1536,1024,true],"2048x2048":["https:\/\/www.skywavenstudios.com\/wp-content\/uploads\/2022\/01\/floater_frame-1.jpg",2000,1333,false],"woocommerce_thumbnail":["https:\/\/www.skywavenstudios.com\/wp-content\/uploads\/2022\/01\/floater_frame-1-300x200.jpg",300,200,true],"woocommerce_single":["https:\/\/www.skywavenstudios.com\/wp-content\/uploads\/2022\/01\/floater_frame-1-600x400.jpg",600,400,true],"woocommerce_gallery_thumbnail":["https:\/\/www.skywavenstudios.com\/wp-content\/uploads\/2022\/01\/floater_frame-1-100x100.jpg",100,100,true]},"uagb_author_info":{"display_name":"Sebastien Kech","author_link":"https:\/\/www.skywavenstudios.com\/fr\/author\/"},"uagb_comment_info":0,"uagb_excerpt":"Le cadre flottant est un cadre design et moderne, fabriqu\u00e9 sur mesure, qui met en valeur la photo et donne l&rsquo;impression qu&rsquo;elle flotte dans un bo\u00eetier. Cette finition est de plus en plus pris\u00e9e par les photographes et les galeries, mais aussi pour la d\u00e9coration d&rsquo;int\u00e9rieur. Elle apporte beaucoup de style et un effet original\u2026","jetpack_sharing_enabled":true,"_links":{"self":[{"href":"https:\/\/www.skywavenstudios.com\/fr\/wp-json\/wp\/v2\/product\/7659","targetHints":{"allow":["GET"]}}],"collection":[{"href":"https:\/\/www.skywavenstudios.com\/fr\/wp-json\/wp\/v2\/product"}],"about":[{"href":"https:\/\/www.skywavenstudios.com\/fr\/wp-json\/wp\/v2\/types\/product"}],"wp:featuredmedia":[{"embeddable":true,"href":"https:\/\/www.skywavenstudios.com\/fr\/wp-json\/wp\/v2\/media\/7740"}],"wp:attachment":[{"href":"https:\/\/www.skywavenstudios.com\/fr\/wp-json\/wp\/v2\/media?parent=7659"}],"wp:term":[{"taxonomy":"product_brand","embeddable":true,"href":"https:\/\/www.skywavenstudios.com\/fr\/wp-json\/wp\/v2\/product_brand?post=7659"},{"taxonomy":"product_cat","embeddable":true,"href":"https:\/\/www.skywavenstudios.com\/fr\/wp-json\/wp\/v2\/product_cat?post=7659"},{"taxonomy":"product_tag","embeddable":true,"href":"https:\/\/www.skywavenstudios.com\/fr\/wp-json\/wp\/v2\/product_tag?post=7659"}],"curies":[{"name":"wp","href":"https:\/\/api.w.org\/{rel}","templated":true}]}}