{"id":8403,"date":"2022-01-31T20:47:27","date_gmt":"2022-01-31T19:47:27","guid":{"rendered":"https:\/\/skywavenstudios.com\/product\/chassis-retractable\/"},"modified":"2022-02-17T01:12:49","modified_gmt":"2022-02-17T00:12:49","slug":"chassis-rentrant","status":"publish","type":"product","link":"https:\/\/www.skywavenstudios.com\/fr\/produit\/chassis-rentrant\/","title":{"rendered":"Ch\u00e2ssis rentrant"},"content":{"rendered":"<p>Le ch\u00e2ssis rentrant en aluminium est appos\u00e9 au verso du tirage imprim\u00e9 ou contrecoll\u00e9 sur un support rigide avec un retrait d&rsquo;environ 10 cm.<br \/>\nGr\u00e2ce \u00e0 sa structure invisible, il donne l&rsquo;impression, une fois fix\u00e9e au mur, d&rsquo;une sensation d&rsquo;image flottante avec un plus grand relief.<\/p>\n","protected":false},"excerpt":{"rendered":"<p>Le ch\u00e2ssis rentrant en aluminium est fix\u00e9 au dos de l&rsquo;impression avec un retrait d&rsquo;environ 10 cm.<\/p>\n","protected":false},"featured_media":8665,"template":"","meta":{"_uag_custom_page_level_css":"","site-sidebar-layout":"default","site-content-layout":"default","ast-site-content-layout":"default","site-content-style":"default","site-sidebar-style":"default","ast-global-header-display":"","ast-banner-title-visibility":"","ast-main-header-display":"","ast-hfb-above-header-display":"","ast-hfb-below-header-display":"","ast-hfb-mobile-header-display":"","site-post-title":"","ast-breadcrumbs-content":"","ast-featured-img":"","footer-sml-layout":"","ast-disable-related-posts":"","theme-transparent-header-meta":"default","adv-header-id-meta":"","stick-header-meta":"default","header-above-stick-meta":"","header-main-stick-meta":"","header-below-stick-meta":"","astra-migrate-meta-layouts":"default","ast-page-background-enabled":"default","ast-page-background-meta":{"desktop":{"background-color":"","background-image":"","background-repeat":"repeat","background-position":"center center","background-size":"auto","background-attachment":"scroll","background-type":"","background-media":"","overlay-type":"","overlay-color":"","overlay-opacity":"","overlay-gradient":""},"tablet":{"background-color":"","background-image":"","background-repeat":"repeat","background-position":"center center","background-size":"auto","background-attachment":"scroll","background-type":"","background-media":"","overlay-type":"","overlay-color":"","overlay-opacity":"","overlay-gradient":""},"mobile":{"background-color":"","background-image":"","background-repeat":"repeat","background-position":"center center","background-size":"auto","background-attachment":"scroll","background-type":"","background-media":"","overlay-type":"","overlay-color":"","overlay-opacity":"","overlay-gradient":""}},"ast-content-background-meta":{"desktop":{"background-color":"var(--ast-global-color-5)","background-image":"","background-repeat":"repeat","background-position":"center center","background-size":"auto","background-attachment":"scroll","background-type":"","background-media":"","overlay-type":"","overlay-color":"","overlay-opacity":"","overlay-gradient":""},"tablet":{"background-color":"var(--ast-global-color-5)","background-image":"","background-repeat":"repeat","background-position":"center center","background-size":"auto","background-attachment":"scroll","background-type":"","background-media":"","overlay-type":"","overlay-color":"","overlay-opacity":"","overlay-gradient":""},"mobile":{"background-color":"var(--ast-global-color-5)","background-image":"","background-repeat":"repeat","background-position":"center center","background-size":"auto","background-attachment":"scroll","background-type":"","background-media":"","overlay-type":"","overlay-color":"","overlay-opacity":"","overlay-gradient":""}}},"product_brand":[],"product_cat":[400],"product_tag":[478],"class_list":{"0":"post-8403","1":"product","2":"type-product","3":"status-publish","4":"has-post-thumbnail","6":"product_cat-cadre","7":"product_tag-cadre","8":"pa_aspect-ratio-11-fr","9":"pa_aspect-ratio-31-fr","10":"pa_aspect-ratio-32-fr","11":"pa_aspect-ratio-43-fr","12":"pa_frame-chassis-rentrant","13":"pa_medium-alu-dibond-fr","14":"pa_medium-plexiglas-fr","15":"pa_size-extra-large-fr","16":"pa_size-grand","17":"pa_size-moyen","18":"pa_size-petit","19":"desktop-align-center","20":"tablet-align-center","21":"mobile-align-center","22":"ast-product-gallery-layout-horizontal-slider","23":"ast-product-gallery-with-no-image","24":"ast-product-single-variable","25":"ast-product-tabs-layout-horizontal","27":"first","28":"instock","29":"taxable","30":"shipping-taxable","31":"purchasable","32":"product-type-variable"},"composite_virtual":false,"composite_layout":"","composite_add_to_cart_form_location":"","composite_editable_in_cart":false,"composite_sold_individually_context":"","composite_shop_price_calc":"","composite_components":[],"composite_scenarios":[],"uagb_featured_image_src":{"full":["https:\/\/www.skywavenstudios.com\/wp-content\/uploads\/2022\/01\/chassis_rentrant.jpg",652,436,false],"thumbnail":["https:\/\/www.skywavenstudios.com\/wp-content\/uploads\/2022\/01\/chassis_rentrant-150x150.jpg",150,150,true],"medium":["https:\/\/www.skywavenstudios.com\/wp-content\/uploads\/2022\/01\/chassis_rentrant-300x201.jpg",300,201,true],"medium_large":["https:\/\/www.skywavenstudios.com\/wp-content\/uploads\/2022\/01\/chassis_rentrant.jpg",652,436,false],"large":["https:\/\/www.skywavenstudios.com\/wp-content\/uploads\/2022\/01\/chassis_rentrant.jpg",652,436,false],"1536x1536":["https:\/\/www.skywavenstudios.com\/wp-content\/uploads\/2022\/01\/chassis_rentrant.jpg",652,436,false],"2048x2048":["https:\/\/www.skywavenstudios.com\/wp-content\/uploads\/2022\/01\/chassis_rentrant.jpg",652,436,false],"woocommerce_thumbnail":["https:\/\/www.skywavenstudios.com\/wp-content\/uploads\/2022\/01\/chassis_rentrant-300x201.jpg",300,201,true],"woocommerce_single":["https:\/\/www.skywavenstudios.com\/wp-content\/uploads\/2022\/01\/chassis_rentrant-600x401.jpg",600,401,true],"woocommerce_gallery_thumbnail":["https:\/\/www.skywavenstudios.com\/wp-content\/uploads\/2022\/01\/chassis_rentrant-100x100.jpg",100,100,true]},"uagb_author_info":{"display_name":"Sebastien Kech","author_link":"https:\/\/www.skywavenstudios.com\/fr\/author\/"},"uagb_comment_info":0,"uagb_excerpt":"Le ch\u00e2ssis rentrant en aluminium est fix\u00e9 au dos de l'impression avec un retrait d'environ 10 cm.","jetpack_sharing_enabled":true,"_links":{"self":[{"href":"https:\/\/www.skywavenstudios.com\/fr\/wp-json\/wp\/v2\/product\/8403","targetHints":{"allow":["GET"]}}],"collection":[{"href":"https:\/\/www.skywavenstudios.com\/fr\/wp-json\/wp\/v2\/product"}],"about":[{"href":"https:\/\/www.skywavenstudios.com\/fr\/wp-json\/wp\/v2\/types\/product"}],"wp:featuredmedia":[{"embeddable":true,"href":"https:\/\/www.skywavenstudios.com\/fr\/wp-json\/wp\/v2\/media\/8665"}],"wp:attachment":[{"href":"https:\/\/www.skywavenstudios.com\/fr\/wp-json\/wp\/v2\/media?parent=8403"}],"wp:term":[{"taxonomy":"product_brand","embeddable":true,"href":"https:\/\/www.skywavenstudios.com\/fr\/wp-json\/wp\/v2\/product_brand?post=8403"},{"taxonomy":"product_cat","embeddable":true,"href":"https:\/\/www.skywavenstudios.com\/fr\/wp-json\/wp\/v2\/product_cat?post=8403"},{"taxonomy":"product_tag","embeddable":true,"href":"https:\/\/www.skywavenstudios.com\/fr\/wp-json\/wp\/v2\/product_tag?post=8403"}],"curies":[{"name":"wp","href":"https:\/\/api.w.org\/{rel}","templated":true}]}}