{"id":9245,"date":"2022-02-02T20:41:57","date_gmt":"2022-02-02T19:41:57","guid":{"rendered":"https:\/\/skywavenstudios.com\/?post_type=product&#038;p=9245"},"modified":"2025-09-14T14:16:43","modified_gmt":"2025-09-14T12:16:43","slug":"impression-43","status":"publish","type":"product","link":"https:\/\/www.skywavenstudios.com\/fr\/produit\/impression-43\/","title":{"rendered":"Impression &#8211; 4:3"},"content":{"rendered":"<p>Tous les tirages sont r\u00e9alis\u00e9s dans un laboratoire d&rsquo;impression de photographie d&rsquo;art et sont v\u00e9rifi\u00e9s avec un contr\u00f4le de haute qualit\u00e9. Un certificat d&rsquo;authenticit\u00e9 sera d\u00e9livr\u00e9.<\/p>\n<p>Trois supports diff\u00e9rents sont propos\u00e9s pour les tirages :<\/p>\n<ul>\n<li><strong>Impression papier<\/strong> : Nous choisissons le meilleur papier pour la photo que vous souhaitez imprimer. N&rsquo;h\u00e9sitez pas \u00e0 mentionner le type de papier si vous avez une pr\u00e9f\u00e9rence. Tous les papiers utilis\u00e9s sont des papiers de r\u00e9f\u00e9rence pour la photographie d&rsquo;art et utilis\u00e9s pour des expositions dans le monde entier. Voici quelques papiers utilisables :\n<ul>\n<li><em>Hahnem\u00fchle &#8211; Photo Rag Bright White 310 g\/m2 (mat, blanc froid)<\/em><\/li>\n<li><em>Hahnem\u00fchle &#8211; Photo Rag 308 g\/m2 (mat, blanc chaud)<\/em><\/li>\n<li><em>Hahnem\u00fchle &#8211; Museum Etching 350 g\/m2 (mat, blanc chaud, textur\u00e9)<\/em><\/li>\n<li><em>Hahnem\u00fchle &#8211; Fine Art Baryta 325 g\/m2 (satin\u00e9, blanc froid)<\/em><\/li>\n<\/ul>\n<\/li>\n<li><strong>Tirage aluminium dibond<\/strong> : Tirage sur papier (description ci-dessus) contrecoll\u00e9 sur un aluminium dibond 3 mm. Le contrecollage sur dibond garantit \u00e0 la photographie une parfaite rigidit\u00e9 et une excellente durabilit\u00e9, quel que soit le format choisi. Le support est recherch\u00e9 pour sa sobri\u00e9t\u00e9, il est aussi moins volumineux que le tirage encadr\u00e9. A la fois l\u00e9ger et robuste, sans vitrage, il a un look puriste.<\/li>\n<li><strong>Impression acrylique<\/strong> : Impression sur papier (description ci-dessus) coll\u00e9e entre un dibond 3 mm et une plaque acrylique. Il rehausse les couleurs et donne \u00e0 la photo un effet de brillance et de profondeur incroyable. Le verre acrylique est r\u00e9sistant aux UV et \u00e0 l&rsquo;humidit\u00e9, ce qui prot\u00e8ge durablement les couleurs de votre photo.<\/li>\n<\/ul>\n<p>Quatre tailles diff\u00e9rentes sont propos\u00e9es :<\/p>\n<ul>\n<li><strong>Petit<\/strong>: 40 x 30 cm<\/li>\n<li><strong>Moyen<\/strong>: 60 x 45 cm<\/li>\n<li><strong>Grand<\/strong>: 80 x 60 cm<\/li>\n<li><strong>Extra large<\/strong>: 120 x 90 cm<\/li>\n<\/ul>\n<p>Veuillez noter que si vous commandez un cadre, les dimensions seront plus grandes \u00e0 cause du cadre.<\/p>\n","protected":false},"excerpt":{"rendered":"<p>Tous les tirages sont r\u00e9alis\u00e9s dans un laboratoire d&rsquo;impression de photographies d&rsquo;art, soumis \u00e0 un contr\u00f4le de qualit\u00e9 \u00e9lev\u00e9, et livr\u00e9s avec un certificat d&rsquo;authenticit\u00e9. Trois supports diff\u00e9rents sont propos\u00e9s pour les tirages :<\/p>\n<ul>\n<li><strong>Impression papier<\/strong> : Nous choisissons le meilleur papier pour la photo que vous souhaitez imprimer. Tous les papiers utilis\u00e9s sont des papiers pour la photographie d&rsquo;art.<\/li>\n<li><strong>Tirage aluminium dibond<\/strong> : Tirage sur papier contrecoll\u00e9 sur une plaque d&rsquo;aluminium dibond 3 mm.<\/li>\n<li><strong>Impression acrylique<\/strong> : Impression sur papier coll\u00e9 entre un dibond 3 mm et une plaque acrylique.<\/li>\n<\/ul>\n<p>Quatre tailles d&rsquo;impression diff\u00e9rentes sont propos\u00e9es : <strong>Petite <\/strong>(40 x 30 cm), <strong>Moyenne <\/strong>(60 x 45 cm), <strong>Grande <\/strong>(80 x 60 cm), <strong>Tr\u00e8s grande <\/strong>(120 x 90 cm). Les dimensions seront plus grandes si vous commandez un cadre.<\/p>\n","protected":false},"featured_media":68098,"template":"","meta":{"_uag_custom_page_level_css":"","site-sidebar-layout":"default","site-content-layout":"default","ast-site-content-layout":"default","site-content-style":"default","site-sidebar-style":"default","ast-global-header-display":"","ast-banner-title-visibility":"","ast-main-header-display":"","ast-hfb-above-header-display":"","ast-hfb-below-header-display":"","ast-hfb-mobile-header-display":"","site-post-title":"","ast-breadcrumbs-content":"","ast-featured-img":"","footer-sml-layout":"","ast-disable-related-posts":"","theme-transparent-header-meta":"default","adv-header-id-meta":"","stick-header-meta":"default","header-above-stick-meta":"","header-main-stick-meta":"","header-below-stick-meta":"","astra-migrate-meta-layouts":"default","ast-page-background-enabled":"default","ast-page-background-meta":{"desktop":{"background-color":"","background-image":"","background-repeat":"repeat","background-position":"center center","background-size":"auto","background-attachment":"scroll","background-type":"","background-media":"","overlay-type":"","overlay-color":"","overlay-opacity":"","overlay-gradient":""},"tablet":{"background-color":"","background-image":"","background-repeat":"repeat","background-position":"center center","background-size":"auto","background-attachment":"scroll","background-type":"","background-media":"","overlay-type":"","overlay-color":"","overlay-opacity":"","overlay-gradient":""},"mobile":{"background-color":"","background-image":"","background-repeat":"repeat","background-position":"center center","background-size":"auto","background-attachment":"scroll","background-type":"","background-media":"","overlay-type":"","overlay-color":"","overlay-opacity":"","overlay-gradient":""}},"ast-content-background-meta":{"desktop":{"background-color":"var(--ast-global-color-5)","background-image":"","background-repeat":"repeat","background-position":"center center","background-size":"auto","background-attachment":"scroll","background-type":"","background-media":"","overlay-type":"","overlay-color":"","overlay-opacity":"","overlay-gradient":""},"tablet":{"background-color":"var(--ast-global-color-5)","background-image":"","background-repeat":"repeat","background-position":"center center","background-size":"auto","background-attachment":"scroll","background-type":"","background-media":"","overlay-type":"","overlay-color":"","overlay-opacity":"","overlay-gradient":""},"mobile":{"background-color":"var(--ast-global-color-5)","background-image":"","background-repeat":"repeat","background-position":"center center","background-size":"auto","background-attachment":"scroll","background-type":"","background-media":"","overlay-type":"","overlay-color":"","overlay-opacity":"","overlay-gradient":""}}},"product_brand":[],"product_cat":[511,392],"product_tag":[481],"class_list":{"0":"post-9245","1":"product","2":"type-product","3":"status-publish","4":"has-post-thumbnail","6":"product_cat-impression-rapport-43","7":"product_cat-tirage","8":"product_tag-imprimer","9":"pa_aspect-ratio-43-fr","10":"pa_frame-cadre","11":"pa_frame-caisse-americaine","12":"pa_frame-pas-de-cadre","13":"pa_medium-alu-dibond-fr","14":"pa_medium-papier-fr","15":"pa_medium-plexiglas-fr","16":"pa_size-extra-large-fr","17":"pa_size-grand","18":"pa_size-moyen","19":"pa_size-petit","20":"desktop-align-center","21":"tablet-align-center","22":"mobile-align-center","23":"ast-product-gallery-layout-horizontal-slider","24":"ast-product-gallery-with-no-image","25":"ast-product-single-variable","26":"ast-product-tabs-layout-horizontal","28":"first","29":"instock","30":"taxable","31":"shipping-taxable","32":"purchasable","33":"product-type-variable","34":"has-default-attributes"},"composite_virtual":false,"composite_layout":"","composite_add_to_cart_form_location":"","composite_editable_in_cart":false,"composite_sold_individually_context":"","composite_shop_price_calc":"","composite_components":[],"composite_scenarios":[],"uagb_featured_image_src":{"full":["https:\/\/www.skywavenstudios.com\/wp-content\/uploads\/2022\/01\/print-1.jpg",1158,774,false],"thumbnail":["https:\/\/www.skywavenstudios.com\/wp-content\/uploads\/2022\/01\/print-1-150x150.jpg",150,150,true],"medium":["https:\/\/www.skywavenstudios.com\/wp-content\/uploads\/2022\/01\/print-1-300x201.jpg",300,201,true],"medium_large":["https:\/\/www.skywavenstudios.com\/wp-content\/uploads\/2022\/01\/print-1-768x513.jpg",768,513,true],"large":["https:\/\/www.skywavenstudios.com\/wp-content\/uploads\/2022\/01\/print-1-1024x684.jpg",1024,684,true],"1536x1536":["https:\/\/www.skywavenstudios.com\/wp-content\/uploads\/2022\/01\/print-1.jpg",1158,774,false],"2048x2048":["https:\/\/www.skywavenstudios.com\/wp-content\/uploads\/2022\/01\/print-1.jpg",1158,774,false],"woocommerce_thumbnail":["https:\/\/www.skywavenstudios.com\/wp-content\/uploads\/2022\/01\/print-1-300x201.jpg",300,201,true],"woocommerce_single":["https:\/\/www.skywavenstudios.com\/wp-content\/uploads\/2022\/01\/print-1-600x401.jpg",600,401,true],"woocommerce_gallery_thumbnail":["https:\/\/www.skywavenstudios.com\/wp-content\/uploads\/2022\/01\/print-1-100x100.jpg",100,100,true]},"uagb_author_info":{"display_name":"Sebastien Kech","author_link":"https:\/\/www.skywavenstudios.com\/fr\/author\/"},"uagb_comment_info":0,"uagb_excerpt":"Tous les tirages sont r\u00e9alis\u00e9s dans un laboratoire d'impression de photographies d'art, soumis \u00e0 un contr\u00f4le de qualit\u00e9 \u00e9lev\u00e9, et livr\u00e9s avec un certificat d'authenticit\u00e9. Trois supports diff\u00e9rents sont propos\u00e9s pour les tirages : Impression papier : Nous choisissons le meilleur papier pour la photo que vous souhaitez imprimer. Tous les papiers utilis\u00e9s sont des\u2026","jetpack_sharing_enabled":true,"_links":{"self":[{"href":"https:\/\/www.skywavenstudios.com\/fr\/wp-json\/wp\/v2\/product\/9245","targetHints":{"allow":["GET"]}}],"collection":[{"href":"https:\/\/www.skywavenstudios.com\/fr\/wp-json\/wp\/v2\/product"}],"about":[{"href":"https:\/\/www.skywavenstudios.com\/fr\/wp-json\/wp\/v2\/types\/product"}],"wp:featuredmedia":[{"embeddable":true,"href":"https:\/\/www.skywavenstudios.com\/fr\/wp-json\/wp\/v2\/media\/68098"}],"wp:attachment":[{"href":"https:\/\/www.skywavenstudios.com\/fr\/wp-json\/wp\/v2\/media?parent=9245"}],"wp:term":[{"taxonomy":"product_brand","embeddable":true,"href":"https:\/\/www.skywavenstudios.com\/fr\/wp-json\/wp\/v2\/product_brand?post=9245"},{"taxonomy":"product_cat","embeddable":true,"href":"https:\/\/www.skywavenstudios.com\/fr\/wp-json\/wp\/v2\/product_cat?post=9245"},{"taxonomy":"product_tag","embeddable":true,"href":"https:\/\/www.skywavenstudios.com\/fr\/wp-json\/wp\/v2\/product_tag?post=9245"}],"curies":[{"name":"wp","href":"https:\/\/api.w.org\/{rel}","templated":true}]}}